{"id":1367659,"date":"2025-07-07T17:16:27","date_gmt":"2025-07-07T14:16:27","guid":{"rendered":"https:\/\/games.tactic.net\/tuote\/bruder-accessories-light-and-sound-module-trucks\/"},"modified":"2025-07-07T17:16:27","modified_gmt":"2025-07-07T14:16:27","slug":"bruder-accessories-light-and-sound-module-trucks","status":"publish","type":"product","link":"https:\/\/games.tactic.net\/da\/tuote\/bruder-accessories-light-and-sound-module-trucks\/","title":{"rendered":"Bruder Accessories Light and Sound Module trucks"},"content":{"rendered":"<p>Det nye lys- og lydmodul til lastbiler har et imponerende, moderne design og forbedrer alle BRUDER-lastbiler.<br \/>\nFire forskellige funktionsknapper giver mulighed for at gengive lyde som motorst\u00f8j, politisirener, brandsirener og endda et kortvarigt &#8220;yelp&#8221;-signal i cirka 20 sekunder. &#8220;Yelp&#8221;-signalet er s\u00e6rligt velegnet i t\u00e6t trafik og ved vejkryds for at tiltr\u00e6kke ekstra opm\u00e6rksomhed, n\u00e5r udrykningsk\u00f8ret\u00f8jerne har blink og sirener aktiveret.  <\/p>\n<p>Lysfunktionen aktiveres samtidig med den tilsvarende lyd. Modulet giver mulighed for at montere to bl\u00e5 lys (f.eks. politi), to orange lys (f.eks. servicek\u00f8ret\u00f8jer) og \u00e9t r\u00f8dt lys (f.eks. amerikanske udrykningsk\u00f8ret\u00f8jer) i en valgfri kombination.<\/p>\n","protected":false},"excerpt":{"rendered":"<p>Bruder Tilbeh\u00f8r Lys- og lydmodul lastbiler<\/p>\n","protected":false},"featured_media":0,"template":"","meta":{"content-type":"","_monsterinsights_skip_tracking":false,"_monsterinsights_sitenote_active":false,"_monsterinsights_sitenote_note":"","_monsterinsights_sitenote_category":0},"product_brand":[],"product_cat":[1498],"product_tag":[],"brand":[],"target-group":[],"discontinued":[],"class_list":{"0":"post-1367659","1":"product","2":"type-product","3":"status-publish","5":"product_cat-bruder-legetoej","7":"first","8":"instock","9":"taxable","10":"shipping-taxable","11":"product-type-simple"},"aioseo_notices":[],"_links":{"self":[{"href":"https:\/\/games.tactic.net\/da\/wp-json\/wp\/v2\/product\/1367659","targetHints":{"allow":["GET"]}}],"collection":[{"href":"https:\/\/games.tactic.net\/da\/wp-json\/wp\/v2\/product"}],"about":[{"href":"https:\/\/games.tactic.net\/da\/wp-json\/wp\/v2\/types\/product"}],"wp:attachment":[{"href":"https:\/\/games.tactic.net\/da\/wp-json\/wp\/v2\/media?parent=1367659"}],"wp:term":[{"taxonomy":"product_brand","embeddable":true,"href":"https:\/\/games.tactic.net\/da\/wp-json\/wp\/v2\/product_brand?post=1367659"},{"taxonomy":"product_cat","embeddable":true,"href":"https:\/\/games.tactic.net\/da\/wp-json\/wp\/v2\/product_cat?post=1367659"},{"taxonomy":"product_tag","embeddable":true,"href":"https:\/\/games.tactic.net\/da\/wp-json\/wp\/v2\/product_tag?post=1367659"},{"taxonomy":"brand","embeddable":true,"href":"https:\/\/games.tactic.net\/da\/wp-json\/wp\/v2\/brand?post=1367659"},{"taxonomy":"target-group","embeddable":true,"href":"https:\/\/games.tactic.net\/da\/wp-json\/wp\/v2\/target-group?post=1367659"},{"taxonomy":"discontinued","embeddable":true,"href":"https:\/\/games.tactic.net\/da\/wp-json\/wp\/v2\/discontinued?post=1367659"}],"curies":[{"name":"wp","href":"https:\/\/api.w.org\/{rel}","templated":true}]}}