{"id":1367656,"date":"2025-07-07T17:16:09","date_gmt":"2025-07-07T14:16:09","guid":{"rendered":"https:\/\/games.tactic.net\/tuote\/magnetic-tiles-set-61-pcs\/"},"modified":"2025-07-07T17:16:09","modified_gmt":"2025-07-07T14:16:09","slug":"magnetic-tiles-set-61-pcs","status":"publish","type":"product","link":"https:\/\/games.tactic.net\/da\/tuote\/magnetic-tiles-set-61-pcs\/","title":{"rendered":"Magnetic Tiles set 61 pcs"},"content":{"rendered":"<p>Lad os tilf\u00f8je lidt magnetisk kreativitet til legen! Med disse farverige magnetiske fliser i forskellige former kan du lade fantasien flyve og bygge n\u00e6sten hvad som helst! Du kan enten f\u00f8lge id\u00e9h\u00e6ftet, der f\u00f8lger med produktet, eller lade fantasien bestemme. PicassoTiles\u2019 magnetiske elementer er kompatible med hinanden, s\u00e5 jo flere fliser du har, desto st\u00f8rre bygger kan du blive!<\/p>\n","protected":false},"excerpt":{"rendered":"<p>Med dette 61-delte PicassoTiles magnetiske bygges\u00e6t kan du lade din kreativitet skinne!<\/p>\n","protected":false},"featured_media":0,"template":"","meta":{"content-type":"","_monsterinsights_skip_tracking":false,"_monsterinsights_sitenote_active":false,"_monsterinsights_sitenote_note":"","_monsterinsights_sitenote_category":0},"product_brand":[],"product_cat":[2293],"product_tag":[],"brand":[],"target-group":[],"discontinued":[],"class_list":{"0":"post-1367656","1":"product","2":"type-product","3":"status-publish","5":"product_cat-picassotiles-legetoej","7":"first","8":"instock","9":"taxable","10":"shipping-taxable","11":"product-type-simple"},"aioseo_notices":[],"_links":{"self":[{"href":"https:\/\/games.tactic.net\/da\/wp-json\/wp\/v2\/product\/1367656","targetHints":{"allow":["GET"]}}],"collection":[{"href":"https:\/\/games.tactic.net\/da\/wp-json\/wp\/v2\/product"}],"about":[{"href":"https:\/\/games.tactic.net\/da\/wp-json\/wp\/v2\/types\/product"}],"wp:attachment":[{"href":"https:\/\/games.tactic.net\/da\/wp-json\/wp\/v2\/media?parent=1367656"}],"wp:term":[{"taxonomy":"product_brand","embeddable":true,"href":"https:\/\/games.tactic.net\/da\/wp-json\/wp\/v2\/product_brand?post=1367656"},{"taxonomy":"product_cat","embeddable":true,"href":"https:\/\/games.tactic.net\/da\/wp-json\/wp\/v2\/product_cat?post=1367656"},{"taxonomy":"product_tag","embeddable":true,"href":"https:\/\/games.tactic.net\/da\/wp-json\/wp\/v2\/product_tag?post=1367656"},{"taxonomy":"brand","embeddable":true,"href":"https:\/\/games.tactic.net\/da\/wp-json\/wp\/v2\/brand?post=1367656"},{"taxonomy":"target-group","embeddable":true,"href":"https:\/\/games.tactic.net\/da\/wp-json\/wp\/v2\/target-group?post=1367656"},{"taxonomy":"discontinued","embeddable":true,"href":"https:\/\/games.tactic.net\/da\/wp-json\/wp\/v2\/discontinued?post=1367656"}],"curies":[{"name":"wp","href":"https:\/\/api.w.org\/{rel}","templated":true}]}}