{"id":1367118,"date":"2025-06-16T11:18:19","date_gmt":"2025-06-16T08:18:19","guid":{"rendered":"https:\/\/games.tactic.net\/tuote\/new-holland-t5-120-with-fl-loading-box-forks1ro\/"},"modified":"2025-06-16T11:18:19","modified_gmt":"2025-06-16T08:18:19","slug":"new-holland-t5-120-with-fl-loading-box-forks1ro","status":"publish","type":"product","link":"https:\/\/games.tactic.net\/da\/tuote\/new-holland-t5-120-with-fl-loading-box-forks1ro\/","title":{"rendered":"New Holland T5.120 with FL, loading box, forks+1ro"},"content":{"rendered":"<p>Den nye New Holland T5 er designet som en alsidig allrounder til moderne landbrug. Mange udstyrsvarianter, fremragende k\u00f8rekomfort og effektivt br\u00e6ndstofforbrug g\u00f8r den til en p\u00e5lidelig partner til brug under alle forhold. Denne kompakte, men meget kraftfulde traktor er den seneste tilf\u00f8jelse til BRUDERs omfattende fl\u00e5de af traktorer, som er kendt for sine virkelighedstro detaljer. Naturligvis har denne traktor ogs\u00e5 de samme egenskaber som sine staldkammerater, f.eks. den terr\u00e6ng\u00e5ende foraksel eller den ekstra tr\u00e6kstang. Denne traktor kan ogs\u00e5 kombineres med n\u00e6sten alle landbrugsredskaber fra BRUDERs sortiment. Den nye Bruder-dumpboks med gafler er allerede inkluderet i dette s\u00e6t, hvilket betyder endnu mere legev\u00e6rdi.<\/p>\n","protected":false},"excerpt":{"rendered":"<p>New Holland T5.120 med slip-on frontl\u00e6sser, t\u00f8mningskasse og gafler.<\/p>\n","protected":false},"featured_media":0,"template":"","meta":{"content-type":"","_monsterinsights_skip_tracking":false,"_monsterinsights_sitenote_active":false,"_monsterinsights_sitenote_note":"","_monsterinsights_sitenote_category":0},"product_brand":[],"product_cat":[1498],"product_tag":[],"brand":[],"target-group":[],"discontinued":[],"class_list":{"0":"post-1367118","1":"product","2":"type-product","3":"status-publish","5":"product_cat-bruder-legetoej","7":"first","8":"instock","9":"taxable","10":"shipping-taxable","11":"product-type-simple"},"aioseo_notices":[],"_links":{"self":[{"href":"https:\/\/games.tactic.net\/da\/wp-json\/wp\/v2\/product\/1367118","targetHints":{"allow":["GET"]}}],"collection":[{"href":"https:\/\/games.tactic.net\/da\/wp-json\/wp\/v2\/product"}],"about":[{"href":"https:\/\/games.tactic.net\/da\/wp-json\/wp\/v2\/types\/product"}],"wp:attachment":[{"href":"https:\/\/games.tactic.net\/da\/wp-json\/wp\/v2\/media?parent=1367118"}],"wp:term":[{"taxonomy":"product_brand","embeddable":true,"href":"https:\/\/games.tactic.net\/da\/wp-json\/wp\/v2\/product_brand?post=1367118"},{"taxonomy":"product_cat","embeddable":true,"href":"https:\/\/games.tactic.net\/da\/wp-json\/wp\/v2\/product_cat?post=1367118"},{"taxonomy":"product_tag","embeddable":true,"href":"https:\/\/games.tactic.net\/da\/wp-json\/wp\/v2\/product_tag?post=1367118"},{"taxonomy":"brand","embeddable":true,"href":"https:\/\/games.tactic.net\/da\/wp-json\/wp\/v2\/brand?post=1367118"},{"taxonomy":"target-group","embeddable":true,"href":"https:\/\/games.tactic.net\/da\/wp-json\/wp\/v2\/target-group?post=1367118"},{"taxonomy":"discontinued","embeddable":true,"href":"https:\/\/games.tactic.net\/da\/wp-json\/wp\/v2\/discontinued?post=1367118"}],"curies":[{"name":"wp","href":"https:\/\/api.w.org\/{rel}","templated":true}]}}