{"id":1367064,"date":"2025-06-04T18:16:30","date_gmt":"2025-06-04T15:16:30","guid":{"rendered":"https:\/\/games.tactic.net\/tuote\/1000-pcs-puzzle-gullfoss-iceland\/"},"modified":"2025-06-04T18:16:30","modified_gmt":"2025-06-04T15:16:30","slug":"1000-pcs-puzzle-gullfoss-iceland","status":"publish","type":"product","link":"https:\/\/games.tactic.net\/da\/tuote\/1000-pcs-puzzle-gullfoss-iceland\/","title":{"rendered":"1000 pcs puzzle: Gullfoss, Iceland\u200b"},"content":{"rendered":"<p>Puzzle Lovers 1000 er en serie af sjove puslespil til b\u00e5de ivrige begyndere og \u00e6gte pusleelskere. Hvert puslespil best\u00e5r af 1000 brikker af h\u00f8j kvalitet.<\/p>\n","protected":false},"excerpt":{"rendered":"<p>1000 pcs puzzle: Gullfoss, Iceland\u200b.<\/p>\n","protected":false},"featured_media":0,"template":"","meta":{"content-type":"","_monsterinsights_skip_tracking":false,"_monsterinsights_sitenote_active":false,"_monsterinsights_sitenote_note":"","_monsterinsights_sitenote_category":0},"product_brand":[],"product_cat":[946],"product_tag":[],"brand":[{"id":650,"name":"PuzzleLovers","slug":"puzzlelovers_dk"}],"target-group":[],"discontinued":[],"class_list":{"0":"post-1367064","1":"product","2":"type-product","3":"status-publish","5":"product_cat-1000-brikker-2","6":"brand-puzzlelovers_dk","8":"first","9":"instock","10":"taxable","11":"shipping-taxable","12":"product-type-simple"},"aioseo_notices":[],"_links":{"self":[{"href":"https:\/\/games.tactic.net\/da\/wp-json\/wp\/v2\/product\/1367064","targetHints":{"allow":["GET"]}}],"collection":[{"href":"https:\/\/games.tactic.net\/da\/wp-json\/wp\/v2\/product"}],"about":[{"href":"https:\/\/games.tactic.net\/da\/wp-json\/wp\/v2\/types\/product"}],"wp:attachment":[{"href":"https:\/\/games.tactic.net\/da\/wp-json\/wp\/v2\/media?parent=1367064"}],"wp:term":[{"taxonomy":"product_brand","embeddable":true,"href":"https:\/\/games.tactic.net\/da\/wp-json\/wp\/v2\/product_brand?post=1367064"},{"taxonomy":"product_cat","embeddable":true,"href":"https:\/\/games.tactic.net\/da\/wp-json\/wp\/v2\/product_cat?post=1367064"},{"taxonomy":"product_tag","embeddable":true,"href":"https:\/\/games.tactic.net\/da\/wp-json\/wp\/v2\/product_tag?post=1367064"},{"taxonomy":"brand","embeddable":true,"href":"https:\/\/games.tactic.net\/da\/wp-json\/wp\/v2\/brand?post=1367064"},{"taxonomy":"target-group","embeddable":true,"href":"https:\/\/games.tactic.net\/da\/wp-json\/wp\/v2\/target-group?post=1367064"},{"taxonomy":"discontinued","embeddable":true,"href":"https:\/\/games.tactic.net\/da\/wp-json\/wp\/v2\/discontinued?post=1367064"}],"curies":[{"name":"wp","href":"https:\/\/api.w.org\/{rel}","templated":true}]}}