{"id":1366828,"date":"2025-04-30T11:13:57","date_gmt":"2025-04-30T08:13:57","guid":{"rendered":"https:\/\/games.tactic.net\/tuote\/500-pcs-puzzle-christmas-card\/"},"modified":"2025-04-30T11:13:57","modified_gmt":"2025-04-30T08:13:57","slug":"500-pcs-puzzle-christmas-card","status":"publish","type":"product","link":"https:\/\/games.tactic.net\/da\/tuote\/500-pcs-puzzle-christmas-card\/","title":{"rendered":"500 pcs puzzle: Christmas Card"},"content":{"rendered":"<p>500 pcs puzzle: Christmas Card. Puzzle Lovers 500 er en serie af sjove puslespil til b\u00e5de begyndere og \u00e6gte pusleelskere. Hvert puslespil best\u00e5r af 500 kvalitetsbrikker.<\/p>\n<p>\u00a9 Amerin Kulttuuris\u00e4\u00e4ti\u00f6 \/ Rudolf Koivu<\/p>\n","protected":false},"excerpt":{"rendered":"<p>500 pcs puzzle: Christmas Card.<\/p>\n","protected":false},"featured_media":0,"template":"","meta":{"content-type":"","_monsterinsights_skip_tracking":false,"_monsterinsights_sitenote_active":false,"_monsterinsights_sitenote_note":"","_monsterinsights_sitenote_category":0},"product_brand":[],"product_cat":[1637],"product_tag":[],"brand":[],"target-group":[],"discontinued":[],"class_list":{"0":"post-1366828","1":"product","2":"type-product","3":"status-publish","5":"product_cat-500-brikker-puslespil","7":"first","8":"outofstock","9":"taxable","10":"shipping-taxable","11":"product-type-simple"},"aioseo_notices":[],"_links":{"self":[{"href":"https:\/\/games.tactic.net\/da\/wp-json\/wp\/v2\/product\/1366828","targetHints":{"allow":["GET"]}}],"collection":[{"href":"https:\/\/games.tactic.net\/da\/wp-json\/wp\/v2\/product"}],"about":[{"href":"https:\/\/games.tactic.net\/da\/wp-json\/wp\/v2\/types\/product"}],"wp:attachment":[{"href":"https:\/\/games.tactic.net\/da\/wp-json\/wp\/v2\/media?parent=1366828"}],"wp:term":[{"taxonomy":"product_brand","embeddable":true,"href":"https:\/\/games.tactic.net\/da\/wp-json\/wp\/v2\/product_brand?post=1366828"},{"taxonomy":"product_cat","embeddable":true,"href":"https:\/\/games.tactic.net\/da\/wp-json\/wp\/v2\/product_cat?post=1366828"},{"taxonomy":"product_tag","embeddable":true,"href":"https:\/\/games.tactic.net\/da\/wp-json\/wp\/v2\/product_tag?post=1366828"},{"taxonomy":"brand","embeddable":true,"href":"https:\/\/games.tactic.net\/da\/wp-json\/wp\/v2\/brand?post=1366828"},{"taxonomy":"target-group","embeddable":true,"href":"https:\/\/games.tactic.net\/da\/wp-json\/wp\/v2\/target-group?post=1366828"},{"taxonomy":"discontinued","embeddable":true,"href":"https:\/\/games.tactic.net\/da\/wp-json\/wp\/v2\/discontinued?post=1366828"}],"curies":[{"name":"wp","href":"https:\/\/api.w.org\/{rel}","templated":true}]}}