{"id":1366796,"date":"2025-04-30T11:10:24","date_gmt":"2025-04-30T08:10:24","guid":{"rendered":"https:\/\/games.tactic.net\/tuote\/1000-pcs-puzzle-wisteria-alley-in-blossom\/"},"modified":"2025-04-30T11:10:24","modified_gmt":"2025-04-30T08:10:24","slug":"1000-pcs-puzzle-wisteria-alley-in-blossom","status":"publish","type":"product","link":"https:\/\/games.tactic.net\/da\/tuote\/1000-pcs-puzzle-wisteria-alley-in-blossom\/","title":{"rendered":"1000 pcs puzzle: Wisteria Alley in blossom"},"content":{"rendered":"<p>1000 pcs puzzle: Wisteria Alley in blossom. Puzzle Lovers 1000 er en serie af sjove puslespil til b\u00e5de ivrige begyndere og \u00e6gte pusleelskere. Hvert puslespil best\u00e5r af 1000 brikker af h\u00f8j kvalitet.<\/p>\n","protected":false},"excerpt":{"rendered":"<p>1000 pcs puzzle: Wisteria Alley in blossom.<\/p>\n","protected":false},"featured_media":0,"template":"","meta":{"content-type":"","_monsterinsights_skip_tracking":false,"_monsterinsights_sitenote_active":false,"_monsterinsights_sitenote_note":"","_monsterinsights_sitenote_category":0},"product_brand":[],"product_cat":[946],"product_tag":[],"brand":[],"target-group":[],"discontinued":[],"class_list":{"0":"post-1366796","1":"product","2":"type-product","3":"status-publish","5":"product_cat-1000-brikker-2","7":"first","8":"instock","9":"taxable","10":"shipping-taxable","11":"product-type-simple"},"aioseo_notices":[],"_links":{"self":[{"href":"https:\/\/games.tactic.net\/da\/wp-json\/wp\/v2\/product\/1366796","targetHints":{"allow":["GET"]}}],"collection":[{"href":"https:\/\/games.tactic.net\/da\/wp-json\/wp\/v2\/product"}],"about":[{"href":"https:\/\/games.tactic.net\/da\/wp-json\/wp\/v2\/types\/product"}],"wp:attachment":[{"href":"https:\/\/games.tactic.net\/da\/wp-json\/wp\/v2\/media?parent=1366796"}],"wp:term":[{"taxonomy":"product_brand","embeddable":true,"href":"https:\/\/games.tactic.net\/da\/wp-json\/wp\/v2\/product_brand?post=1366796"},{"taxonomy":"product_cat","embeddable":true,"href":"https:\/\/games.tactic.net\/da\/wp-json\/wp\/v2\/product_cat?post=1366796"},{"taxonomy":"product_tag","embeddable":true,"href":"https:\/\/games.tactic.net\/da\/wp-json\/wp\/v2\/product_tag?post=1366796"},{"taxonomy":"brand","embeddable":true,"href":"https:\/\/games.tactic.net\/da\/wp-json\/wp\/v2\/brand?post=1366796"},{"taxonomy":"target-group","embeddable":true,"href":"https:\/\/games.tactic.net\/da\/wp-json\/wp\/v2\/target-group?post=1366796"},{"taxonomy":"discontinued","embeddable":true,"href":"https:\/\/games.tactic.net\/da\/wp-json\/wp\/v2\/discontinued?post=1366796"}],"curies":[{"name":"wp","href":"https:\/\/api.w.org\/{rel}","templated":true}]}}