{"id":1366678,"date":"2025-04-24T14:46:15","date_gmt":"2025-04-24T11:46:15","guid":{"rendered":"https:\/\/games.tactic.net\/tuote\/lumo-stars-staffordshire-terrier-rocky-mini\/"},"modified":"2025-04-24T14:46:15","modified_gmt":"2025-04-24T11:46:15","slug":"lumo-stars-staffordshire-terrier-rocky-mini","status":"publish","type":"product","link":"https:\/\/games.tactic.net\/da\/tuote\/lumo-stars-staffordshire-terrier-rocky-mini\/","title":{"rendered":"Lumo Stars Staffordshire Terrier Rocky mini"},"content":{"rendered":"<p>8,5cm. Glad, huggable, venlig, rar og s\u00f8d. Vi smiler mere! Finsk design.  www.lumostars.com<\/p>\n<p>Ingen kan modst\u00e5 de s\u00f8de Lumo Stars Puppies hundebamser. I produktlinjen finder du de mest popul\u00e6re hunderacer samt tilbeh\u00f8r til hvalpepleje.<\/p>\n<p>Lumo Stars er en kollektion af krammevenlige og helt uimodst\u00e5elige plysdyr. De er vidunderlige venner at lege med, hver med deres egen personlighed og udseende. Plysdyrene f\u00e5s i forskellige st\u00f8rrelser og har smukke farver inspireret af nordisk natur.<\/p>\n","protected":false},"excerpt":{"rendered":"<p>8,5cm. Glad, huggable, venlig, rar og s\u00f8d. Vi smiler mere! Finsk design. www.lumostars.com Ingen kan modst\u00e5 de s\u00f8de Lumo Stars Puppies hundebamser. I produktlinjen finder du de mest popul\u00e6re hunderacer samt tilbeh\u00f8r til hvalpepleje. Lumo Stars er en kollektion af krammevenlige og helt uimodst\u00e5elige plysdyr. De er vidunderlige venner at lege med, hver med deres [&hellip;]<\/p>\n","protected":false},"featured_media":0,"template":"","meta":{"content-type":"","_monsterinsights_skip_tracking":false,"_monsterinsights_sitenote_active":false,"_monsterinsights_sitenote_note":"","_monsterinsights_sitenote_category":0},"product_brand":[],"product_cat":[1642],"product_tag":[],"brand":[],"target-group":[],"discontinued":[],"class_list":{"0":"post-1366678","1":"product","2":"type-product","3":"status-publish","5":"product_cat-mini-bamser-lumo-stars-6","7":"first","8":"instock","9":"taxable","10":"shipping-taxable","11":"product-type-simple"},"aioseo_notices":[],"_links":{"self":[{"href":"https:\/\/games.tactic.net\/da\/wp-json\/wp\/v2\/product\/1366678","targetHints":{"allow":["GET"]}}],"collection":[{"href":"https:\/\/games.tactic.net\/da\/wp-json\/wp\/v2\/product"}],"about":[{"href":"https:\/\/games.tactic.net\/da\/wp-json\/wp\/v2\/types\/product"}],"wp:attachment":[{"href":"https:\/\/games.tactic.net\/da\/wp-json\/wp\/v2\/media?parent=1366678"}],"wp:term":[{"taxonomy":"product_brand","embeddable":true,"href":"https:\/\/games.tactic.net\/da\/wp-json\/wp\/v2\/product_brand?post=1366678"},{"taxonomy":"product_cat","embeddable":true,"href":"https:\/\/games.tactic.net\/da\/wp-json\/wp\/v2\/product_cat?post=1366678"},{"taxonomy":"product_tag","embeddable":true,"href":"https:\/\/games.tactic.net\/da\/wp-json\/wp\/v2\/product_tag?post=1366678"},{"taxonomy":"brand","embeddable":true,"href":"https:\/\/games.tactic.net\/da\/wp-json\/wp\/v2\/brand?post=1366678"},{"taxonomy":"target-group","embeddable":true,"href":"https:\/\/games.tactic.net\/da\/wp-json\/wp\/v2\/target-group?post=1366678"},{"taxonomy":"discontinued","embeddable":true,"href":"https:\/\/games.tactic.net\/da\/wp-json\/wp\/v2\/discontinued?post=1366678"}],"curies":[{"name":"wp","href":"https:\/\/api.w.org\/{rel}","templated":true}]}}