{"id":1366498,"date":"2025-03-24T11:19:58","date_gmt":"2025-03-24T09:19:58","guid":{"rendered":"https:\/\/games.tactic.net\/tuote\/plasto-frontloader-30-cm-pinkblack\/"},"modified":"2025-03-24T11:19:58","modified_gmt":"2025-03-24T09:19:58","slug":"plasto-frontloader-30-cm-pinkblack","status":"publish","type":"product","link":"https:\/\/games.tactic.net\/da\/tuote\/plasto-frontloader-30-cm-pinkblack\/","title":{"rendered":"PLASTO Frontloader (30 cm), PinkBlack"},"content":{"rendered":"<p>Frontl\u00e6sser med bl\u00e5t f\u00f8rerhus og r\u00f8d l\u00e6sser<\/p>\n","protected":false},"excerpt":{"rendered":"<p>PLASTO Frontl\u00e6sser (30 cm), med bl\u00e5t f\u00f8rerhus og r\u00f8d l\u00e6sser<\/p>\n","protected":false},"featured_media":0,"template":"","meta":{"content-type":"","_monsterinsights_skip_tracking":false,"_monsterinsights_sitenote_active":false,"_monsterinsights_sitenote_note":"","_monsterinsights_sitenote_category":0},"product_brand":[],"product_cat":[2313],"product_tag":[],"brand":[],"target-group":[],"discontinued":[],"class_list":{"0":"post-1366498","1":"product","2":"type-product","3":"status-publish","5":"product_cat-plasto-legetoej","7":"first","8":"instock","9":"taxable","10":"shipping-taxable","11":"product-type-simple"},"aioseo_notices":[],"_links":{"self":[{"href":"https:\/\/games.tactic.net\/da\/wp-json\/wp\/v2\/product\/1366498","targetHints":{"allow":["GET"]}}],"collection":[{"href":"https:\/\/games.tactic.net\/da\/wp-json\/wp\/v2\/product"}],"about":[{"href":"https:\/\/games.tactic.net\/da\/wp-json\/wp\/v2\/types\/product"}],"wp:attachment":[{"href":"https:\/\/games.tactic.net\/da\/wp-json\/wp\/v2\/media?parent=1366498"}],"wp:term":[{"taxonomy":"product_brand","embeddable":true,"href":"https:\/\/games.tactic.net\/da\/wp-json\/wp\/v2\/product_brand?post=1366498"},{"taxonomy":"product_cat","embeddable":true,"href":"https:\/\/games.tactic.net\/da\/wp-json\/wp\/v2\/product_cat?post=1366498"},{"taxonomy":"product_tag","embeddable":true,"href":"https:\/\/games.tactic.net\/da\/wp-json\/wp\/v2\/product_tag?post=1366498"},{"taxonomy":"brand","embeddable":true,"href":"https:\/\/games.tactic.net\/da\/wp-json\/wp\/v2\/brand?post=1366498"},{"taxonomy":"target-group","embeddable":true,"href":"https:\/\/games.tactic.net\/da\/wp-json\/wp\/v2\/target-group?post=1366498"},{"taxonomy":"discontinued","embeddable":true,"href":"https:\/\/games.tactic.net\/da\/wp-json\/wp\/v2\/discontinued?post=1366498"}],"curies":[{"name":"wp","href":"https:\/\/api.w.org\/{rel}","templated":true}]}}