{"id":1366489,"date":"2025-03-24T11:18:48","date_gmt":"2025-03-24T09:18:48","guid":{"rendered":"https:\/\/games.tactic.net\/tuote\/plasto-giant-tipper-truck-60-cm-turquoiseblack\/"},"modified":"2025-03-24T11:18:48","modified_gmt":"2025-03-24T09:18:48","slug":"plasto-giant-tipper-truck-60-cm-turquoiseblack","status":"publish","type":"product","link":"https:\/\/games.tactic.net\/da\/tuote\/plasto-giant-tipper-truck-60-cm-turquoiseblack\/","title":{"rendered":"PLASTO Giant Tipper Truck (60 cm) TurquoiseBlack"},"content":{"rendered":"<p>Stor lastbil, r\u00f8d kabine og tippelad. Lydl\u00f8se hjul. lastbil inspirerer til mange timers aktiv udend\u00f8rs leg! Denne holdbare og h\u00f8jkvalitets tiplad lastbil har lydl\u00f8se hjul. L\u00e6ngde: 60 cm. Anbefalet alder: 1+. Fremstillet i Finland.<\/p>\n","protected":false},"excerpt":{"rendered":"<p>PLASTO Store Lastbil (60 cm) turkis-sort<\/p>\n","protected":false},"featured_media":0,"template":"","meta":{"content-type":"","_monsterinsights_skip_tracking":false,"_monsterinsights_sitenote_active":false,"_monsterinsights_sitenote_note":"","_monsterinsights_sitenote_category":0},"product_brand":[],"product_cat":[2313],"product_tag":[],"brand":[],"target-group":[],"discontinued":[],"class_list":{"0":"post-1366489","1":"product","2":"type-product","3":"status-publish","5":"product_cat-plasto-legetoej","7":"first","8":"instock","9":"taxable","10":"shipping-taxable","11":"product-type-simple"},"aioseo_notices":[],"_links":{"self":[{"href":"https:\/\/games.tactic.net\/da\/wp-json\/wp\/v2\/product\/1366489","targetHints":{"allow":["GET"]}}],"collection":[{"href":"https:\/\/games.tactic.net\/da\/wp-json\/wp\/v2\/product"}],"about":[{"href":"https:\/\/games.tactic.net\/da\/wp-json\/wp\/v2\/types\/product"}],"wp:attachment":[{"href":"https:\/\/games.tactic.net\/da\/wp-json\/wp\/v2\/media?parent=1366489"}],"wp:term":[{"taxonomy":"product_brand","embeddable":true,"href":"https:\/\/games.tactic.net\/da\/wp-json\/wp\/v2\/product_brand?post=1366489"},{"taxonomy":"product_cat","embeddable":true,"href":"https:\/\/games.tactic.net\/da\/wp-json\/wp\/v2\/product_cat?post=1366489"},{"taxonomy":"product_tag","embeddable":true,"href":"https:\/\/games.tactic.net\/da\/wp-json\/wp\/v2\/product_tag?post=1366489"},{"taxonomy":"brand","embeddable":true,"href":"https:\/\/games.tactic.net\/da\/wp-json\/wp\/v2\/brand?post=1366489"},{"taxonomy":"target-group","embeddable":true,"href":"https:\/\/games.tactic.net\/da\/wp-json\/wp\/v2\/target-group?post=1366489"},{"taxonomy":"discontinued","embeddable":true,"href":"https:\/\/games.tactic.net\/da\/wp-json\/wp\/v2\/discontinued?post=1366489"}],"curies":[{"name":"wp","href":"https:\/\/api.w.org\/{rel}","templated":true}]}}