{"id":1366424,"date":"2025-03-18T17:12:58","date_gmt":"2025-03-18T15:12:58","guid":{"rendered":"https:\/\/games.tactic.net\/tuote\/picassotiles-farm-26pcs-magnetic-set-with-8-figures\/"},"modified":"2025-03-18T17:12:58","modified_gmt":"2025-03-18T15:12:58","slug":"picassotiles-farm-26pcs-magnetic-set-with-8-figures","status":"publish","type":"product","link":"https:\/\/games.tactic.net\/da\/tuote\/picassotiles-farm-26pcs-magnetic-set-with-8-figures\/","title":{"rendered":"PicassoTiles Farm 26pcs magnetic set with 8 figures"},"content":{"rendered":"<p>Lad os tilf\u00f8je noget magnetisk kreativitet til legen! Med disse farverige og forskellige formede magnetiske byggeklodser kan du lade din fantasi flyve og bygge n\u00e6sten alt! Du kan bygge efter id\u00e9folderen, som f\u00f8lger med produktet eller bare lade det v\u00e6re op til din fantasi. PicassoTiles -magnetiske figurer er kompatible med hinanden, s\u00e5 jo flere byggeklodser du har, jo st\u00f8rre bygherre kan du blive! Alder 3+. <\/p>\n<p>Oplev 18 udformede trykte magnet byggeklodser med efter\u00e5rstema og 8 dejlige magnetiske g\u00e5rddyr, inklusive en kanin, and, papeg\u00f8je, fr\u00f8, enhj\u00f8rning, kat, ko og en hund. Integrer dette s\u00e6t nemt med andre magnetiske byggeklodser fra PicassoTiles, s\u00e5 dit barn kan lave og fort\u00e6lle historier, mens de fordyber sig i g\u00e5rdlivets elementer i efter\u00e5rss\u00e6sonen. Dette leget\u00f8j vil naturligvis forbedre finmotorik, \u00f8je-h\u00e5nd koordination, og kognitive evner, n\u00e5r b\u00f8rn eksperimenterer med magnetiserede byggeklodser gennem historiefort\u00e6lling.<\/p>\n<p>DREAM BIG &#038; BUILD BIG &#8211; Ingen begr\u00e6nsninger, skalerbart til at bygge s\u00e5 stort som \u00f8nsket ved at tilf\u00f8je flere dele for at skabe mesterv\u00e6rket.<\/p>\n<p>L\u00c6RING GENNEM LEG &#8211; Det er aldrig for tidligt at begynde at udvikle b\u00f8rns kreativitet. B\u00f8rn kan opn\u00e5 en st\u00e6rk fornemmelse for farver, geometriske former, t\u00e6lle tal, magnetiske polariteter, strukturel ingeni\u00f8rarbejde og 3D-arkitektonisk design i en tidlig alder.<\/p>\n<p>SAMMENSKABELSE GENNEM LEG &#8211; Underholdende for enkeltst\u00e5ende eller flere deltagere og med en f\u00f8lelse af f\u00e6lles pr\u00e6station. Velegnet til alle aldre (3+ og opad) <\/p>\n<p>UBESV\u00c6RET UNDERHOLDNING &#8211; Udvikler b\u00f8rns kreativitet og STEAM (Science, Technology, Engineering, and Math \/ videnskab, teknologi, ingeni\u00f8rkunst, kunst og matematik f\u00e6rdigheder.<br \/>\nSjovt og underholdende, perfekte uddannelsesgaver til b\u00f8rnehave b\u00f8rn og skoleb\u00f8rn, der aldrig g\u00e5r af mode.<\/p>\n<p>BPA-FRI &#038; IKKE-TOKSISK &#8211; B\u00f8rnesikkert og frit for bly.<\/p>\n<p>TERAPEUTISK &#8211; Befrier b\u00f8rnene fra elektroniske enheder og digitale sk\u00e6rme som f.eks. TV, spil, smartphones eller tablets, der kan v\u00e6re skadelige for b\u00f8rns syn.<\/p>\n","protected":false},"excerpt":{"rendered":"<p>PicassoTiles 26 stk magnetiske byggeklodser.<br \/>\nBondeg\u00e5rds tema. S\u00e6t med 8 bondeg\u00e5rdsdyr og byggeklodser i mange former.<\/p>\n<p>Sjov konstruktions leget\u00f8j for b\u00f8rn i alle aldre. <\/p>\n<p>DREAM BIG &#038; BUILD BIG &#8211; Ingen begr\u00e6nsninger, skalerbart til at bygge s\u00e5 stort som \u00f8nsket. Opfordrer til kreativitet.<br \/>\nSjovt at bygge alene eller flere sammen.<\/p>\n<p>BPA-FRI &#038; IKKE-TOKSISK &#8211; B\u00f8rnesikkert og frit for bly.<\/p>\n","protected":false},"featured_media":0,"template":"","meta":{"content-type":"","_monsterinsights_skip_tracking":false,"_monsterinsights_sitenote_active":false,"_monsterinsights_sitenote_note":"","_monsterinsights_sitenote_category":0},"product_brand":[],"product_cat":[2293],"product_tag":[],"brand":[],"target-group":[],"discontinued":[],"class_list":{"0":"post-1366424","1":"product","2":"type-product","3":"status-publish","5":"product_cat-picassotiles-legetoej","7":"first","8":"instock","9":"taxable","10":"shipping-taxable","11":"product-type-simple"},"aioseo_notices":[],"_links":{"self":[{"href":"https:\/\/games.tactic.net\/da\/wp-json\/wp\/v2\/product\/1366424","targetHints":{"allow":["GET"]}}],"collection":[{"href":"https:\/\/games.tactic.net\/da\/wp-json\/wp\/v2\/product"}],"about":[{"href":"https:\/\/games.tactic.net\/da\/wp-json\/wp\/v2\/types\/product"}],"wp:attachment":[{"href":"https:\/\/games.tactic.net\/da\/wp-json\/wp\/v2\/media?parent=1366424"}],"wp:term":[{"taxonomy":"product_brand","embeddable":true,"href":"https:\/\/games.tactic.net\/da\/wp-json\/wp\/v2\/product_brand?post=1366424"},{"taxonomy":"product_cat","embeddable":true,"href":"https:\/\/games.tactic.net\/da\/wp-json\/wp\/v2\/product_cat?post=1366424"},{"taxonomy":"product_tag","embeddable":true,"href":"https:\/\/games.tactic.net\/da\/wp-json\/wp\/v2\/product_tag?post=1366424"},{"taxonomy":"brand","embeddable":true,"href":"https:\/\/games.tactic.net\/da\/wp-json\/wp\/v2\/brand?post=1366424"},{"taxonomy":"target-group","embeddable":true,"href":"https:\/\/games.tactic.net\/da\/wp-json\/wp\/v2\/target-group?post=1366424"},{"taxonomy":"discontinued","embeddable":true,"href":"https:\/\/games.tactic.net\/da\/wp-json\/wp\/v2\/discontinued?post=1366424"}],"curies":[{"name":"wp","href":"https:\/\/api.w.org\/{rel}","templated":true}]}}