{"id":1366417,"date":"2025-03-17T16:20:46","date_gmt":"2025-03-17T14:20:46","guid":{"rendered":"https:\/\/games.tactic.net\/tuote\/scania-super-560r-heavy-tow-truck-with-ls-module\/"},"modified":"2025-03-17T16:20:46","modified_gmt":"2025-03-17T14:20:46","slug":"scania-super-560r-heavy-tow-truck-with-ls-module","status":"publish","type":"product","link":"https:\/\/games.tactic.net\/da\/tuote\/scania-super-560r-heavy-tow-truck-with-ls-module\/","title":{"rendered":"Scania Super 560R heavy Tow truck with L&#038;S Module"},"content":{"rendered":"<p>Bj\u00e6rgnings- og bugseringsk\u00f8ret\u00f8jer til erhvervsk\u00f8ret\u00f8jer og lastbiler er blandt de mest spektakul\u00e6re k\u00f8ret\u00f8jer, som b\u00f8rn kan opdage p\u00e5 vores veje. Og den overlegne kraft og teknologi i disse k\u00f8ret\u00f8jer er imponerende. Hos BRUDER kan b\u00f8rn nu opdage og genskabe disse fascinerende funktioner p\u00e5 den nye Scania Super 560R bj\u00e6rgnings- og bugseringsbil. Hjull\u00f8fteren kan foldes ned og rummer forhjulene p\u00e5 det k\u00f8ret\u00f8j, der skal bugseres. Bag en af de mange \u00e5bningsklapper sidder hovedarmens h\u00f8jdejustering, hvormed hovedarmen inklusive k\u00f8ret\u00f8jet kan h\u00e6ves. Et kabelspil er placeret ved spidsen af den teleskopiske hovedarm. Den medf\u00f8lgende adapter kan fastg\u00f8res til kofangeren p\u00e5 en MAN TGS, MB Arocs, MACK, SCANIA, der skal bj\u00e6rges, og et k\u00f8ret\u00f8j, der har v\u00e6ret involveret i en ulykke, kan bj\u00e6rges og bugseres til hjull\u00f8fteren med kabelspillet.<\/p>\n","protected":false},"excerpt":{"rendered":"<p>Scania Super 560R bugseringsvogn-lys+lyd<\/p>\n","protected":false},"featured_media":0,"template":"","meta":{"content-type":"","_monsterinsights_skip_tracking":false,"_monsterinsights_sitenote_active":false,"_monsterinsights_sitenote_note":"","_monsterinsights_sitenote_category":0},"product_brand":[],"product_cat":[1498],"product_tag":[],"brand":[],"target-group":[],"discontinued":[],"class_list":{"0":"post-1366417","1":"product","2":"type-product","3":"status-publish","5":"product_cat-bruder-legetoej","7":"first","8":"outofstock","9":"taxable","10":"shipping-taxable","11":"product-type-simple"},"aioseo_notices":[],"_links":{"self":[{"href":"https:\/\/games.tactic.net\/da\/wp-json\/wp\/v2\/product\/1366417","targetHints":{"allow":["GET"]}}],"collection":[{"href":"https:\/\/games.tactic.net\/da\/wp-json\/wp\/v2\/product"}],"about":[{"href":"https:\/\/games.tactic.net\/da\/wp-json\/wp\/v2\/types\/product"}],"wp:attachment":[{"href":"https:\/\/games.tactic.net\/da\/wp-json\/wp\/v2\/media?parent=1366417"}],"wp:term":[{"taxonomy":"product_brand","embeddable":true,"href":"https:\/\/games.tactic.net\/da\/wp-json\/wp\/v2\/product_brand?post=1366417"},{"taxonomy":"product_cat","embeddable":true,"href":"https:\/\/games.tactic.net\/da\/wp-json\/wp\/v2\/product_cat?post=1366417"},{"taxonomy":"product_tag","embeddable":true,"href":"https:\/\/games.tactic.net\/da\/wp-json\/wp\/v2\/product_tag?post=1366417"},{"taxonomy":"brand","embeddable":true,"href":"https:\/\/games.tactic.net\/da\/wp-json\/wp\/v2\/brand?post=1366417"},{"taxonomy":"target-group","embeddable":true,"href":"https:\/\/games.tactic.net\/da\/wp-json\/wp\/v2\/target-group?post=1366417"},{"taxonomy":"discontinued","embeddable":true,"href":"https:\/\/games.tactic.net\/da\/wp-json\/wp\/v2\/discontinued?post=1366417"}],"curies":[{"name":"wp","href":"https:\/\/api.w.org\/{rel}","templated":true}]}}