{"id":1366343,"date":"2025-03-12T17:18:43","date_gmt":"2025-03-12T15:18:43","guid":{"rendered":"https:\/\/games.tactic.net\/tuote\/plasto-giant-tipper-truck-with-snow-plough-82-cm\/"},"modified":"2025-03-12T17:18:43","modified_gmt":"2025-03-12T15:18:43","slug":"plasto-giant-tipper-truck-with-snow-plough-82-cm","status":"publish","type":"product","link":"https:\/\/games.tactic.net\/da\/tuote\/plasto-giant-tipper-truck-with-snow-plough-82-cm\/","title":{"rendered":"PLASTO Giant Tipper Truck with Snow Plough (82 cm)"},"content":{"rendered":"<p>Plasto k\u00e6mpe tipvogn med sneplov. Lydl\u00f8se hjul! L\u00e6ngde med sneplov 82 cm. Anbefalet alder 1+. Fremstillet i Finland.<\/p>\n","protected":false},"excerpt":{"rendered":"<p>PLASTO K\u00e6mpe tippelad med sneplov (82 cm)<\/p>\n","protected":false},"featured_media":0,"template":"","meta":{"content-type":"","_monsterinsights_skip_tracking":false,"_monsterinsights_sitenote_active":false,"_monsterinsights_sitenote_note":"","_monsterinsights_sitenote_category":0},"product_brand":[],"product_cat":[2313],"product_tag":[],"brand":[{"id":2314,"name":"Plasto","slug":"plasto-3"}],"target-group":[],"discontinued":[],"class_list":{"0":"post-1366343","1":"product","2":"type-product","3":"status-publish","5":"product_cat-plasto-legetoej","6":"brand-plasto-3","8":"first","9":"instock","10":"taxable","11":"shipping-taxable","12":"product-type-simple"},"aioseo_notices":[],"_links":{"self":[{"href":"https:\/\/games.tactic.net\/da\/wp-json\/wp\/v2\/product\/1366343","targetHints":{"allow":["GET"]}}],"collection":[{"href":"https:\/\/games.tactic.net\/da\/wp-json\/wp\/v2\/product"}],"about":[{"href":"https:\/\/games.tactic.net\/da\/wp-json\/wp\/v2\/types\/product"}],"wp:attachment":[{"href":"https:\/\/games.tactic.net\/da\/wp-json\/wp\/v2\/media?parent=1366343"}],"wp:term":[{"taxonomy":"product_brand","embeddable":true,"href":"https:\/\/games.tactic.net\/da\/wp-json\/wp\/v2\/product_brand?post=1366343"},{"taxonomy":"product_cat","embeddable":true,"href":"https:\/\/games.tactic.net\/da\/wp-json\/wp\/v2\/product_cat?post=1366343"},{"taxonomy":"product_tag","embeddable":true,"href":"https:\/\/games.tactic.net\/da\/wp-json\/wp\/v2\/product_tag?post=1366343"},{"taxonomy":"brand","embeddable":true,"href":"https:\/\/games.tactic.net\/da\/wp-json\/wp\/v2\/brand?post=1366343"},{"taxonomy":"target-group","embeddable":true,"href":"https:\/\/games.tactic.net\/da\/wp-json\/wp\/v2\/target-group?post=1366343"},{"taxonomy":"discontinued","embeddable":true,"href":"https:\/\/games.tactic.net\/da\/wp-json\/wp\/v2\/discontinued?post=1366343"}],"curies":[{"name":"wp","href":"https:\/\/api.w.org\/{rel}","templated":true}]}}