{"id":1366050,"date":"2025-03-06T11:09:03","date_gmt":"2025-03-06T09:09:03","guid":{"rendered":"https:\/\/games.tactic.net\/tuote\/ram-rental-service-with-mini-excavator\/"},"modified":"2025-03-06T11:09:03","modified_gmt":"2025-03-06T09:09:03","slug":"ram-rental-service-with-mini-excavator","status":"publish","type":"product","link":"https:\/\/games.tactic.net\/da\/tuote\/ram-rental-service-with-mini-excavator\/","title":{"rendered":"RAM Rental Service with Mini excavator"},"content":{"rendered":"<p>Den nye RAM Power Wagon med trailer og BRUDER mini gravemaskine er nu tilg\u00e6ngelig! RAM\u2019s holdbarhed og tr\u00e6kkraft er imponerende. Ligesom den \u00e6gte model har leget\u00f8jet en dobbeltkabine med fire d\u00f8re, hvor alle d\u00f8re kan \u00e5bnes for at rumme op til fire bworld-figurer. Denne model i skala 1:16 er udstyret med affjedring p\u00e5 begge aksler for \u00f8get komfort og terr\u00e6ng\u00e5ende egenskaber. Forhjulsakslen kan styres ved hj\u00e6lp af den medf\u00f8lgende styreforl\u00e6nger. Bagklappen kan \u00e5bnes for at transportere last, og ladet har plads til BRUDER-paller, pallekasser eller halmballer. Den medf\u00f8lgende trailer har en st\u00f8tte til bagklappen, og platformen kan vippes via en l\u00f8ftestang for nem lastning.  Den medf\u00f8lgende **BRUDER** mini gravemaskine er fuldt funktionel \u2013 skovlen kan tages af, og dozerbladet er justerbart. Gravemaskinearmen kan vinkles til siden, og kabinen kan rotere 360\u00b0. Derudover leveres mini gravemaskinen med moderne gummib\u00e6lter.<\/p>\n","protected":false},"excerpt":{"rendered":"<p>RAM udlejningsk\u00f8ret\u00f8j med mini gravemaskine<\/p>\n","protected":false},"featured_media":0,"template":"","meta":{"content-type":"","_monsterinsights_skip_tracking":false,"_monsterinsights_sitenote_active":false,"_monsterinsights_sitenote_note":"","_monsterinsights_sitenote_category":0},"product_brand":[],"product_cat":[1498],"product_tag":[],"brand":[],"target-group":[],"discontinued":[],"class_list":{"0":"post-1366050","1":"product","2":"type-product","3":"status-publish","5":"product_cat-bruder-legetoej","7":"first","8":"outofstock","9":"taxable","10":"shipping-taxable","11":"product-type-simple"},"aioseo_notices":[],"_links":{"self":[{"href":"https:\/\/games.tactic.net\/da\/wp-json\/wp\/v2\/product\/1366050","targetHints":{"allow":["GET"]}}],"collection":[{"href":"https:\/\/games.tactic.net\/da\/wp-json\/wp\/v2\/product"}],"about":[{"href":"https:\/\/games.tactic.net\/da\/wp-json\/wp\/v2\/types\/product"}],"wp:attachment":[{"href":"https:\/\/games.tactic.net\/da\/wp-json\/wp\/v2\/media?parent=1366050"}],"wp:term":[{"taxonomy":"product_brand","embeddable":true,"href":"https:\/\/games.tactic.net\/da\/wp-json\/wp\/v2\/product_brand?post=1366050"},{"taxonomy":"product_cat","embeddable":true,"href":"https:\/\/games.tactic.net\/da\/wp-json\/wp\/v2\/product_cat?post=1366050"},{"taxonomy":"product_tag","embeddable":true,"href":"https:\/\/games.tactic.net\/da\/wp-json\/wp\/v2\/product_tag?post=1366050"},{"taxonomy":"brand","embeddable":true,"href":"https:\/\/games.tactic.net\/da\/wp-json\/wp\/v2\/brand?post=1366050"},{"taxonomy":"target-group","embeddable":true,"href":"https:\/\/games.tactic.net\/da\/wp-json\/wp\/v2\/target-group?post=1366050"},{"taxonomy":"discontinued","embeddable":true,"href":"https:\/\/games.tactic.net\/da\/wp-json\/wp\/v2\/discontinued?post=1366050"}],"curies":[{"name":"wp","href":"https:\/\/api.w.org\/{rel}","templated":true}]}}