{"id":1366049,"date":"2025-03-06T11:08:53","date_gmt":"2025-03-06T09:08:53","guid":{"rendered":"https:\/\/games.tactic.net\/tuote\/bworld-car-service-and-bruder-roadster\/"},"modified":"2025-03-06T11:08:53","modified_gmt":"2025-03-06T09:08:53","slug":"bworld-car-service-and-bruder-roadster","status":"publish","type":"product","link":"https:\/\/games.tactic.net\/da\/tuote\/bworld-car-service-and-bruder-roadster\/","title":{"rendered":"BWorld Car service and BRUDER Roadster"},"content":{"rendered":"<p>Det nye bworld Bilservicecenter er det foretrukne sted for en r\u00e6kke **BRUDER**-k\u00f8ret\u00f8jer, der har brug for service. Den medf\u00f8lgende mekaniker kan inspicere k\u00f8ret\u00f8jerne p\u00e5 den fuldt h\u00f8jdejusterbare autolift og derefter teste bremserne p\u00e5 det integrerede testudstyr. Resultatet vises med det samme p\u00e5 sk\u00e6rmen. Mindre reparationer kan hurtigt udf\u00f8res med de medf\u00f8lgende v\u00e6rkt\u00f8jer, og til sidst kontrolleres d\u00e6ktrykket. BRUDER roadsteren medf\u00f8lger i dette fantastiske s\u00e6t. K\u00f8ret\u00f8jet er allerede indskrevet til service. Reservedele, herunder ekstra hjul, er ogs\u00e5 inkluderet, og takket v\u00e6re roadsterens nye hjulskiftesystem kan hjulene udskiftes p\u00e5 ingen tid.<\/p>\n","protected":false},"excerpt":{"rendered":"<p>Bilservicecenter og Roadster<\/p>\n","protected":false},"featured_media":0,"template":"","meta":{"content-type":"","_monsterinsights_skip_tracking":false,"_monsterinsights_sitenote_active":false,"_monsterinsights_sitenote_note":"","_monsterinsights_sitenote_category":0},"product_brand":[],"product_cat":[1498],"product_tag":[],"brand":[],"target-group":[],"discontinued":[],"class_list":{"0":"post-1366049","1":"product","2":"type-product","3":"status-publish","5":"product_cat-bruder-legetoej","7":"first","8":"instock","9":"taxable","10":"shipping-taxable","11":"product-type-simple"},"aioseo_notices":[],"_links":{"self":[{"href":"https:\/\/games.tactic.net\/da\/wp-json\/wp\/v2\/product\/1366049","targetHints":{"allow":["GET"]}}],"collection":[{"href":"https:\/\/games.tactic.net\/da\/wp-json\/wp\/v2\/product"}],"about":[{"href":"https:\/\/games.tactic.net\/da\/wp-json\/wp\/v2\/types\/product"}],"wp:attachment":[{"href":"https:\/\/games.tactic.net\/da\/wp-json\/wp\/v2\/media?parent=1366049"}],"wp:term":[{"taxonomy":"product_brand","embeddable":true,"href":"https:\/\/games.tactic.net\/da\/wp-json\/wp\/v2\/product_brand?post=1366049"},{"taxonomy":"product_cat","embeddable":true,"href":"https:\/\/games.tactic.net\/da\/wp-json\/wp\/v2\/product_cat?post=1366049"},{"taxonomy":"product_tag","embeddable":true,"href":"https:\/\/games.tactic.net\/da\/wp-json\/wp\/v2\/product_tag?post=1366049"},{"taxonomy":"brand","embeddable":true,"href":"https:\/\/games.tactic.net\/da\/wp-json\/wp\/v2\/brand?post=1366049"},{"taxonomy":"target-group","embeddable":true,"href":"https:\/\/games.tactic.net\/da\/wp-json\/wp\/v2\/target-group?post=1366049"},{"taxonomy":"discontinued","embeddable":true,"href":"https:\/\/games.tactic.net\/da\/wp-json\/wp\/v2\/discontinued?post=1366049"}],"curies":[{"name":"wp","href":"https:\/\/api.w.org\/{rel}","templated":true}]}}