{"id":1366048,"date":"2025-03-06T11:08:44","date_gmt":"2025-03-06T09:08:44","guid":{"rendered":"https:\/\/games.tactic.net\/tuote\/claas-axion-950-with-snow-chains-and-plow-blade\/"},"modified":"2025-03-06T11:08:44","modified_gmt":"2025-03-06T09:08:44","slug":"claas-axion-950-with-snow-chains-and-plow-blade","status":"publish","type":"product","link":"https:\/\/games.tactic.net\/da\/tuote\/claas-axion-950-with-snow-chains-and-plow-blade\/","title":{"rendered":"Claas Axion 950 with snow chains and plow blade"},"content":{"rendered":"<p>Klar til vinter! Axion 950 imponerer med omfattende innovationer inden for funktion, betjening og ydeevne. I kombination med de nye BRUDER snek\u00e6der, der giver ekstra greb p\u00e5 is og sne, samt det h\u00f8jdejusterbare og drejelige dozerblad, bliver selv rydning af store snem\u00e6ngder en leg. F\u00f8rerhuset er fuldt glaseret, og b\u00e5de d\u00f8rene og motorhjelmen kan \u00e5bnes for en realistisk legeoplevelse. Styreforl\u00e6ngeren g\u00f8r det nemt at styre traktoren udefra. K\u00f8ret\u00f8jet er kompatibelt med alle Professional Series**-trailere takket v\u00e6re den justerbare bagkobling.<\/p>\n","protected":false},"excerpt":{"rendered":"<p>Claas Axion 950 med snek\u00e6der og sneplov<\/p>\n","protected":false},"featured_media":0,"template":"","meta":{"content-type":"","_monsterinsights_skip_tracking":false,"_monsterinsights_sitenote_active":false,"_monsterinsights_sitenote_note":"","_monsterinsights_sitenote_category":0},"product_brand":[],"product_cat":[1498],"product_tag":[],"brand":[],"target-group":[],"discontinued":[],"class_list":{"0":"post-1366048","1":"product","2":"type-product","3":"status-publish","5":"product_cat-bruder-legetoej","7":"first","8":"outofstock","9":"taxable","10":"shipping-taxable","11":"product-type-simple"},"aioseo_notices":[],"_links":{"self":[{"href":"https:\/\/games.tactic.net\/da\/wp-json\/wp\/v2\/product\/1366048","targetHints":{"allow":["GET"]}}],"collection":[{"href":"https:\/\/games.tactic.net\/da\/wp-json\/wp\/v2\/product"}],"about":[{"href":"https:\/\/games.tactic.net\/da\/wp-json\/wp\/v2\/types\/product"}],"wp:attachment":[{"href":"https:\/\/games.tactic.net\/da\/wp-json\/wp\/v2\/media?parent=1366048"}],"wp:term":[{"taxonomy":"product_brand","embeddable":true,"href":"https:\/\/games.tactic.net\/da\/wp-json\/wp\/v2\/product_brand?post=1366048"},{"taxonomy":"product_cat","embeddable":true,"href":"https:\/\/games.tactic.net\/da\/wp-json\/wp\/v2\/product_cat?post=1366048"},{"taxonomy":"product_tag","embeddable":true,"href":"https:\/\/games.tactic.net\/da\/wp-json\/wp\/v2\/product_tag?post=1366048"},{"taxonomy":"brand","embeddable":true,"href":"https:\/\/games.tactic.net\/da\/wp-json\/wp\/v2\/brand?post=1366048"},{"taxonomy":"target-group","embeddable":true,"href":"https:\/\/games.tactic.net\/da\/wp-json\/wp\/v2\/target-group?post=1366048"},{"taxonomy":"discontinued","embeddable":true,"href":"https:\/\/games.tactic.net\/da\/wp-json\/wp\/v2\/discontinued?post=1366048"}],"curies":[{"name":"wp","href":"https:\/\/api.w.org\/{rel}","templated":true}]}}