{"id":1366047,"date":"2025-03-06T11:08:36","date_gmt":"2025-03-06T09:08:36","guid":{"rendered":"https:\/\/games.tactic.net\/tuote\/mb-sprinter-camper-with-driver-and-accessory\/"},"modified":"2025-03-06T11:08:36","modified_gmt":"2025-03-06T09:08:36","slug":"mb-sprinter-camper-with-driver-and-accessory","status":"publish","type":"product","link":"https:\/\/games.tactic.net\/da\/tuote\/mb-sprinter-camper-with-driver-and-accessory\/","title":{"rendered":"MB Sprinter Camper with driver and accessory"},"content":{"rendered":"<p>Camping er mere popul\u00e6rt end nogensinde, og nu kan unge campister opleve dette sp\u00e6ndende fritidstema med BRUDER. Den nye MB Sprinter er ogs\u00e5 en yderst succesfuld model som base for autocampere. BRUDER-versionen af den nye MB Sprinter Camper imponerer med sit h\u00f8je detaljeringsniveau og alsidighed. F\u00f8rerkabined\u00f8ren og bagd\u00f8rene kan \u00e5bnes, s\u00e5 den medf\u00f8lgende bworld-figur f\u00e5r adgang til den integrerede dobbeltseng og det store opbevaringsrum. Et s\u00e6rligt h\u00f8jdepunkt er den nyudviklede skyded\u00f8r p\u00e5 passagersiden, der giver adgang til k\u00f8kkenenheden. Camperen har ogs\u00e5 en udfoldelig markise til solrige dage samt stilfulde campingm\u00f8bler og service. <\/p>\n","protected":false},"excerpt":{"rendered":"<p>MB Sprinter Camper med chauff\u00f8r og tilbeh\u00f8r<\/p>\n","protected":false},"featured_media":0,"template":"","meta":{"content-type":"","_monsterinsights_skip_tracking":false,"_monsterinsights_sitenote_active":false,"_monsterinsights_sitenote_note":"","_monsterinsights_sitenote_category":0},"product_brand":[],"product_cat":[1498],"product_tag":[],"brand":[],"target-group":[],"discontinued":[],"class_list":{"0":"post-1366047","1":"product","2":"type-product","3":"status-publish","5":"product_cat-bruder-legetoej","7":"first","8":"instock","9":"taxable","10":"shipping-taxable","11":"product-type-simple"},"aioseo_notices":[],"_links":{"self":[{"href":"https:\/\/games.tactic.net\/da\/wp-json\/wp\/v2\/product\/1366047","targetHints":{"allow":["GET"]}}],"collection":[{"href":"https:\/\/games.tactic.net\/da\/wp-json\/wp\/v2\/product"}],"about":[{"href":"https:\/\/games.tactic.net\/da\/wp-json\/wp\/v2\/types\/product"}],"wp:attachment":[{"href":"https:\/\/games.tactic.net\/da\/wp-json\/wp\/v2\/media?parent=1366047"}],"wp:term":[{"taxonomy":"product_brand","embeddable":true,"href":"https:\/\/games.tactic.net\/da\/wp-json\/wp\/v2\/product_brand?post=1366047"},{"taxonomy":"product_cat","embeddable":true,"href":"https:\/\/games.tactic.net\/da\/wp-json\/wp\/v2\/product_cat?post=1366047"},{"taxonomy":"product_tag","embeddable":true,"href":"https:\/\/games.tactic.net\/da\/wp-json\/wp\/v2\/product_tag?post=1366047"},{"taxonomy":"brand","embeddable":true,"href":"https:\/\/games.tactic.net\/da\/wp-json\/wp\/v2\/brand?post=1366047"},{"taxonomy":"target-group","embeddable":true,"href":"https:\/\/games.tactic.net\/da\/wp-json\/wp\/v2\/target-group?post=1366047"},{"taxonomy":"discontinued","embeddable":true,"href":"https:\/\/games.tactic.net\/da\/wp-json\/wp\/v2\/discontinued?post=1366047"}],"curies":[{"name":"wp","href":"https:\/\/api.w.org\/{rel}","templated":true}]}}