{"id":1366046,"date":"2025-03-06T09:10:25","date_gmt":"2025-03-06T07:10:25","guid":{"rendered":"https:\/\/games.tactic.net\/tuote\/roadmax-tractor-with-forestry-trailer-and-3-trunks\/"},"modified":"2025-03-06T09:10:25","modified_gmt":"2025-03-06T07:10:25","slug":"roadmax-tractor-with-forestry-trailer-and-3-trunks","status":"publish","type":"product","link":"https:\/\/games.tactic.net\/da\/tuote\/roadmax-tractor-with-forestry-trailer-and-3-trunks\/","title":{"rendered":"ROADMAX Tractor with Forestry trailer and 3 trunks"},"content":{"rendered":"<p>ROADMAX-traktoren med skovvogn og tre stammer er designet til b\u00f8rn fra 2 \u00e5r og opefter. Modellen har et detaljeret f\u00f8rerhus og store, traktortypiske d\u00e6k. For at g\u00f8re det endnu sjovere omfatter denne kombination en fungerende skovvogn med tre tr\u00e6stammer og et vipbart l\u00e6sseomr\u00e5de.<\/p>\n","protected":false},"excerpt":{"rendered":"<p>ROADMAX Traktor med skovvogn og 3 stammer<\/p>\n","protected":false},"featured_media":0,"template":"","meta":{"content-type":"","_monsterinsights_skip_tracking":false,"_monsterinsights_sitenote_active":false,"_monsterinsights_sitenote_note":"","_monsterinsights_sitenote_category":0},"product_brand":[],"product_cat":[1498],"product_tag":[],"brand":[],"target-group":[],"discontinued":[],"class_list":{"0":"post-1366046","1":"product","2":"type-product","3":"status-publish","5":"product_cat-bruder-legetoej","7":"first","8":"instock","9":"taxable","10":"shipping-taxable","11":"product-type-simple"},"aioseo_notices":[],"_links":{"self":[{"href":"https:\/\/games.tactic.net\/da\/wp-json\/wp\/v2\/product\/1366046","targetHints":{"allow":["GET"]}}],"collection":[{"href":"https:\/\/games.tactic.net\/da\/wp-json\/wp\/v2\/product"}],"about":[{"href":"https:\/\/games.tactic.net\/da\/wp-json\/wp\/v2\/types\/product"}],"wp:attachment":[{"href":"https:\/\/games.tactic.net\/da\/wp-json\/wp\/v2\/media?parent=1366046"}],"wp:term":[{"taxonomy":"product_brand","embeddable":true,"href":"https:\/\/games.tactic.net\/da\/wp-json\/wp\/v2\/product_brand?post=1366046"},{"taxonomy":"product_cat","embeddable":true,"href":"https:\/\/games.tactic.net\/da\/wp-json\/wp\/v2\/product_cat?post=1366046"},{"taxonomy":"product_tag","embeddable":true,"href":"https:\/\/games.tactic.net\/da\/wp-json\/wp\/v2\/product_tag?post=1366046"},{"taxonomy":"brand","embeddable":true,"href":"https:\/\/games.tactic.net\/da\/wp-json\/wp\/v2\/brand?post=1366046"},{"taxonomy":"target-group","embeddable":true,"href":"https:\/\/games.tactic.net\/da\/wp-json\/wp\/v2\/target-group?post=1366046"},{"taxonomy":"discontinued","embeddable":true,"href":"https:\/\/games.tactic.net\/da\/wp-json\/wp\/v2\/discontinued?post=1366046"}],"curies":[{"name":"wp","href":"https:\/\/api.w.org\/{rel}","templated":true}]}}