{"id":1365427,"date":"2025-02-03T14:23:15","date_gmt":"2025-02-03T12:23:15","guid":{"rendered":"https:\/\/games.tactic.net\/tuote\/plasto-baby-swing-with-ropes-assort\/"},"modified":"2025-02-03T14:23:15","modified_gmt":"2025-02-03T12:23:15","slug":"plasto-baby-swing-with-ropes-assort","status":"publish","type":"product","link":"https:\/\/games.tactic.net\/da\/tuote\/plasto-baby-swing-with-ropes-assort\/","title":{"rendered":"PLASTO Baby swing with ropes assort."},"content":{"rendered":"<p>En sikker Plasto babygynge til indend\u00f8rs og udend\u00f8rs brug. H\u00f8jde: 26 cm. Bredde: 35 cm. Maksimal v\u00e6gt: 30 kg. Anbefalet alder: 10 m\u00e5neder+. Fremstillet i Finland.<\/p>\n","protected":false},"excerpt":{"rendered":"<p>En sikker Plasto babygynge til indend\u00f8rs og udend\u00f8rs brug. H\u00f8jde: 26 cm. Bredde: 35 cm. Maksimal v\u00e6gt: 30 kg. Anbefalet alder: 10 m\u00e5neder+. Fremstillet i Finland.<\/p>\n","protected":false},"featured_media":0,"template":"","meta":{"content-type":"","_monsterinsights_skip_tracking":false,"_monsterinsights_sitenote_active":false,"_monsterinsights_sitenote_note":"","_monsterinsights_sitenote_category":0},"product_brand":[],"product_cat":[2313],"product_tag":[],"brand":[],"target-group":[],"discontinued":[],"class_list":{"0":"post-1365427","1":"product","2":"type-product","3":"status-publish","5":"product_cat-plasto-legetoej","7":"first","8":"instock","9":"taxable","10":"shipping-taxable","11":"product-type-simple"},"aioseo_notices":[],"_links":{"self":[{"href":"https:\/\/games.tactic.net\/da\/wp-json\/wp\/v2\/product\/1365427","targetHints":{"allow":["GET"]}}],"collection":[{"href":"https:\/\/games.tactic.net\/da\/wp-json\/wp\/v2\/product"}],"about":[{"href":"https:\/\/games.tactic.net\/da\/wp-json\/wp\/v2\/types\/product"}],"wp:attachment":[{"href":"https:\/\/games.tactic.net\/da\/wp-json\/wp\/v2\/media?parent=1365427"}],"wp:term":[{"taxonomy":"product_brand","embeddable":true,"href":"https:\/\/games.tactic.net\/da\/wp-json\/wp\/v2\/product_brand?post=1365427"},{"taxonomy":"product_cat","embeddable":true,"href":"https:\/\/games.tactic.net\/da\/wp-json\/wp\/v2\/product_cat?post=1365427"},{"taxonomy":"product_tag","embeddable":true,"href":"https:\/\/games.tactic.net\/da\/wp-json\/wp\/v2\/product_tag?post=1365427"},{"taxonomy":"brand","embeddable":true,"href":"https:\/\/games.tactic.net\/da\/wp-json\/wp\/v2\/brand?post=1365427"},{"taxonomy":"target-group","embeddable":true,"href":"https:\/\/games.tactic.net\/da\/wp-json\/wp\/v2\/target-group?post=1365427"},{"taxonomy":"discontinued","embeddable":true,"href":"https:\/\/games.tactic.net\/da\/wp-json\/wp\/v2\/discontinued?post=1365427"}],"curies":[{"name":"wp","href":"https:\/\/api.w.org\/{rel}","templated":true}]}}