{"id":1365419,"date":"2025-02-03T14:21:35","date_gmt":"2025-02-03T12:21:35","guid":{"rendered":"https:\/\/games.tactic.net\/tuote\/plasto-set-waterwheel-tipper-truck-spade\/"},"modified":"2025-02-03T14:21:35","modified_gmt":"2025-02-03T12:21:35","slug":"plasto-set-waterwheel-tipper-truck-spade","status":"publish","type":"product","link":"https:\/\/games.tactic.net\/da\/tuote\/plasto-set-waterwheel-tipper-truck-spade\/","title":{"rendered":"PLASTO Set Waterwheel, tipper truck &#038; spade"},"content":{"rendered":"<p>Dette Plasto-sommers\u00e6t inspirerer til aktiv udend\u00f8rs leg! S\u00e6ttet inkluderer en sand\/vandhjul, tiplad lastbil og spade. H\u00f8jde p\u00e5 sand\/vandhjulet: 28 cm. L\u00e6ngde p\u00e5 tiplad lastbilen: 22 cm. L\u00e6ngde p\u00e5 spaden: 20 cm. Anbefalet alder: 1+. Fremstillet i Finland.<\/p>\n","protected":false},"excerpt":{"rendered":"<p>PLASTO-s\u00e6t Vandhjul, tipvogn og spade<\/p>\n","protected":false},"featured_media":0,"template":"","meta":{"content-type":"","_monsterinsights_skip_tracking":false,"_monsterinsights_sitenote_active":false,"_monsterinsights_sitenote_note":"","_monsterinsights_sitenote_category":0},"product_brand":[],"product_cat":[2313],"product_tag":[],"brand":[{"id":2314,"name":"Plasto","slug":"plasto-3"}],"target-group":[],"discontinued":[],"class_list":{"0":"post-1365419","1":"product","2":"type-product","3":"status-publish","5":"product_cat-plasto-legetoej","6":"brand-plasto-3","8":"first","9":"instock","10":"taxable","11":"shipping-taxable","12":"product-type-simple"},"aioseo_notices":[],"_links":{"self":[{"href":"https:\/\/games.tactic.net\/da\/wp-json\/wp\/v2\/product\/1365419","targetHints":{"allow":["GET"]}}],"collection":[{"href":"https:\/\/games.tactic.net\/da\/wp-json\/wp\/v2\/product"}],"about":[{"href":"https:\/\/games.tactic.net\/da\/wp-json\/wp\/v2\/types\/product"}],"wp:attachment":[{"href":"https:\/\/games.tactic.net\/da\/wp-json\/wp\/v2\/media?parent=1365419"}],"wp:term":[{"taxonomy":"product_brand","embeddable":true,"href":"https:\/\/games.tactic.net\/da\/wp-json\/wp\/v2\/product_brand?post=1365419"},{"taxonomy":"product_cat","embeddable":true,"href":"https:\/\/games.tactic.net\/da\/wp-json\/wp\/v2\/product_cat?post=1365419"},{"taxonomy":"product_tag","embeddable":true,"href":"https:\/\/games.tactic.net\/da\/wp-json\/wp\/v2\/product_tag?post=1365419"},{"taxonomy":"brand","embeddable":true,"href":"https:\/\/games.tactic.net\/da\/wp-json\/wp\/v2\/brand?post=1365419"},{"taxonomy":"target-group","embeddable":true,"href":"https:\/\/games.tactic.net\/da\/wp-json\/wp\/v2\/target-group?post=1365419"},{"taxonomy":"discontinued","embeddable":true,"href":"https:\/\/games.tactic.net\/da\/wp-json\/wp\/v2\/discontinued?post=1365419"}],"curies":[{"name":"wp","href":"https:\/\/api.w.org\/{rel}","templated":true}]}}