{"id":1365407,"date":"2025-02-03T14:18:36","date_gmt":"2025-02-03T12:18:36","guid":{"rendered":"https:\/\/games.tactic.net\/tuote\/plasto-soft-neutrals-tractor-with-trailer-and-fron\/"},"modified":"2025-02-03T14:18:36","modified_gmt":"2025-02-03T12:18:36","slug":"plasto-soft-neutrals-tractor-with-trailer-and-fron","status":"publish","type":"product","link":"https:\/\/games.tactic.net\/da\/tuote\/plasto-soft-neutrals-tractor-with-trailer-and-fron\/","title":{"rendered":"PLASTO Soft Neutrals Tractor with trailer and fron"},"content":{"rendered":"<p>Special Edition &#8211; Soft Neutrals! Rolige og afslappende farver i bl\u00f8de, naturlige nuancer. Vores favorit traktor til mange timers aktiv leg! Praktisk og holdbar Plasto traktor med frontl\u00e6sser og trailer har mange funktioner! L\u00e6ngde: 56,5 cm. H\u00f8jde: 16 cm. Bredde: 16,5 cm. Anbefalet alder: 1+. Fremstillet i Finland.<\/p>\n","protected":false},"excerpt":{"rendered":"<p>PLASTO Soft Neutrals Traktor med frontl\u00e6sser og anh\u00e6nger. 56,5 cm.<\/p>\n","protected":false},"featured_media":0,"template":"","meta":{"content-type":"","_monsterinsights_skip_tracking":false,"_monsterinsights_sitenote_active":false,"_monsterinsights_sitenote_note":"","_monsterinsights_sitenote_category":0},"product_brand":[],"product_cat":[2313],"product_tag":[],"brand":[{"id":2314,"name":"Plasto","slug":"plasto-3"}],"target-group":[],"discontinued":[],"class_list":{"0":"post-1365407","1":"product","2":"type-product","3":"status-publish","5":"product_cat-plasto-legetoej","6":"brand-plasto-3","8":"first","9":"instock","10":"taxable","11":"shipping-taxable","12":"product-type-simple"},"aioseo_notices":[],"_links":{"self":[{"href":"https:\/\/games.tactic.net\/da\/wp-json\/wp\/v2\/product\/1365407","targetHints":{"allow":["GET"]}}],"collection":[{"href":"https:\/\/games.tactic.net\/da\/wp-json\/wp\/v2\/product"}],"about":[{"href":"https:\/\/games.tactic.net\/da\/wp-json\/wp\/v2\/types\/product"}],"wp:attachment":[{"href":"https:\/\/games.tactic.net\/da\/wp-json\/wp\/v2\/media?parent=1365407"}],"wp:term":[{"taxonomy":"product_brand","embeddable":true,"href":"https:\/\/games.tactic.net\/da\/wp-json\/wp\/v2\/product_brand?post=1365407"},{"taxonomy":"product_cat","embeddable":true,"href":"https:\/\/games.tactic.net\/da\/wp-json\/wp\/v2\/product_cat?post=1365407"},{"taxonomy":"product_tag","embeddable":true,"href":"https:\/\/games.tactic.net\/da\/wp-json\/wp\/v2\/product_tag?post=1365407"},{"taxonomy":"brand","embeddable":true,"href":"https:\/\/games.tactic.net\/da\/wp-json\/wp\/v2\/brand?post=1365407"},{"taxonomy":"target-group","embeddable":true,"href":"https:\/\/games.tactic.net\/da\/wp-json\/wp\/v2\/target-group?post=1365407"},{"taxonomy":"discontinued","embeddable":true,"href":"https:\/\/games.tactic.net\/da\/wp-json\/wp\/v2\/discontinued?post=1365407"}],"curies":[{"name":"wp","href":"https:\/\/api.w.org\/{rel}","templated":true}]}}