{"id":1365405,"date":"2025-02-03T14:18:04","date_gmt":"2025-02-03T12:18:04","guid":{"rendered":"https:\/\/games.tactic.net\/tuote\/plasto-frontloader-30-cm-bioplastic\/"},"modified":"2025-02-03T14:18:04","modified_gmt":"2025-02-03T12:18:04","slug":"plasto-frontloader-30-cm-bioplastic","status":"publish","type":"product","link":"https:\/\/games.tactic.net\/da\/tuote\/plasto-frontloader-30-cm-bioplastic\/","title":{"rendered":"PLASTO Frontloader (30 cm) Bioplastic"},"content":{"rendered":"<p>Et b\u00e6redygtigt valg! Ekstremt holdbar Plasto frontl\u00e6sser til mange timers fantasifuld leg! L\u00e6ngde p\u00e5 frontl\u00e6sseren: 30 cm. Bioplast. Plastikken i dette leget\u00f8j er lavet af sukkerr\u00f8r og er 100 % fornybar. Anbefalet alder: 1+. Fremstillet i Finland.<\/p>\n","protected":false},"excerpt":{"rendered":"<p>PLASTO Frontl\u00e6sser (30 cm) Bioplastic<\/p>\n","protected":false},"featured_media":0,"template":"","meta":{"content-type":"","_monsterinsights_skip_tracking":false,"_monsterinsights_sitenote_active":false,"_monsterinsights_sitenote_note":"","_monsterinsights_sitenote_category":0},"product_brand":[],"product_cat":[2313],"product_tag":[],"brand":[{"id":2314,"name":"Plasto","slug":"plasto-3"}],"target-group":[],"discontinued":[],"class_list":{"0":"post-1365405","1":"product","2":"type-product","3":"status-publish","5":"product_cat-plasto-legetoej","6":"brand-plasto-3","8":"first","9":"outofstock","10":"taxable","11":"shipping-taxable","12":"product-type-simple"},"aioseo_notices":[],"_links":{"self":[{"href":"https:\/\/games.tactic.net\/da\/wp-json\/wp\/v2\/product\/1365405","targetHints":{"allow":["GET"]}}],"collection":[{"href":"https:\/\/games.tactic.net\/da\/wp-json\/wp\/v2\/product"}],"about":[{"href":"https:\/\/games.tactic.net\/da\/wp-json\/wp\/v2\/types\/product"}],"wp:attachment":[{"href":"https:\/\/games.tactic.net\/da\/wp-json\/wp\/v2\/media?parent=1365405"}],"wp:term":[{"taxonomy":"product_brand","embeddable":true,"href":"https:\/\/games.tactic.net\/da\/wp-json\/wp\/v2\/product_brand?post=1365405"},{"taxonomy":"product_cat","embeddable":true,"href":"https:\/\/games.tactic.net\/da\/wp-json\/wp\/v2\/product_cat?post=1365405"},{"taxonomy":"product_tag","embeddable":true,"href":"https:\/\/games.tactic.net\/da\/wp-json\/wp\/v2\/product_tag?post=1365405"},{"taxonomy":"brand","embeddable":true,"href":"https:\/\/games.tactic.net\/da\/wp-json\/wp\/v2\/brand?post=1365405"},{"taxonomy":"target-group","embeddable":true,"href":"https:\/\/games.tactic.net\/da\/wp-json\/wp\/v2\/target-group?post=1365405"},{"taxonomy":"discontinued","embeddable":true,"href":"https:\/\/games.tactic.net\/da\/wp-json\/wp\/v2\/discontinued?post=1365405"}],"curies":[{"name":"wp","href":"https:\/\/api.w.org\/{rel}","templated":true}]}}