{"id":1365399,"date":"2025-02-03T14:16:41","date_gmt":"2025-02-03T12:16:41","guid":{"rendered":"https:\/\/games.tactic.net\/tuote\/plasto-truck-1653-shoveldozer-1655-assorted-in-di\/"},"modified":"2025-02-03T14:16:41","modified_gmt":"2025-02-03T12:16:41","slug":"plasto-truck-1653-shoveldozer-1655-assorted-in-di","status":"publish","type":"product","link":"https:\/\/games.tactic.net\/da\/tuote\/plasto-truck-1653-shoveldozer-1655-assorted-in-di\/","title":{"rendered":"PLASTO Truck 1653, Shoveldozer 1655 assorted in di"},"content":{"rendered":"<p>Plasto k\u00f8ret\u00f8jssortiment: Ekstremt holdbar tiplad lastbil og skovldozer. V\u00e6lg din favorit eller begge! L\u00e6ngde p\u00e5 disse favoritk\u00f8ret\u00f8jer: 30 cm. Anbefalet alder: 1+. Fremstillet i Finland.<\/p>\n","protected":false},"excerpt":{"rendered":"<p>Plasto k\u00f8ret\u00f8jssortiment: Ekstremt holdbar tiplad lastbil og skovldozer. V\u00e6lg din favorit eller begge! L\u00e6ngde p\u00e5 disse favoritk\u00f8ret\u00f8jer: 30 cm. Anbefalet alder: 1+. Fremstillet i Finland.<\/p>\n","protected":false},"featured_media":0,"template":"","meta":{"content-type":"","_monsterinsights_skip_tracking":false,"_monsterinsights_sitenote_active":false,"_monsterinsights_sitenote_note":"","_monsterinsights_sitenote_category":0},"product_brand":[],"product_cat":[2313],"product_tag":[],"brand":[{"id":2314,"name":"Plasto","slug":"plasto-3"}],"target-group":[],"discontinued":[],"class_list":{"0":"post-1365399","1":"product","2":"type-product","3":"status-publish","5":"product_cat-plasto-legetoej","6":"brand-plasto-3","8":"first","9":"instock","10":"taxable","11":"shipping-taxable","12":"product-type-simple"},"aioseo_notices":[],"_links":{"self":[{"href":"https:\/\/games.tactic.net\/da\/wp-json\/wp\/v2\/product\/1365399","targetHints":{"allow":["GET"]}}],"collection":[{"href":"https:\/\/games.tactic.net\/da\/wp-json\/wp\/v2\/product"}],"about":[{"href":"https:\/\/games.tactic.net\/da\/wp-json\/wp\/v2\/types\/product"}],"wp:attachment":[{"href":"https:\/\/games.tactic.net\/da\/wp-json\/wp\/v2\/media?parent=1365399"}],"wp:term":[{"taxonomy":"product_brand","embeddable":true,"href":"https:\/\/games.tactic.net\/da\/wp-json\/wp\/v2\/product_brand?post=1365399"},{"taxonomy":"product_cat","embeddable":true,"href":"https:\/\/games.tactic.net\/da\/wp-json\/wp\/v2\/product_cat?post=1365399"},{"taxonomy":"product_tag","embeddable":true,"href":"https:\/\/games.tactic.net\/da\/wp-json\/wp\/v2\/product_tag?post=1365399"},{"taxonomy":"brand","embeddable":true,"href":"https:\/\/games.tactic.net\/da\/wp-json\/wp\/v2\/brand?post=1365399"},{"taxonomy":"target-group","embeddable":true,"href":"https:\/\/games.tactic.net\/da\/wp-json\/wp\/v2\/target-group?post=1365399"},{"taxonomy":"discontinued","embeddable":true,"href":"https:\/\/games.tactic.net\/da\/wp-json\/wp\/v2\/discontinued?post=1365399"}],"curies":[{"name":"wp","href":"https:\/\/api.w.org\/{rel}","templated":true}]}}