{"id":1365395,"date":"2025-02-03T14:15:44","date_gmt":"2025-02-03T12:15:44","guid":{"rendered":"https:\/\/games.tactic.net\/tuote\/plasto-wheelbarrow-set-assort\/"},"modified":"2025-02-03T14:15:44","modified_gmt":"2025-02-03T12:15:44","slug":"plasto-wheelbarrow-set-assort","status":"publish","type":"product","link":"https:\/\/games.tactic.net\/da\/tuote\/plasto-wheelbarrow-set-assort\/","title":{"rendered":"PLASTO Wheelbarrow set assort."},"content":{"rendered":"<p>Til havearbejde! H\u00f8jkvalitets Plasto-trilleb\u00f8r-s\u00e6t inkluderer trilleb\u00f8r, spand, spade og tre sandforme. L\u00e6ngde p\u00e5 trilleb\u00f8ren: 56 cm. H\u00f8jde: 25 cm. Spandens volumen: 1,2 liter. Spadens l\u00e6ngde: 25 cm. Anbefalet alder: 1+. Fremstillet i Finland.<\/p>\n","protected":false},"excerpt":{"rendered":"<p>Til havearbejde! H\u00f8jkvalitets Plasto-trilleb\u00f8r-s\u00e6t inkluderer trilleb\u00f8r, spand, spade og tre sandforme. L\u00e6ngde p\u00e5 trilleb\u00f8ren: 56 cm. H\u00f8jde: 25 cm. Spandens volumen: 1,2 liter. Spadens l\u00e6ngde: 25 cm. Anbefalet alder: 1+. Fremstillet i Finland.<\/p>\n","protected":false},"featured_media":0,"template":"","meta":{"content-type":"","_monsterinsights_skip_tracking":false,"_monsterinsights_sitenote_active":false,"_monsterinsights_sitenote_note":"","_monsterinsights_sitenote_category":0},"product_brand":[],"product_cat":[2313],"product_tag":[],"brand":[{"id":2314,"name":"Plasto","slug":"plasto-3"}],"target-group":[],"discontinued":[],"class_list":{"0":"post-1365395","1":"product","2":"type-product","3":"status-publish","5":"product_cat-plasto-legetoej","6":"brand-plasto-3","8":"first","9":"instock","10":"taxable","11":"shipping-taxable","12":"product-type-simple"},"aioseo_notices":[],"_links":{"self":[{"href":"https:\/\/games.tactic.net\/da\/wp-json\/wp\/v2\/product\/1365395","targetHints":{"allow":["GET"]}}],"collection":[{"href":"https:\/\/games.tactic.net\/da\/wp-json\/wp\/v2\/product"}],"about":[{"href":"https:\/\/games.tactic.net\/da\/wp-json\/wp\/v2\/types\/product"}],"wp:attachment":[{"href":"https:\/\/games.tactic.net\/da\/wp-json\/wp\/v2\/media?parent=1365395"}],"wp:term":[{"taxonomy":"product_brand","embeddable":true,"href":"https:\/\/games.tactic.net\/da\/wp-json\/wp\/v2\/product_brand?post=1365395"},{"taxonomy":"product_cat","embeddable":true,"href":"https:\/\/games.tactic.net\/da\/wp-json\/wp\/v2\/product_cat?post=1365395"},{"taxonomy":"product_tag","embeddable":true,"href":"https:\/\/games.tactic.net\/da\/wp-json\/wp\/v2\/product_tag?post=1365395"},{"taxonomy":"brand","embeddable":true,"href":"https:\/\/games.tactic.net\/da\/wp-json\/wp\/v2\/brand?post=1365395"},{"taxonomy":"target-group","embeddable":true,"href":"https:\/\/games.tactic.net\/da\/wp-json\/wp\/v2\/target-group?post=1365395"},{"taxonomy":"discontinued","embeddable":true,"href":"https:\/\/games.tactic.net\/da\/wp-json\/wp\/v2\/discontinued?post=1365395"}],"curies":[{"name":"wp","href":"https:\/\/api.w.org\/{rel}","templated":true}]}}