{"id":1365382,"date":"2025-02-03T14:12:50","date_gmt":"2025-02-03T12:12:50","guid":{"rendered":"https:\/\/games.tactic.net\/tuote\/plasto-rake-with-wooden-handle-80-cm\/"},"modified":"2025-02-03T14:12:50","modified_gmt":"2025-02-03T12:12:50","slug":"plasto-rake-with-wooden-handle-80-cm","status":"publish","type":"product","link":"https:\/\/games.tactic.net\/da\/tuote\/plasto-rake-with-wooden-handle-80-cm\/","title":{"rendered":"PLASTO Rake with wooden handle, 80 cm"},"content":{"rendered":"<p>Til haven! H\u00f8jkvalitets Plasto-l\u00f8vrive med tr\u00e6skaft. L\u00e6ngde: 80 cm. Forskellige farver. Fremstillet i Finland. Anbefalet alder: 1+.<\/p>\n","protected":false},"excerpt":{"rendered":"<p>Til haven! H\u00f8jkvalitets Plasto-l\u00f8vrive med tr\u00e6skaft. L\u00e6ngde: 80 cm. Forskellige farver. Fremstillet i Finland. Anbefalet alder: 1+.<\/p>\n","protected":false},"featured_media":0,"template":"","meta":{"content-type":"","_monsterinsights_skip_tracking":false,"_monsterinsights_sitenote_active":false,"_monsterinsights_sitenote_note":"","_monsterinsights_sitenote_category":0},"product_brand":[],"product_cat":[2313],"product_tag":[],"brand":[{"id":2314,"name":"Plasto","slug":"plasto-3"}],"target-group":[],"discontinued":[],"class_list":{"0":"post-1365382","1":"product","2":"type-product","3":"status-publish","5":"product_cat-plasto-legetoej","6":"brand-plasto-3","8":"first","9":"instock","10":"taxable","11":"shipping-taxable","12":"product-type-simple"},"aioseo_notices":[],"_links":{"self":[{"href":"https:\/\/games.tactic.net\/da\/wp-json\/wp\/v2\/product\/1365382","targetHints":{"allow":["GET"]}}],"collection":[{"href":"https:\/\/games.tactic.net\/da\/wp-json\/wp\/v2\/product"}],"about":[{"href":"https:\/\/games.tactic.net\/da\/wp-json\/wp\/v2\/types\/product"}],"wp:attachment":[{"href":"https:\/\/games.tactic.net\/da\/wp-json\/wp\/v2\/media?parent=1365382"}],"wp:term":[{"taxonomy":"product_brand","embeddable":true,"href":"https:\/\/games.tactic.net\/da\/wp-json\/wp\/v2\/product_brand?post=1365382"},{"taxonomy":"product_cat","embeddable":true,"href":"https:\/\/games.tactic.net\/da\/wp-json\/wp\/v2\/product_cat?post=1365382"},{"taxonomy":"product_tag","embeddable":true,"href":"https:\/\/games.tactic.net\/da\/wp-json\/wp\/v2\/product_tag?post=1365382"},{"taxonomy":"brand","embeddable":true,"href":"https:\/\/games.tactic.net\/da\/wp-json\/wp\/v2\/brand?post=1365382"},{"taxonomy":"target-group","embeddable":true,"href":"https:\/\/games.tactic.net\/da\/wp-json\/wp\/v2\/target-group?post=1365382"},{"taxonomy":"discontinued","embeddable":true,"href":"https:\/\/games.tactic.net\/da\/wp-json\/wp\/v2\/discontinued?post=1365382"}],"curies":[{"name":"wp","href":"https:\/\/api.w.org\/{rel}","templated":true}]}}