{"id":1365381,"date":"2025-02-03T14:12:37","date_gmt":"2025-02-03T12:12:37","guid":{"rendered":"https:\/\/games.tactic.net\/tuote\/plasto-recycling-truck-40-cm\/"},"modified":"2025-02-03T14:12:37","modified_gmt":"2025-02-03T12:12:37","slug":"plasto-recycling-truck-40-cm","status":"publish","type":"product","link":"https:\/\/games.tactic.net\/da\/tuote\/plasto-recycling-truck-40-cm\/","title":{"rendered":"PLASTO Recycling truck, 40 cm"},"content":{"rendered":"<p>Holdbar Plasto-genbrugsbil med mange funktioner og stor legev\u00e6rdi inspirerer til fantasifuld leg! Inkluderer ogs\u00e5 en separat skraldespand. L\u00e6ngde p\u00e5 genbrugsbilen: 40 cm. Fremstillet i Finland. Anbefalet alder: 1+.<\/p>\n","protected":false},"excerpt":{"rendered":"<p>PLASTO Skraldebil, 40 cm<\/p>\n","protected":false},"featured_media":0,"template":"","meta":{"content-type":"","_monsterinsights_skip_tracking":false,"_monsterinsights_sitenote_active":false,"_monsterinsights_sitenote_note":"","_monsterinsights_sitenote_category":0},"product_brand":[],"product_cat":[2313],"product_tag":[],"brand":[{"id":2314,"name":"Plasto","slug":"plasto-3"}],"target-group":[],"discontinued":[],"class_list":{"0":"post-1365381","1":"product","2":"type-product","3":"status-publish","5":"product_cat-plasto-legetoej","6":"brand-plasto-3","8":"first","9":"instock","10":"taxable","11":"shipping-taxable","12":"product-type-simple"},"aioseo_notices":[],"_links":{"self":[{"href":"https:\/\/games.tactic.net\/da\/wp-json\/wp\/v2\/product\/1365381","targetHints":{"allow":["GET"]}}],"collection":[{"href":"https:\/\/games.tactic.net\/da\/wp-json\/wp\/v2\/product"}],"about":[{"href":"https:\/\/games.tactic.net\/da\/wp-json\/wp\/v2\/types\/product"}],"wp:attachment":[{"href":"https:\/\/games.tactic.net\/da\/wp-json\/wp\/v2\/media?parent=1365381"}],"wp:term":[{"taxonomy":"product_brand","embeddable":true,"href":"https:\/\/games.tactic.net\/da\/wp-json\/wp\/v2\/product_brand?post=1365381"},{"taxonomy":"product_cat","embeddable":true,"href":"https:\/\/games.tactic.net\/da\/wp-json\/wp\/v2\/product_cat?post=1365381"},{"taxonomy":"product_tag","embeddable":true,"href":"https:\/\/games.tactic.net\/da\/wp-json\/wp\/v2\/product_tag?post=1365381"},{"taxonomy":"brand","embeddable":true,"href":"https:\/\/games.tactic.net\/da\/wp-json\/wp\/v2\/brand?post=1365381"},{"taxonomy":"target-group","embeddable":true,"href":"https:\/\/games.tactic.net\/da\/wp-json\/wp\/v2\/target-group?post=1365381"},{"taxonomy":"discontinued","embeddable":true,"href":"https:\/\/games.tactic.net\/da\/wp-json\/wp\/v2\/discontinued?post=1365381"}],"curies":[{"name":"wp","href":"https:\/\/api.w.org\/{rel}","templated":true}]}}