{"id":1365372,"date":"2025-02-03T14:10:26","date_gmt":"2025-02-03T12:10:26","guid":{"rendered":"https:\/\/games.tactic.net\/tuote\/plasto-truck-and-sand-toys-5-parts\/"},"modified":"2025-02-03T14:10:26","modified_gmt":"2025-02-03T12:10:26","slug":"plasto-truck-and-sand-toys-5-parts","status":"publish","type":"product","link":"https:\/\/games.tactic.net\/da\/tuote\/plasto-truck-and-sand-toys-5-parts\/","title":{"rendered":"PLASTO Truck and sand toys, 5 parts"},"content":{"rendered":"<p>Plasto-s\u00e6t med tiplad lastbil og sandlege-s\u00e6t inviterer til kreativ leg! Indeholder 5 dele. H\u00f8jkvalitets tiplad lastbil, spand, spade og to sandforme. L\u00e6ngde p\u00e5 den holdbare tiplad lastbil: 40 cm. Spandens volumen: 1,2 liter. Spadens l\u00e6ngde: 25 cm. Anbefalet alder: 1+. Fremstillet i Finland.<\/p>\n","protected":false},"excerpt":{"rendered":"<p>PLASTO Lastbil med sandleget\u00f8j, 5 dele<\/p>\n","protected":false},"featured_media":0,"template":"","meta":{"content-type":"","_monsterinsights_skip_tracking":false,"_monsterinsights_sitenote_active":false,"_monsterinsights_sitenote_note":"","_monsterinsights_sitenote_category":0},"product_brand":[],"product_cat":[2313],"product_tag":[],"brand":[{"id":2314,"name":"Plasto","slug":"plasto-3"}],"target-group":[],"discontinued":[],"class_list":{"0":"post-1365372","1":"product","2":"type-product","3":"status-publish","5":"product_cat-plasto-legetoej","6":"brand-plasto-3","8":"first","9":"instock","10":"taxable","11":"shipping-taxable","12":"product-type-simple"},"aioseo_notices":[],"_links":{"self":[{"href":"https:\/\/games.tactic.net\/da\/wp-json\/wp\/v2\/product\/1365372","targetHints":{"allow":["GET"]}}],"collection":[{"href":"https:\/\/games.tactic.net\/da\/wp-json\/wp\/v2\/product"}],"about":[{"href":"https:\/\/games.tactic.net\/da\/wp-json\/wp\/v2\/types\/product"}],"wp:attachment":[{"href":"https:\/\/games.tactic.net\/da\/wp-json\/wp\/v2\/media?parent=1365372"}],"wp:term":[{"taxonomy":"product_brand","embeddable":true,"href":"https:\/\/games.tactic.net\/da\/wp-json\/wp\/v2\/product_brand?post=1365372"},{"taxonomy":"product_cat","embeddable":true,"href":"https:\/\/games.tactic.net\/da\/wp-json\/wp\/v2\/product_cat?post=1365372"},{"taxonomy":"product_tag","embeddable":true,"href":"https:\/\/games.tactic.net\/da\/wp-json\/wp\/v2\/product_tag?post=1365372"},{"taxonomy":"brand","embeddable":true,"href":"https:\/\/games.tactic.net\/da\/wp-json\/wp\/v2\/brand?post=1365372"},{"taxonomy":"target-group","embeddable":true,"href":"https:\/\/games.tactic.net\/da\/wp-json\/wp\/v2\/target-group?post=1365372"},{"taxonomy":"discontinued","embeddable":true,"href":"https:\/\/games.tactic.net\/da\/wp-json\/wp\/v2\/discontinued?post=1365372"}],"curies":[{"name":"wp","href":"https:\/\/api.w.org\/{rel}","templated":true}]}}