{"id":1365369,"date":"2025-02-03T14:09:43","date_gmt":"2025-02-03T12:09:43","guid":{"rendered":"https:\/\/games.tactic.net\/tuote\/plasto-bucket-set-bioplastic\/"},"modified":"2025-02-03T14:09:43","modified_gmt":"2025-02-03T12:09:43","slug":"plasto-bucket-set-bioplastic","status":"publish","type":"product","link":"https:\/\/games.tactic.net\/da\/tuote\/plasto-bucket-set-bioplastic\/","title":{"rendered":"PLASTO Bucket Set Bioplastic"},"content":{"rendered":"<p>Et b\u00e6redygtigt valg! H\u00f8jkvalitets Plasto-s\u00e6t med spand, spade og sandform. Indeholder 3 dele. Spandens volumen: 1,2 liter. Spadens l\u00e6ngde: 20 cm. Bioplast. Plastikken i dette leget\u00f8j er lavet af sukkerr\u00f8r og er 100 % fornybar. Fremstillet i Finland.<\/p>\n","protected":false},"excerpt":{"rendered":"<p>PLASTO Spand S\u00e6t Bioplast<\/p>\n","protected":false},"featured_media":0,"template":"","meta":{"content-type":"","_monsterinsights_skip_tracking":false,"_monsterinsights_sitenote_active":false,"_monsterinsights_sitenote_note":"","_monsterinsights_sitenote_category":0},"product_brand":[],"product_cat":[2313],"product_tag":[],"brand":[{"id":2314,"name":"Plasto","slug":"plasto-3"}],"target-group":[],"discontinued":[],"class_list":{"0":"post-1365369","1":"product","2":"type-product","3":"status-publish","5":"product_cat-plasto-legetoej","6":"brand-plasto-3","8":"first","9":"instock","10":"taxable","11":"shipping-taxable","12":"product-type-simple"},"aioseo_notices":[],"_links":{"self":[{"href":"https:\/\/games.tactic.net\/da\/wp-json\/wp\/v2\/product\/1365369","targetHints":{"allow":["GET"]}}],"collection":[{"href":"https:\/\/games.tactic.net\/da\/wp-json\/wp\/v2\/product"}],"about":[{"href":"https:\/\/games.tactic.net\/da\/wp-json\/wp\/v2\/types\/product"}],"wp:attachment":[{"href":"https:\/\/games.tactic.net\/da\/wp-json\/wp\/v2\/media?parent=1365369"}],"wp:term":[{"taxonomy":"product_brand","embeddable":true,"href":"https:\/\/games.tactic.net\/da\/wp-json\/wp\/v2\/product_brand?post=1365369"},{"taxonomy":"product_cat","embeddable":true,"href":"https:\/\/games.tactic.net\/da\/wp-json\/wp\/v2\/product_cat?post=1365369"},{"taxonomy":"product_tag","embeddable":true,"href":"https:\/\/games.tactic.net\/da\/wp-json\/wp\/v2\/product_tag?post=1365369"},{"taxonomy":"brand","embeddable":true,"href":"https:\/\/games.tactic.net\/da\/wp-json\/wp\/v2\/brand?post=1365369"},{"taxonomy":"target-group","embeddable":true,"href":"https:\/\/games.tactic.net\/da\/wp-json\/wp\/v2\/target-group?post=1365369"},{"taxonomy":"discontinued","embeddable":true,"href":"https:\/\/games.tactic.net\/da\/wp-json\/wp\/v2\/discontinued?post=1365369"}],"curies":[{"name":"wp","href":"https:\/\/api.w.org\/{rel}","templated":true}]}}