{"id":1365364,"date":"2025-02-03T14:08:31","date_gmt":"2025-02-03T12:08:31","guid":{"rendered":"https:\/\/games.tactic.net\/tuote\/plasto-sit-ride-digger\/"},"modified":"2025-02-03T14:08:31","modified_gmt":"2025-02-03T12:08:31","slug":"plasto-sit-ride-digger","status":"publish","type":"product","link":"https:\/\/games.tactic.net\/da\/tuote\/plasto-sit-ride-digger\/","title":{"rendered":"PLASTO Sit &#038; Ride Digger"},"content":{"rendered":"<p>Stor og robust Plasto-gravemaskine med h\u00f8j legev\u00e6rdi indbyder til mange timers aktiv udend\u00f8rs leg! Gravemaskinen roterer 360 grader. H\u00f8jde fra gulv til s\u00e6de: 27 cm. Maksimal v\u00e6gt: 100 kg. Anbefalet alder: 2+. Skal samles af en voksen. Fremstillet i Finland.<\/p>\n","protected":false},"excerpt":{"rendered":"<p>PLASTO gravemaskine, som man kan sidde p\u00e5<\/p>\n","protected":false},"featured_media":0,"template":"","meta":{"content-type":"","_monsterinsights_skip_tracking":false,"_monsterinsights_sitenote_active":false,"_monsterinsights_sitenote_note":"","_monsterinsights_sitenote_category":0},"product_brand":[],"product_cat":[2313],"product_tag":[],"brand":[{"id":2314,"name":"Plasto","slug":"plasto-3"}],"target-group":[],"discontinued":[],"class_list":{"0":"post-1365364","1":"product","2":"type-product","3":"status-publish","5":"product_cat-plasto-legetoej","6":"brand-plasto-3","8":"first","9":"instock","10":"taxable","11":"shipping-taxable","12":"product-type-simple"},"aioseo_notices":[],"_links":{"self":[{"href":"https:\/\/games.tactic.net\/da\/wp-json\/wp\/v2\/product\/1365364","targetHints":{"allow":["GET"]}}],"collection":[{"href":"https:\/\/games.tactic.net\/da\/wp-json\/wp\/v2\/product"}],"about":[{"href":"https:\/\/games.tactic.net\/da\/wp-json\/wp\/v2\/types\/product"}],"wp:attachment":[{"href":"https:\/\/games.tactic.net\/da\/wp-json\/wp\/v2\/media?parent=1365364"}],"wp:term":[{"taxonomy":"product_brand","embeddable":true,"href":"https:\/\/games.tactic.net\/da\/wp-json\/wp\/v2\/product_brand?post=1365364"},{"taxonomy":"product_cat","embeddable":true,"href":"https:\/\/games.tactic.net\/da\/wp-json\/wp\/v2\/product_cat?post=1365364"},{"taxonomy":"product_tag","embeddable":true,"href":"https:\/\/games.tactic.net\/da\/wp-json\/wp\/v2\/product_tag?post=1365364"},{"taxonomy":"brand","embeddable":true,"href":"https:\/\/games.tactic.net\/da\/wp-json\/wp\/v2\/brand?post=1365364"},{"taxonomy":"target-group","embeddable":true,"href":"https:\/\/games.tactic.net\/da\/wp-json\/wp\/v2\/target-group?post=1365364"},{"taxonomy":"discontinued","embeddable":true,"href":"https:\/\/games.tactic.net\/da\/wp-json\/wp\/v2\/discontinued?post=1365364"}],"curies":[{"name":"wp","href":"https:\/\/api.w.org\/{rel}","templated":true}]}}