{"id":1364353,"date":"2025-01-14T15:17:41","date_gmt":"2025-01-14T13:17:41","guid":{"rendered":"https:\/\/games.tactic.net\/tuote\/seek-and-find-toys\/"},"modified":"2025-01-30T13:29:55","modified_gmt":"2025-01-30T11:29:55","slug":"seek-and-find-toys","status":"publish","type":"product","link":"https:\/\/games.tactic.net\/da\/tuote\/seek-and-find-toys\/","title":{"rendered":"Tactic Gemmeleg i B\u00f8rnev\u00e6relset"},"content":{"rendered":"<p>Hvad kan du f\u00e5 \u00f8je p\u00e5? Lad os spille! Efter timers sjov leg er leget\u00f8jsrummet et stort rod. Nogen skal finde det forsvundne leget\u00f8j. Vend et kort, se hurtigt det afbildede leget\u00f8j p\u00e5 spillepladen, og saml et vidunderligt leget\u00f8js figur. Hvilket leget\u00f8j vil du kunne f\u00e5 \u00f8je p\u00e5? Den spiller, der finder mest leget\u00f8j, vinder! &#8220;S\u00f8g og find leget\u00f8j&#8221; giver b\u00f8rn mulighed for at bruge deres observationsevner i et sjovt kapl\u00f8b for at finde det rigtige leget\u00f8j!<\/p>\n<p><img decoding=\"async\" src=\"https:\\\\\\\\games.tactic.net\\\\pic\\\\logo\\\\Awarded_concept.png\"><\/p>\n","protected":false},"excerpt":{"rendered":"<p>S\u00f8g og find leget\u00f8j. Hvem finder det f\u00f8rst ?<\/p>\n","protected":false},"featured_media":0,"template":"","meta":{"content-type":"","_monsterinsights_skip_tracking":false,"_monsterinsights_sitenote_active":false,"_monsterinsights_sitenote_note":"","_monsterinsights_sitenote_category":0},"product_brand":[],"product_cat":[1574],"product_tag":[1229,1232],"brand":[],"target-group":[],"discontinued":[],"class_list":{"0":"post-1364353","1":"product","2":"type-product","3":"status-publish","5":"product_cat-boerne-braetspil","6":"product_tag-hastighed-da","7":"product_tag-kombinere-da","9":"first","10":"instock","11":"taxable","12":"shipping-taxable","13":"product-type-simple"},"aioseo_notices":[],"_links":{"self":[{"href":"https:\/\/games.tactic.net\/da\/wp-json\/wp\/v2\/product\/1364353","targetHints":{"allow":["GET"]}}],"collection":[{"href":"https:\/\/games.tactic.net\/da\/wp-json\/wp\/v2\/product"}],"about":[{"href":"https:\/\/games.tactic.net\/da\/wp-json\/wp\/v2\/types\/product"}],"wp:attachment":[{"href":"https:\/\/games.tactic.net\/da\/wp-json\/wp\/v2\/media?parent=1364353"}],"wp:term":[{"taxonomy":"product_brand","embeddable":true,"href":"https:\/\/games.tactic.net\/da\/wp-json\/wp\/v2\/product_brand?post=1364353"},{"taxonomy":"product_cat","embeddable":true,"href":"https:\/\/games.tactic.net\/da\/wp-json\/wp\/v2\/product_cat?post=1364353"},{"taxonomy":"product_tag","embeddable":true,"href":"https:\/\/games.tactic.net\/da\/wp-json\/wp\/v2\/product_tag?post=1364353"},{"taxonomy":"brand","embeddable":true,"href":"https:\/\/games.tactic.net\/da\/wp-json\/wp\/v2\/brand?post=1364353"},{"taxonomy":"target-group","embeddable":true,"href":"https:\/\/games.tactic.net\/da\/wp-json\/wp\/v2\/target-group?post=1364353"},{"taxonomy":"discontinued","embeddable":true,"href":"https:\/\/games.tactic.net\/da\/wp-json\/wp\/v2\/discontinued?post=1364353"}],"curies":[{"name":"wp","href":"https:\/\/api.w.org\/{rel}","templated":true}]}}