{"id":1363717,"date":"2024-12-10T13:08:46","date_gmt":"2024-12-10T11:08:46","guid":{"rendered":"https:\/\/games.tactic.net\/tuote\/tactic-my-little-pony-3-in-1-lotto-domino-memo\/"},"modified":"2024-12-10T13:08:46","modified_gmt":"2024-12-10T11:08:46","slug":"tactic-my-little-pony-3-in-1-lotto-domino-memo","status":"publish","type":"product","link":"https:\/\/games.tactic.net\/da\/tuote\/tactic-my-little-pony-3-in-1-lotto-domino-memo\/","title":{"rendered":"Tactic My Little Pony 3 in 1 Lotto, Domino, Memo"},"content":{"rendered":"<p>Tre herlige spil i \u00e9n \u00e6ske! Denne \u00e6ske indeholder tre klassiske spil: Memo, Lotto og Domino. Saml s\u00e5 mange par som muligt (Memo), find brikker der matcher din billedplade (Lotto) og byg lange k\u00e6der af brikker (Domino). Uendelig morskab for alle.<\/p>\n","protected":false},"excerpt":{"rendered":"<p>Tre herlige spil i \u00e9n \u00e6ske! Denne \u00e6ske indeholder tre klassiske spil: Memo, Lotto og Domino. Saml s\u00e5 mange par som muligt (Memo), find brikker der matcher din billedplade (Lotto) og byg lange k\u00e6der af brikker (Domino). Uendelig morskab for alle.<\/p>\n","protected":false},"featured_media":0,"template":"","meta":{"content-type":"","_monsterinsights_skip_tracking":false,"_monsterinsights_sitenote_active":false,"_monsterinsights_sitenote_note":"","_monsterinsights_sitenote_category":0},"product_brand":[],"product_cat":[1574,1602],"product_tag":[1232],"brand":[],"target-group":[],"discontinued":[],"class_list":{"0":"post-1363717","1":"product","2":"type-product","3":"status-publish","5":"product_cat-boerne-braetspil","6":"product_cat-memo-spil-bornespil","7":"product_tag-kombinere-da","9":"first","10":"instock","11":"taxable","12":"shipping-taxable","13":"product-type-simple"},"aioseo_notices":[],"_links":{"self":[{"href":"https:\/\/games.tactic.net\/da\/wp-json\/wp\/v2\/product\/1363717","targetHints":{"allow":["GET"]}}],"collection":[{"href":"https:\/\/games.tactic.net\/da\/wp-json\/wp\/v2\/product"}],"about":[{"href":"https:\/\/games.tactic.net\/da\/wp-json\/wp\/v2\/types\/product"}],"wp:attachment":[{"href":"https:\/\/games.tactic.net\/da\/wp-json\/wp\/v2\/media?parent=1363717"}],"wp:term":[{"taxonomy":"product_brand","embeddable":true,"href":"https:\/\/games.tactic.net\/da\/wp-json\/wp\/v2\/product_brand?post=1363717"},{"taxonomy":"product_cat","embeddable":true,"href":"https:\/\/games.tactic.net\/da\/wp-json\/wp\/v2\/product_cat?post=1363717"},{"taxonomy":"product_tag","embeddable":true,"href":"https:\/\/games.tactic.net\/da\/wp-json\/wp\/v2\/product_tag?post=1363717"},{"taxonomy":"brand","embeddable":true,"href":"https:\/\/games.tactic.net\/da\/wp-json\/wp\/v2\/brand?post=1363717"},{"taxonomy":"target-group","embeddable":true,"href":"https:\/\/games.tactic.net\/da\/wp-json\/wp\/v2\/target-group?post=1363717"},{"taxonomy":"discontinued","embeddable":true,"href":"https:\/\/games.tactic.net\/da\/wp-json\/wp\/v2\/discontinued?post=1363717"}],"curies":[{"name":"wp","href":"https:\/\/api.w.org\/{rel}","templated":true}]}}