{"id":1363431,"date":"2024-12-03T15:24:08","date_gmt":"2024-12-03T13:24:08","guid":{"rendered":"https:\/\/games.tactic.net\/tuote\/bruder-deutz-8280-ttv-tractor-toy\/"},"modified":"2024-12-03T15:24:08","modified_gmt":"2024-12-03T13:24:08","slug":"bruder-deutz-8280-ttv-tractor-toy","status":"publish","type":"product","link":"https:\/\/games.tactic.net\/da\/tuote\/bruder-deutz-8280-ttv-tractor-toy\/","title":{"rendered":"Bruder Deutz 8280 TTV tractor toy"},"content":{"rendered":"<p>Model 8280 TTV fra DEUTZ-FAHR: Hvor kraft m\u00f8der pr\u00e6cision. Model 8280 TTV er en p\u00e5lidelig og kraftfuld arbejdsmaskine med den perfekte blanding af teknologier til professionelle landm\u00e6nd. Med sine imponerende 287 HK klarer denne traktor enhver udfordring.<\/p>\n<p>Ogs\u00e5 imponerende med hensyn til design, funktionalitet og kvalitet er den nye model fra BRUDER i skalaen 1:16 p\u00e5 ingen m\u00e5de ringere end originalen, Tro mod Bruders motto &#8220;Ligesom den \u00e6gte vare&#8221;. F\u00f8rerkabinen er fuldglasset, og d\u00f8rene er nemme at \u00e5bne. Den h\u00e6ngslede kaleche giver udsyn til motoren. Nem styring opn\u00e5s af den indbyggede pendulaksel og styreforl\u00e6ngeren, der kan s\u00e6ttes ind gennem soltaget. For at udvide denne model kan der monteres en frontl\u00e6sser (varenr. 03333). Takket v\u00e6re den h\u00f8jdejusterbare bagkobling kan alle trailere i den professionelle serie bruges. De nye, aftagelige hjul er monteret for endnu mere sjov leg.<br \/>\nVi anbefaler at tilk\u00f8be \u200b\u200bet v\u00e6rkstedsfigurs\u00e6t (varenr. 62100), det vil give ekstra lege v\u00e6rdi for s\u00e6ttet.  Alle landbrugsanh\u00e6ngere og landbrugsredskaber fra BRUDER passer naturligvis til denne traktor.<\/p>\n","protected":false},"excerpt":{"rendered":"<p>Bruder Deutz 8280 TTV traktor<\/p>\n","protected":false},"featured_media":0,"template":"","meta":{"content-type":"","_monsterinsights_skip_tracking":false,"_monsterinsights_sitenote_active":false,"_monsterinsights_sitenote_note":"","_monsterinsights_sitenote_category":0},"product_brand":[],"product_cat":[1498],"product_tag":[],"brand":[],"target-group":[],"discontinued":[],"class_list":{"0":"post-1363431","1":"product","2":"type-product","3":"status-publish","5":"product_cat-bruder-legetoej","7":"first","8":"instock","9":"taxable","10":"shipping-taxable","11":"product-type-simple"},"aioseo_notices":[],"_links":{"self":[{"href":"https:\/\/games.tactic.net\/da\/wp-json\/wp\/v2\/product\/1363431","targetHints":{"allow":["GET"]}}],"collection":[{"href":"https:\/\/games.tactic.net\/da\/wp-json\/wp\/v2\/product"}],"about":[{"href":"https:\/\/games.tactic.net\/da\/wp-json\/wp\/v2\/types\/product"}],"wp:attachment":[{"href":"https:\/\/games.tactic.net\/da\/wp-json\/wp\/v2\/media?parent=1363431"}],"wp:term":[{"taxonomy":"product_brand","embeddable":true,"href":"https:\/\/games.tactic.net\/da\/wp-json\/wp\/v2\/product_brand?post=1363431"},{"taxonomy":"product_cat","embeddable":true,"href":"https:\/\/games.tactic.net\/da\/wp-json\/wp\/v2\/product_cat?post=1363431"},{"taxonomy":"product_tag","embeddable":true,"href":"https:\/\/games.tactic.net\/da\/wp-json\/wp\/v2\/product_tag?post=1363431"},{"taxonomy":"brand","embeddable":true,"href":"https:\/\/games.tactic.net\/da\/wp-json\/wp\/v2\/brand?post=1363431"},{"taxonomy":"target-group","embeddable":true,"href":"https:\/\/games.tactic.net\/da\/wp-json\/wp\/v2\/target-group?post=1363431"},{"taxonomy":"discontinued","embeddable":true,"href":"https:\/\/games.tactic.net\/da\/wp-json\/wp\/v2\/discontinued?post=1363431"}],"curies":[{"name":"wp","href":"https:\/\/api.w.org\/{rel}","templated":true}]}}