{"id":1362881,"date":"2024-11-26T10:09:04","date_gmt":"2024-11-26T08:09:04","guid":{"rendered":"https:\/\/games.tactic.net\/tuote\/tactic-memo-traffic-signs\/"},"modified":"2024-11-26T10:09:04","modified_gmt":"2024-11-26T08:09:04","slug":"tactic-memo-traffic-signs","status":"publish","type":"product","link":"https:\/\/games.tactic.net\/da\/tuote\/tactic-memo-traffic-signs\/","title":{"rendered":"Tactic Memo Traffic Signs"},"content":{"rendered":"<p>Find parrene og vind! Vend brikkerne og pr\u00f8v at finde s\u00e5 mange par du kan.<br \/>\nDette klassiske spil for b\u00f8rn i alle aldre er fyldt med flotte billeder.<\/p>\n","protected":false},"excerpt":{"rendered":"<p>Find parrene og vind! Vend brikkerne og pr\u00f8v at finde s\u00e5 mange par du kan. Dette klassiske spil for b\u00f8rn i alle aldre er fyldt med flotte billeder.<\/p>\n","protected":false},"featured_media":0,"template":"","meta":{"content-type":"","_monsterinsights_skip_tracking":false,"_monsterinsights_sitenote_active":false,"_monsterinsights_sitenote_note":"","_monsterinsights_sitenote_category":0},"product_brand":[],"product_cat":[1602],"product_tag":[1232],"brand":[],"target-group":[],"discontinued":[],"class_list":{"0":"post-1362881","1":"product","2":"type-product","3":"status-publish","5":"product_cat-memo-spil-bornespil","6":"product_tag-kombinere-da","8":"first","9":"instock","10":"taxable","11":"shipping-taxable","12":"product-type-simple"},"aioseo_notices":[],"_links":{"self":[{"href":"https:\/\/games.tactic.net\/da\/wp-json\/wp\/v2\/product\/1362881","targetHints":{"allow":["GET"]}}],"collection":[{"href":"https:\/\/games.tactic.net\/da\/wp-json\/wp\/v2\/product"}],"about":[{"href":"https:\/\/games.tactic.net\/da\/wp-json\/wp\/v2\/types\/product"}],"wp:attachment":[{"href":"https:\/\/games.tactic.net\/da\/wp-json\/wp\/v2\/media?parent=1362881"}],"wp:term":[{"taxonomy":"product_brand","embeddable":true,"href":"https:\/\/games.tactic.net\/da\/wp-json\/wp\/v2\/product_brand?post=1362881"},{"taxonomy":"product_cat","embeddable":true,"href":"https:\/\/games.tactic.net\/da\/wp-json\/wp\/v2\/product_cat?post=1362881"},{"taxonomy":"product_tag","embeddable":true,"href":"https:\/\/games.tactic.net\/da\/wp-json\/wp\/v2\/product_tag?post=1362881"},{"taxonomy":"brand","embeddable":true,"href":"https:\/\/games.tactic.net\/da\/wp-json\/wp\/v2\/brand?post=1362881"},{"taxonomy":"target-group","embeddable":true,"href":"https:\/\/games.tactic.net\/da\/wp-json\/wp\/v2\/target-group?post=1362881"},{"taxonomy":"discontinued","embeddable":true,"href":"https:\/\/games.tactic.net\/da\/wp-json\/wp\/v2\/discontinued?post=1362881"}],"curies":[{"name":"wp","href":"https:\/\/api.w.org\/{rel}","templated":true}]}}