{"id":1362289,"date":"2024-11-08T15:43:50","date_gmt":"2024-11-08T13:43:50","guid":{"rendered":"https:\/\/games.tactic.net\/tuote\/flaggspectrum\/"},"modified":"2025-03-10T10:24:59","modified_gmt":"2025-03-10T08:24:59","slug":"flaggspectrum","status":"archive","type":"product","link":"https:\/\/games.tactic.net\/da\/tuote\/flaggspectrum\/","title":{"rendered":"Flaggspectrum"},"content":{"rendered":"<p>Ny opdateret version! Flag, lande og hovedst\u00e6der i hele verden! Flere forskellige m\u00e5der at spille p\u00e5 som kan tilpasses efter alder og viden.<\/p>\n","protected":false},"excerpt":{"rendered":"<p>Ny opdateret version! Flag, lande og hovedst\u00e6der i hele verden! Flere forskellige m\u00e5der at spille p\u00e5 som kan tilpasses efter alder og viden.<\/p>\n","protected":false},"featured_media":0,"template":"","meta":{"content-type":"","_monsterinsights_skip_tracking":false,"_monsterinsights_sitenote_active":false,"_monsterinsights_sitenote_note":"","_monsterinsights_sitenote_category":0},"product_brand":[],"product_cat":[1588,1589],"product_tag":[1002,1256],"brand":[],"target-group":[],"discontinued":[],"class_list":{"0":"post-1362289","1":"product","2":"type-product","3":"status-archive","5":"product_cat-quiz-spil-voksenspil","6":"product_cat-quiz-spil-familiespil","7":"product_tag-held","8":"product_tag-paedagogisk-da","10":"first","11":"outofstock","12":"taxable","13":"shipping-taxable","14":"product-type-simple"},"aioseo_notices":[],"_links":{"self":[{"href":"https:\/\/games.tactic.net\/da\/wp-json\/wp\/v2\/product\/1362289","targetHints":{"allow":["GET"]}}],"collection":[{"href":"https:\/\/games.tactic.net\/da\/wp-json\/wp\/v2\/product"}],"about":[{"href":"https:\/\/games.tactic.net\/da\/wp-json\/wp\/v2\/types\/product"}],"wp:attachment":[{"href":"https:\/\/games.tactic.net\/da\/wp-json\/wp\/v2\/media?parent=1362289"}],"wp:term":[{"taxonomy":"product_brand","embeddable":true,"href":"https:\/\/games.tactic.net\/da\/wp-json\/wp\/v2\/product_brand?post=1362289"},{"taxonomy":"product_cat","embeddable":true,"href":"https:\/\/games.tactic.net\/da\/wp-json\/wp\/v2\/product_cat?post=1362289"},{"taxonomy":"product_tag","embeddable":true,"href":"https:\/\/games.tactic.net\/da\/wp-json\/wp\/v2\/product_tag?post=1362289"},{"taxonomy":"brand","embeddable":true,"href":"https:\/\/games.tactic.net\/da\/wp-json\/wp\/v2\/brand?post=1362289"},{"taxonomy":"target-group","embeddable":true,"href":"https:\/\/games.tactic.net\/da\/wp-json\/wp\/v2\/target-group?post=1362289"},{"taxonomy":"discontinued","embeddable":true,"href":"https:\/\/games.tactic.net\/da\/wp-json\/wp\/v2\/discontinued?post=1362289"}],"curies":[{"name":"wp","href":"https:\/\/api.w.org\/{rel}","templated":true}]}}