{"id":1362286,"date":"2024-11-08T14:28:34","date_gmt":"2024-11-08T12:28:34","guid":{"rendered":"https:\/\/games.tactic.net\/tuote\/20-populaere-kortspil\/"},"modified":"2024-11-08T14:28:34","modified_gmt":"2024-11-08T12:28:34","slug":"20-populaere-kortspil","status":"archive","type":"product","link":"https:\/\/games.tactic.net\/da\/tuote\/20-populaere-kortspil\/","title":{"rendered":"20 Popul\u00e6re Kortspil"},"content":{"rendered":"<p>Spillet indeholder to s\u00e6t spillekort. Pengesedler, noteringsblok og regler til 20 kendte kortspil b\u00e5de til b\u00f8rn og voksne.<\/p>\n","protected":false},"excerpt":{"rendered":"<p>Spillet indeholder to s\u00e6t spillekort. Pengesedler, noteringsblok og regler til 20 kendte kortspil b\u00e5de til b\u00f8rn og voksne.<\/p>\n","protected":false},"featured_media":0,"template":"","meta":{"content-type":"","_monsterinsights_skip_tracking":false,"_monsterinsights_sitenote_active":false,"_monsterinsights_sitenote_note":"","_monsterinsights_sitenote_category":0},"product_brand":[],"product_cat":[359],"product_tag":[1250,1002,895],"brand":[],"target-group":[],"discontinued":[],"class_list":{"0":"post-1362286","1":"product","2":"type-product","3":"status-archive","5":"product_cat-kort-og-terningspil","6":"product_tag-faerdighed-da","7":"product_tag-held","8":"product_tag-taktik","10":"first","11":"instock","12":"taxable","13":"shipping-taxable","14":"product-type-simple"},"aioseo_notices":[],"_links":{"self":[{"href":"https:\/\/games.tactic.net\/da\/wp-json\/wp\/v2\/product\/1362286","targetHints":{"allow":["GET"]}}],"collection":[{"href":"https:\/\/games.tactic.net\/da\/wp-json\/wp\/v2\/product"}],"about":[{"href":"https:\/\/games.tactic.net\/da\/wp-json\/wp\/v2\/types\/product"}],"wp:attachment":[{"href":"https:\/\/games.tactic.net\/da\/wp-json\/wp\/v2\/media?parent=1362286"}],"wp:term":[{"taxonomy":"product_brand","embeddable":true,"href":"https:\/\/games.tactic.net\/da\/wp-json\/wp\/v2\/product_brand?post=1362286"},{"taxonomy":"product_cat","embeddable":true,"href":"https:\/\/games.tactic.net\/da\/wp-json\/wp\/v2\/product_cat?post=1362286"},{"taxonomy":"product_tag","embeddable":true,"href":"https:\/\/games.tactic.net\/da\/wp-json\/wp\/v2\/product_tag?post=1362286"},{"taxonomy":"brand","embeddable":true,"href":"https:\/\/games.tactic.net\/da\/wp-json\/wp\/v2\/brand?post=1362286"},{"taxonomy":"target-group","embeddable":true,"href":"https:\/\/games.tactic.net\/da\/wp-json\/wp\/v2\/target-group?post=1362286"},{"taxonomy":"discontinued","embeddable":true,"href":"https:\/\/games.tactic.net\/da\/wp-json\/wp\/v2\/discontinued?post=1362286"}],"curies":[{"name":"wp","href":"https:\/\/api.w.org\/{rel}","templated":true}]}}