{"id":1362178,"date":"2024-10-31T15:21:10","date_gmt":"2024-10-31T13:21:10","guid":{"rendered":"https:\/\/games.tactic.net\/tuote\/travel-animal-yatzy\/"},"modified":"2024-10-31T15:21:10","modified_gmt":"2024-10-31T13:21:10","slug":"travel-animal-yatzy","status":"publish","type":"product","link":"https:\/\/games.tactic.net\/da\/tuote\/travel-animal-yatzy\/","title":{"rendered":"Travel: Animal Yatzy"},"content":{"rendered":"<p>Mor dig godt med dette vilde Dyre Yatzy. Efter tur kaster spillerne 5 terninger for at f\u00e5 forskellige kombinationer. Resultatet noteres p\u00e5 pointblokken. N\u00e5r r\u00e6kkerne er udfyldt, t\u00e6lles de sammen, og spilleren med flest point vinder.<\/p>\n","protected":false},"excerpt":{"rendered":"<p>Mor dig godt med dette vilde Dyre Yatzy. Efter tur kaster spillerne 5 terninger for at f\u00e5 forskellige kombinationer. Resultatet noteres p\u00e5 pointblokken. N\u00e5r r\u00e6kkerne er udfyldt, t\u00e6lles de sammen, og spilleren med flest point vinder.<\/p>\n","protected":false},"featured_media":0,"template":"","meta":{"content-type":"","_monsterinsights_skip_tracking":false,"_monsterinsights_sitenote_active":false,"_monsterinsights_sitenote_note":"","_monsterinsights_sitenote_category":0},"product_brand":[],"product_cat":[1574],"product_tag":[1241,1237],"brand":[],"target-group":[],"discontinued":[],"class_list":{"0":"post-1362178","1":"product","2":"type-product","3":"status-publish","5":"product_cat-boerne-braetspil","6":"product_tag-beregning-da","7":"product_tag-strategi-da","9":"first","10":"instock","11":"taxable","12":"shipping-taxable","13":"product-type-simple"},"aioseo_notices":[],"_links":{"self":[{"href":"https:\/\/games.tactic.net\/da\/wp-json\/wp\/v2\/product\/1362178","targetHints":{"allow":["GET"]}}],"collection":[{"href":"https:\/\/games.tactic.net\/da\/wp-json\/wp\/v2\/product"}],"about":[{"href":"https:\/\/games.tactic.net\/da\/wp-json\/wp\/v2\/types\/product"}],"wp:attachment":[{"href":"https:\/\/games.tactic.net\/da\/wp-json\/wp\/v2\/media?parent=1362178"}],"wp:term":[{"taxonomy":"product_brand","embeddable":true,"href":"https:\/\/games.tactic.net\/da\/wp-json\/wp\/v2\/product_brand?post=1362178"},{"taxonomy":"product_cat","embeddable":true,"href":"https:\/\/games.tactic.net\/da\/wp-json\/wp\/v2\/product_cat?post=1362178"},{"taxonomy":"product_tag","embeddable":true,"href":"https:\/\/games.tactic.net\/da\/wp-json\/wp\/v2\/product_tag?post=1362178"},{"taxonomy":"brand","embeddable":true,"href":"https:\/\/games.tactic.net\/da\/wp-json\/wp\/v2\/brand?post=1362178"},{"taxonomy":"target-group","embeddable":true,"href":"https:\/\/games.tactic.net\/da\/wp-json\/wp\/v2\/target-group?post=1362178"},{"taxonomy":"discontinued","embeddable":true,"href":"https:\/\/games.tactic.net\/da\/wp-json\/wp\/v2\/discontinued?post=1362178"}],"curies":[{"name":"wp","href":"https:\/\/api.w.org\/{rel}","templated":true}]}}