{"id":1362139,"date":"2024-10-29T15:10:13","date_gmt":"2024-10-29T13:10:13","guid":{"rendered":"https:\/\/games.tactic.net\/tuote\/bruder-mercedes-benz-arocs-cement-mixer-truck-toy\/"},"modified":"2024-10-29T15:10:13","modified_gmt":"2024-10-29T13:10:13","slug":"bruder-mercedes-benz-arocs-cement-mixer-truck-toy","status":"publish","type":"product","link":"https:\/\/games.tactic.net\/da\/tuote\/bruder-mercedes-benz-arocs-cement-mixer-truck-toy\/","title":{"rendered":"Bruder Mercedes-Benz Arocs Cement mixer truck toy"},"content":{"rendered":"<p>Kraft, holdbarhed og effektivitet er ofte afg\u00f8rende elementer i en arbejdsdag p\u00e5 veje og byggepladser. Det er derfor, den nye Mercedes-Benz Arocs er udviklet specielt til disse behov. Designet er ogs\u00e5 blevet opdateret for at matche disse tekniske egenskaber. For eksempel er k\u00f8lergrillens front designet i den typiske Arocs-stil, som afspejler dens enorme styrke. Med denne model har vi haft et s\u00e6rligt fokus p\u00e5 den holdbarhed, der kendetegner BRUDER-produkter, og vi har udstyret f\u00f8rerhuset med en d\u00f8r, der kan \u00e5bnes, s\u00e5 BRUDER-legefigurer kan f\u00e5 adgang til k\u00f8ret\u00f8jet. Tromlen p\u00e5 betonblanderen kan drejes med et h\u00e5ndsving p\u00e5 den udklappelige vandtank (tromle med spiraltransport\u00f8r og blander). Ligesom p\u00e5 originalen t\u00f8mmes tromlen ved at dreje den i modsat retning. Spiralen inde i tromlen transporterer l\u00e6sset hen til udl\u00f8bsrenden bagp\u00e5. To aftagelige udl\u00f8bsrender medf\u00f8lger.<\/p>\n","protected":false},"excerpt":{"rendered":"<p>Kraft, holdbarhed og effektivitet repr\u00e6senterer ofte afg\u00f8rende elementer p\u00e5 en arbejdsdag p\u00e5 veje og byggepladser. Derfor er den nye Mercedes-Benz Arocs specielt udviklet til disse behov. <\/p>\n","protected":false},"featured_media":0,"template":"","meta":{"content-type":"","_monsterinsights_skip_tracking":false,"_monsterinsights_sitenote_active":false,"_monsterinsights_sitenote_note":"","_monsterinsights_sitenote_category":0},"product_brand":[],"product_cat":[1498],"product_tag":[],"brand":[],"target-group":[],"discontinued":[],"class_list":{"0":"post-1362139","1":"product","2":"type-product","3":"status-publish","5":"product_cat-bruder-legetoej","7":"first","8":"outofstock","9":"taxable","10":"shipping-taxable","11":"product-type-simple"},"aioseo_notices":[],"_links":{"self":[{"href":"https:\/\/games.tactic.net\/da\/wp-json\/wp\/v2\/product\/1362139","targetHints":{"allow":["GET"]}}],"collection":[{"href":"https:\/\/games.tactic.net\/da\/wp-json\/wp\/v2\/product"}],"about":[{"href":"https:\/\/games.tactic.net\/da\/wp-json\/wp\/v2\/types\/product"}],"wp:attachment":[{"href":"https:\/\/games.tactic.net\/da\/wp-json\/wp\/v2\/media?parent=1362139"}],"wp:term":[{"taxonomy":"product_brand","embeddable":true,"href":"https:\/\/games.tactic.net\/da\/wp-json\/wp\/v2\/product_brand?post=1362139"},{"taxonomy":"product_cat","embeddable":true,"href":"https:\/\/games.tactic.net\/da\/wp-json\/wp\/v2\/product_cat?post=1362139"},{"taxonomy":"product_tag","embeddable":true,"href":"https:\/\/games.tactic.net\/da\/wp-json\/wp\/v2\/product_tag?post=1362139"},{"taxonomy":"brand","embeddable":true,"href":"https:\/\/games.tactic.net\/da\/wp-json\/wp\/v2\/brand?post=1362139"},{"taxonomy":"target-group","embeddable":true,"href":"https:\/\/games.tactic.net\/da\/wp-json\/wp\/v2\/target-group?post=1362139"},{"taxonomy":"discontinued","embeddable":true,"href":"https:\/\/games.tactic.net\/da\/wp-json\/wp\/v2\/discontinued?post=1362139"}],"curies":[{"name":"wp","href":"https:\/\/api.w.org\/{rel}","templated":true}]}}