{"id":1362115,"date":"2024-10-22T16:01:34","date_gmt":"2024-10-22T13:01:34","guid":{"rendered":"https:\/\/games.tactic.net\/tuote\/tiny-teamsterz-raceway-med-3-soft-biler\/"},"modified":"2025-10-22T08:55:22","modified_gmt":"2025-10-22T05:55:22","slug":"tiny-teamsterz-raceway-med-3-soft-biler","status":"archive","type":"product","link":"https:\/\/games.tactic.net\/da\/tuote\/tiny-teamsterz-raceway-med-3-soft-biler\/","title":{"rendered":"Tiny Teamsterz Raceway med 3 soft-biler"},"content":{"rendered":"<p>Racerbane  til de helt sm\u00e5, med rampe og plads til helikopter. Designet er afrundet og robust til de sm\u00e5 h\u00e6nder. Inkluderer helikopterplatform, to parkeringspladser, sving og barriere. Designet i lyse farver, der er venlige at se p\u00e5 for b\u00f8rn.<br \/>\nLeveres med 3 x Tiny Teamsterz k\u00f8ret\u00f8jer.<br \/>\nM\u00e5l  32 L x 13 D x 32 cm H.<\/p>\n<p>Grundlagt i 1952 er HTI en af Storbritanniens st\u00f8rste uafh\u00e6ngigt ejede designere og producenter af b\u00f8rneleget\u00f8j, med omfattende erfaring i levering til verdens store detailhandlere.<\/p>\n<p>Tiny Teamsterz er en serie af dejlige og farverige leget\u00f8j med soft biler og tilbeh\u00f8r til sm\u00e5 b\u00f8rn.<\/p>\n<p>Teamsterz tilbyder et omfattende udvalg af Die-cast k\u00f8ret\u00f8jer, garager og leges\u00e6t, lys- og biler med lyd samt banes\u00e6t. Sortimentet kombinerer skarpe prispunkter og kvalitet for at levere h\u00f8j detaljerigdom og stor legev\u00e6rdi. Temaer inkluderer racerbiler, n\u00f8dk\u00f8ret\u00f8jer, forhistoriske dinosaurer, bondeg\u00e5rdsliv, monstertrucks og mere.<\/p>\n","protected":false},"excerpt":{"rendered":"<p>Tiny Teamsterz Raceway med 3 soft-biler<\/p>\n","protected":false},"featured_media":0,"template":"","meta":{"content-type":"","_monsterinsights_skip_tracking":false,"_monsterinsights_sitenote_active":false,"_monsterinsights_sitenote_note":"","_monsterinsights_sitenote_category":0},"product_brand":[],"product_cat":[1615],"product_tag":[],"brand":[],"target-group":[],"discontinued":[],"class_list":{"0":"post-1362115","1":"product","2":"type-product","3":"status-archive","5":"product_cat-teamsterz-legetoej","7":"first","8":"outofstock","9":"taxable","10":"shipping-taxable","11":"product-type-simple"},"aioseo_notices":[],"_links":{"self":[{"href":"https:\/\/games.tactic.net\/da\/wp-json\/wp\/v2\/product\/1362115","targetHints":{"allow":["GET"]}}],"collection":[{"href":"https:\/\/games.tactic.net\/da\/wp-json\/wp\/v2\/product"}],"about":[{"href":"https:\/\/games.tactic.net\/da\/wp-json\/wp\/v2\/types\/product"}],"wp:attachment":[{"href":"https:\/\/games.tactic.net\/da\/wp-json\/wp\/v2\/media?parent=1362115"}],"wp:term":[{"taxonomy":"product_brand","embeddable":true,"href":"https:\/\/games.tactic.net\/da\/wp-json\/wp\/v2\/product_brand?post=1362115"},{"taxonomy":"product_cat","embeddable":true,"href":"https:\/\/games.tactic.net\/da\/wp-json\/wp\/v2\/product_cat?post=1362115"},{"taxonomy":"product_tag","embeddable":true,"href":"https:\/\/games.tactic.net\/da\/wp-json\/wp\/v2\/product_tag?post=1362115"},{"taxonomy":"brand","embeddable":true,"href":"https:\/\/games.tactic.net\/da\/wp-json\/wp\/v2\/brand?post=1362115"},{"taxonomy":"target-group","embeddable":true,"href":"https:\/\/games.tactic.net\/da\/wp-json\/wp\/v2\/target-group?post=1362115"},{"taxonomy":"discontinued","embeddable":true,"href":"https:\/\/games.tactic.net\/da\/wp-json\/wp\/v2\/discontinued?post=1362115"}],"curies":[{"name":"wp","href":"https:\/\/api.w.org\/{rel}","templated":true}]}}