{"id":1362114,"date":"2024-10-22T16:01:29","date_gmt":"2024-10-22T13:01:29","guid":{"rendered":"https:\/\/games.tactic.net\/tuote\/teamsterz-beast-machines-dino-destroyer-med-1-bil\/"},"modified":"2025-12-16T10:25:07","modified_gmt":"2025-12-16T08:25:07","slug":"teamsterz-beast-machines-dino-destroyer-med-1-bil","status":"archive","type":"product","link":"https:\/\/games.tactic.net\/da\/tuote\/teamsterz-beast-machines-dino-destroyer-med-1-bil\/","title":{"rendered":"Teamsterz Beast Machines Dino Destroyer med 1 bil"},"content":{"rendered":"<p>Dino-tema biltransporteren har en indbygget fartrampe, missilaffyring og gode hjul! Den har ogs\u00e5 et b\u00e6reh\u00e5ndtag, s\u00e5 den er nem at tage med overalt. Transporteren indeholder 2 Beast Machines-k\u00f8ret\u00f8jer, 2 Dino-figurer og 3 stk missiler. Der er plads til opbevaring af 8 biler.<br \/>\n K\u00f8r dine Beast Machines ned i den indre rampe, og se dem zoome ud af Dino&#8217;ens ben. Med en missilkaster kan du affyre dine 3 missiler ved at trykke p\u00e5 knappen p\u00e5 hovedet! De medf\u00f8lgende Beast-maskiner er cirka 7 cm og har h\u00f8jkvalitets die-cast biler med gode hjul. Dette leges\u00e6t hj\u00e6lper med udviklingen af \u200b\u200bdit barns kognitive og fine motoriske f\u00e6rdigheder.  Teamsterz Dino Destroyer er den perfekte gave til enhver entusiastisk lille chauff\u00f8r, der byder p\u00e5 timevis af fantasifuld sjov. Velegnet til alderen 3 \u00e5r +<br \/>\nM\u00e5l: 41 L x 8,6 D x 22 cm H.<\/p>\n<p>Grundlagt i 1952 er HTI en af Storbritanniens st\u00f8rste uafh\u00e6ngigt ejede designere og producenter af b\u00f8rneleget\u00f8j, med omfattende erfaring i levering til verdens store detailhandlere.<\/p>\n<p>Teamsterz Beast Machine er en r\u00e6kke vilde og samlelige leget\u00f8jsbiler med unikke dinosaur- og dyredesigns. <\/p>\n<p>Teamsterz tilbyder et omfattende udvalg af Die-cast k\u00f8ret\u00f8jer, garager og leges\u00e6t, lys- og biler med lyd samt banes\u00e6t. Sortimentet kombinerer skarpe prispunkter og kvalitet for at levere h\u00f8j detaljerigdom og stor legev\u00e6rdi. Temaer inkluderer racerbiler, n\u00f8dk\u00f8ret\u00f8jer, forhistoriske dinosaurer, bondeg\u00e5rdsliv, monstertrucks og mere.<\/p>\n","protected":false},"excerpt":{"rendered":"<p>Dino-tema biltransporteren har en indbygget fartrampe, missilaffyring og uafh\u00e6ngige fritg\u00e5ende hjul!<\/p>\n","protected":false},"featured_media":0,"template":"","meta":{"content-type":"","_monsterinsights_skip_tracking":false,"_monsterinsights_sitenote_active":false,"_monsterinsights_sitenote_note":"","_monsterinsights_sitenote_category":0},"product_brand":[],"product_cat":[1615],"product_tag":[],"brand":[],"target-group":[],"discontinued":[],"class_list":{"0":"post-1362114","1":"product","2":"type-product","3":"status-archive","5":"product_cat-teamsterz-legetoej","7":"first","8":"outofstock","9":"taxable","10":"shipping-taxable","11":"product-type-simple"},"aioseo_notices":[],"_links":{"self":[{"href":"https:\/\/games.tactic.net\/da\/wp-json\/wp\/v2\/product\/1362114","targetHints":{"allow":["GET"]}}],"collection":[{"href":"https:\/\/games.tactic.net\/da\/wp-json\/wp\/v2\/product"}],"about":[{"href":"https:\/\/games.tactic.net\/da\/wp-json\/wp\/v2\/types\/product"}],"wp:attachment":[{"href":"https:\/\/games.tactic.net\/da\/wp-json\/wp\/v2\/media?parent=1362114"}],"wp:term":[{"taxonomy":"product_brand","embeddable":true,"href":"https:\/\/games.tactic.net\/da\/wp-json\/wp\/v2\/product_brand?post=1362114"},{"taxonomy":"product_cat","embeddable":true,"href":"https:\/\/games.tactic.net\/da\/wp-json\/wp\/v2\/product_cat?post=1362114"},{"taxonomy":"product_tag","embeddable":true,"href":"https:\/\/games.tactic.net\/da\/wp-json\/wp\/v2\/product_tag?post=1362114"},{"taxonomy":"brand","embeddable":true,"href":"https:\/\/games.tactic.net\/da\/wp-json\/wp\/v2\/brand?post=1362114"},{"taxonomy":"target-group","embeddable":true,"href":"https:\/\/games.tactic.net\/da\/wp-json\/wp\/v2\/target-group?post=1362114"},{"taxonomy":"discontinued","embeddable":true,"href":"https:\/\/games.tactic.net\/da\/wp-json\/wp\/v2\/discontinued?post=1362114"}],"curies":[{"name":"wp","href":"https:\/\/api.w.org\/{rel}","templated":true}]}}