{"id":1362113,"date":"2024-10-22T16:01:24","date_gmt":"2024-10-22T13:01:24","guid":{"rendered":"https:\/\/games.tactic.net\/tuote\/teamsterz-brain-wash-med-1-colour-change-bil\/"},"modified":"2025-12-16T10:24:57","modified_gmt":"2025-12-16T08:24:57","slug":"teamsterz-brain-wash-med-1-colour-change-bil","status":"archive","type":"product","link":"https:\/\/games.tactic.net\/da\/tuote\/teamsterz-brain-wash-med-1-colour-change-bil\/","title":{"rendered":"Teamsterz Brain Wash med 1 Colour Change bil"},"content":{"rendered":"<p>Fyld blot vandkammeret i hjernen med varmt eller iskoldt vand. \u00c5bn rummet p\u00e5 bagsiden af kraniet og l\u00e6g bilen deri. Tryk p\u00e5 den bl\u00f8de hjerne for at slippe vandet ud p\u00e5 bilen! Tr\u00e6k i h\u00e5ndtaget for at starte bilen ned ad banen og afsl\u00f8re den nye farve p\u00e5 bilen<br \/>\n27 L x 18,5 D x 28 cm H.<\/p>\n<p>Grundlagt i 1952 er HTI en af Storbritanniens st\u00f8rste uafh\u00e6ngigt ejede designere og producenter af b\u00f8rneleget\u00f8j, med omfattende erfaring i levering til verdens store detailhandlere.<\/p>\n<p>Teamsterz Colour Change er en r\u00e6kke sp\u00e6ndende leget\u00f8jsbiler med en s\u00e6rlig funktion: de skifter farve i vand!<\/p>\n<p>Teamsterz tilbyder et omfattende udvalg af Die-cast k\u00f8ret\u00f8jer, garager og leges\u00e6t, lys- og biler med lyd samt banes\u00e6t. Sortimentet kombinerer skarpe prispunkter og kvalitet for at levere h\u00f8j detaljerigdom og stor legev\u00e6rdi. Temaer inkluderer racerbiler, n\u00f8dk\u00f8ret\u00f8jer, forhistoriske dinosaurer, bondeg\u00e5rdsliv, monstertrucks og mere.<\/p>\n","protected":false},"excerpt":{"rendered":"<p>Teamsterz Colour Change Brain wash med 1 Beast Machines bil.<\/p>\n","protected":false},"featured_media":0,"template":"","meta":{"content-type":"","_monsterinsights_skip_tracking":false,"_monsterinsights_sitenote_active":false,"_monsterinsights_sitenote_note":"","_monsterinsights_sitenote_category":0},"product_brand":[],"product_cat":[1615],"product_tag":[],"brand":[],"target-group":[],"discontinued":[],"class_list":{"0":"post-1362113","1":"product","2":"type-product","3":"status-archive","5":"product_cat-teamsterz-legetoej","7":"first","8":"outofstock","9":"taxable","10":"shipping-taxable","11":"product-type-simple"},"aioseo_notices":[],"_links":{"self":[{"href":"https:\/\/games.tactic.net\/da\/wp-json\/wp\/v2\/product\/1362113","targetHints":{"allow":["GET"]}}],"collection":[{"href":"https:\/\/games.tactic.net\/da\/wp-json\/wp\/v2\/product"}],"about":[{"href":"https:\/\/games.tactic.net\/da\/wp-json\/wp\/v2\/types\/product"}],"wp:attachment":[{"href":"https:\/\/games.tactic.net\/da\/wp-json\/wp\/v2\/media?parent=1362113"}],"wp:term":[{"taxonomy":"product_brand","embeddable":true,"href":"https:\/\/games.tactic.net\/da\/wp-json\/wp\/v2\/product_brand?post=1362113"},{"taxonomy":"product_cat","embeddable":true,"href":"https:\/\/games.tactic.net\/da\/wp-json\/wp\/v2\/product_cat?post=1362113"},{"taxonomy":"product_tag","embeddable":true,"href":"https:\/\/games.tactic.net\/da\/wp-json\/wp\/v2\/product_tag?post=1362113"},{"taxonomy":"brand","embeddable":true,"href":"https:\/\/games.tactic.net\/da\/wp-json\/wp\/v2\/brand?post=1362113"},{"taxonomy":"target-group","embeddable":true,"href":"https:\/\/games.tactic.net\/da\/wp-json\/wp\/v2\/target-group?post=1362113"},{"taxonomy":"discontinued","embeddable":true,"href":"https:\/\/games.tactic.net\/da\/wp-json\/wp\/v2\/discontinued?post=1362113"}],"curies":[{"name":"wp","href":"https:\/\/api.w.org\/{rel}","templated":true}]}}