{"id":1362111,"date":"2024-10-22T15:43:45","date_gmt":"2024-10-22T12:43:45","guid":{"rendered":"https:\/\/games.tactic.net\/tuote\/scania-super-560r-ups-logistics-truck-w-forklift\/"},"modified":"2024-11-12T14:58:50","modified_gmt":"2024-11-12T12:58:50","slug":"scania-super-560r-ups-logistics-truck-w-forklift","status":"publish","type":"product","link":"https:\/\/games.tactic.net\/da\/tuote\/scania-super-560r-ups-logistics-truck-w-forklift\/","title":{"rendered":"Bruder Scania Super 560R UPS Logistics truck w forklift"},"content":{"rendered":"<p>Komfortabel og robust pr\u00e6senterer BRUDER Scania Super R-serien i sit sortiment. R-serien er kendetegnet ved sin unikke kombination af komfort og holdbarhed. Det betyder, at hun kan klare alle situationer, der opst\u00e5r. B\u00f8rn kan opleve pr\u00e6cis disse forskellige situationer realistisk med de nye modeller fra BRUDER.<\/p>\n<p>BRUDER tilbyder nu en version med tre aksler, et container-veksellad og en lastbilmonteret gaffeltruck. Traktorens container kan demonteres i alle enkeltdele og har fl\u00f8jd\u00f8re bagp\u00e5. En anden enest\u00e5ende lege mulighed for dette k\u00f8ret\u00f8j er vekselvognen, som automatisk l\u00f8sner sig fra k\u00f8ret\u00f8jet ved at tr\u00e6kke ud og s\u00e6tte st\u00f8ttef\u00f8dderne op og h\u00e6ver containeren, s\u00e5 lastbilen derefter kan k\u00f8re ud under vekselvognen. Det nye f\u00f8rerhus viser Scanias typiske, dynamiske design af den nye R-serie. Sammenklappelige udvendige spejle og ruder af h\u00f8jkvalitets polycarbonat f\u00e5s naturligvis, ligesom \u00e5bne d\u00f8re eller ekstra mulighed for et lys- og lydmodul.<\/p>\n","protected":false},"excerpt":{"rendered":"<p>Scania Super 560R UPS Logistik lastbil med gaffeltruck<br \/>\nBRUDER tilbyder nu en version med tre aksler, et container-veksel lad og en lastbilmonteret gaffeltruck<\/p>\n","protected":false},"featured_media":0,"template":"","meta":{"content-type":"","_monsterinsights_skip_tracking":false,"_monsterinsights_sitenote_active":false,"_monsterinsights_sitenote_note":"","_monsterinsights_sitenote_category":0},"product_brand":[],"product_cat":[1498],"product_tag":[],"brand":[],"target-group":[],"discontinued":[],"class_list":{"0":"post-1362111","1":"product","2":"type-product","3":"status-publish","5":"product_cat-bruder-legetoej","7":"first","8":"instock","9":"taxable","10":"shipping-taxable","11":"product-type-simple"},"aioseo_notices":[],"_links":{"self":[{"href":"https:\/\/games.tactic.net\/da\/wp-json\/wp\/v2\/product\/1362111","targetHints":{"allow":["GET"]}}],"collection":[{"href":"https:\/\/games.tactic.net\/da\/wp-json\/wp\/v2\/product"}],"about":[{"href":"https:\/\/games.tactic.net\/da\/wp-json\/wp\/v2\/types\/product"}],"wp:attachment":[{"href":"https:\/\/games.tactic.net\/da\/wp-json\/wp\/v2\/media?parent=1362111"}],"wp:term":[{"taxonomy":"product_brand","embeddable":true,"href":"https:\/\/games.tactic.net\/da\/wp-json\/wp\/v2\/product_brand?post=1362111"},{"taxonomy":"product_cat","embeddable":true,"href":"https:\/\/games.tactic.net\/da\/wp-json\/wp\/v2\/product_cat?post=1362111"},{"taxonomy":"product_tag","embeddable":true,"href":"https:\/\/games.tactic.net\/da\/wp-json\/wp\/v2\/product_tag?post=1362111"},{"taxonomy":"brand","embeddable":true,"href":"https:\/\/games.tactic.net\/da\/wp-json\/wp\/v2\/brand?post=1362111"},{"taxonomy":"target-group","embeddable":true,"href":"https:\/\/games.tactic.net\/da\/wp-json\/wp\/v2\/target-group?post=1362111"},{"taxonomy":"discontinued","embeddable":true,"href":"https:\/\/games.tactic.net\/da\/wp-json\/wp\/v2\/discontinued?post=1362111"}],"curies":[{"name":"wp","href":"https:\/\/api.w.org\/{rel}","templated":true}]}}