{"id":1362096,"date":"2024-10-17T17:15:05","date_gmt":"2024-10-17T14:15:05","guid":{"rendered":"https:\/\/games.tactic.net\/tuote\/lumo-stars-puppies-accessories-dog-leash\/"},"modified":"2024-10-17T17:15:05","modified_gmt":"2024-10-17T14:15:05","slug":"lumo-stars-puppies-accessories-dog-leash","status":"publish","type":"product","link":"https:\/\/games.tactic.net\/da\/tuote\/lumo-stars-puppies-accessories-dog-leash\/","title":{"rendered":"Lumo Stars Puppies Accessories Hundesnor"},"content":{"rendered":"<p>Hundesnor til din hundebamse, n\u00e5r I skal ud at g\u00e5 tur. Nem at justere i str. og passer til de fleste bamser. Der medf\u00f8lger ogs\u00e5 2 stk fine bandanas, du kan pynte dine bamser med.<br \/>\nIngen kan modst\u00e5 de s\u00f8de Lumo Stars Puppies hundebamser. I produktlinjen finder du de mest popul\u00e6re hunderacer samt tilbeh\u00f8r til hvalpepleje.<br \/>\nLumo Stars er en kollektion af krammevenlige og helt uimodst\u00e5elige plysdyr. De er vidunderlige venner at lege med, hver med deres egen personlighed og udseende. Plysdyrene f\u00e5s i forskellige st\u00f8rrelser og har smukke farver inspireret af nordisk natur.<\/p>\n","protected":false},"excerpt":{"rendered":"<p>Lumo Stars Puppies Accessories Hundesnor<\/p>\n","protected":false},"featured_media":0,"template":"","meta":{"content-type":"","_monsterinsights_skip_tracking":false,"_monsterinsights_sitenote_active":false,"_monsterinsights_sitenote_note":"","_monsterinsights_sitenote_category":0},"product_brand":[],"product_cat":[1639],"product_tag":[],"brand":[],"target-group":[],"discontinued":[],"class_list":{"0":"post-1362096","1":"product","2":"type-product","3":"status-publish","5":"product_cat-bamser-lumo-stars-6","7":"first","8":"instock","9":"taxable","10":"shipping-taxable","11":"product-type-simple"},"aioseo_notices":[],"_links":{"self":[{"href":"https:\/\/games.tactic.net\/da\/wp-json\/wp\/v2\/product\/1362096","targetHints":{"allow":["GET"]}}],"collection":[{"href":"https:\/\/games.tactic.net\/da\/wp-json\/wp\/v2\/product"}],"about":[{"href":"https:\/\/games.tactic.net\/da\/wp-json\/wp\/v2\/types\/product"}],"wp:attachment":[{"href":"https:\/\/games.tactic.net\/da\/wp-json\/wp\/v2\/media?parent=1362096"}],"wp:term":[{"taxonomy":"product_brand","embeddable":true,"href":"https:\/\/games.tactic.net\/da\/wp-json\/wp\/v2\/product_brand?post=1362096"},{"taxonomy":"product_cat","embeddable":true,"href":"https:\/\/games.tactic.net\/da\/wp-json\/wp\/v2\/product_cat?post=1362096"},{"taxonomy":"product_tag","embeddable":true,"href":"https:\/\/games.tactic.net\/da\/wp-json\/wp\/v2\/product_tag?post=1362096"},{"taxonomy":"brand","embeddable":true,"href":"https:\/\/games.tactic.net\/da\/wp-json\/wp\/v2\/brand?post=1362096"},{"taxonomy":"target-group","embeddable":true,"href":"https:\/\/games.tactic.net\/da\/wp-json\/wp\/v2\/target-group?post=1362096"},{"taxonomy":"discontinued","embeddable":true,"href":"https:\/\/games.tactic.net\/da\/wp-json\/wp\/v2\/discontinued?post=1362096"}],"curies":[{"name":"wp","href":"https:\/\/api.w.org\/{rel}","templated":true}]}}