{"id":1362095,"date":"2024-10-17T17:14:59","date_gmt":"2024-10-17T14:14:59","guid":{"rendered":"https:\/\/games.tactic.net\/tuote\/lumo-stars-puppies-accessories-dog-carrier\/"},"modified":"2024-10-17T17:14:59","modified_gmt":"2024-10-17T14:14:59","slug":"lumo-stars-puppies-accessories-dog-carrier","status":"publish","type":"product","link":"https:\/\/games.tactic.net\/da\/tuote\/lumo-stars-puppies-accessories-dog-carrier\/","title":{"rendered":"Lumo Stars Puppies Accessories Hundetaske"},"content":{"rendered":"<p>Tag din s\u00f8de hundebamse med dig overalt. Din hundebamse vil elske at stikke sit s\u00f8de hoved ud af hullet i taskens side, n\u00e5r I er p\u00e5 tur. I tasken er der ogs\u00e5 plads til lidt ekstra af dit yndlingsleget\u00f8j.<br \/>\nIngen kan modst\u00e5 de s\u00f8de Lumo Stars Puppies hundebamser. I produktlinjen finder du de mest popul\u00e6re hunderacer samt tilbeh\u00f8r til hvalpepleje.<br \/>\nLumo Stars er en kollektion af krammevenlige og helt uimodst\u00e5elige plysdyr. De er vidunderlige venner at lege med, hver med deres egen personlighed og udseende. Plysdyrene f\u00e5s i forskellige st\u00f8rrelser og har smukke farver inspireret af nordisk natur.<\/p>\n","protected":false},"excerpt":{"rendered":"<p>Lumo Stars Puppies Accessories Hundetaske<\/p>\n","protected":false},"featured_media":0,"template":"","meta":{"content-type":"","_monsterinsights_skip_tracking":false,"_monsterinsights_sitenote_active":false,"_monsterinsights_sitenote_note":"","_monsterinsights_sitenote_category":0},"product_brand":[],"product_cat":[1639],"product_tag":[],"brand":[],"target-group":[],"discontinued":[],"class_list":{"0":"post-1362095","1":"product","2":"type-product","3":"status-publish","5":"product_cat-bamser-lumo-stars-6","7":"first","8":"instock","9":"taxable","10":"shipping-taxable","11":"product-type-simple"},"aioseo_notices":[],"_links":{"self":[{"href":"https:\/\/games.tactic.net\/da\/wp-json\/wp\/v2\/product\/1362095","targetHints":{"allow":["GET"]}}],"collection":[{"href":"https:\/\/games.tactic.net\/da\/wp-json\/wp\/v2\/product"}],"about":[{"href":"https:\/\/games.tactic.net\/da\/wp-json\/wp\/v2\/types\/product"}],"wp:attachment":[{"href":"https:\/\/games.tactic.net\/da\/wp-json\/wp\/v2\/media?parent=1362095"}],"wp:term":[{"taxonomy":"product_brand","embeddable":true,"href":"https:\/\/games.tactic.net\/da\/wp-json\/wp\/v2\/product_brand?post=1362095"},{"taxonomy":"product_cat","embeddable":true,"href":"https:\/\/games.tactic.net\/da\/wp-json\/wp\/v2\/product_cat?post=1362095"},{"taxonomy":"product_tag","embeddable":true,"href":"https:\/\/games.tactic.net\/da\/wp-json\/wp\/v2\/product_tag?post=1362095"},{"taxonomy":"brand","embeddable":true,"href":"https:\/\/games.tactic.net\/da\/wp-json\/wp\/v2\/brand?post=1362095"},{"taxonomy":"target-group","embeddable":true,"href":"https:\/\/games.tactic.net\/da\/wp-json\/wp\/v2\/target-group?post=1362095"},{"taxonomy":"discontinued","embeddable":true,"href":"https:\/\/games.tactic.net\/da\/wp-json\/wp\/v2\/discontinued?post=1362095"}],"curies":[{"name":"wp","href":"https:\/\/api.w.org\/{rel}","templated":true}]}}