{"id":1362020,"date":"2024-10-07T14:17:23","date_gmt":"2024-10-07T11:17:23","guid":{"rendered":"https:\/\/games.tactic.net\/tuote\/lets-learn-our-amazing-body\/"},"modified":"2025-05-16T14:06:07","modified_gmt":"2025-05-16T11:06:07","slug":"lets-learn-our-amazing-body","status":"publish","type":"product","link":"https:\/\/games.tactic.net\/da\/tuote\/lets-learn-our-amazing-body\/","title":{"rendered":"Tactic L\u00e6r om din fantastiske krop"},"content":{"rendered":"<p>Tag p\u00e5 en fascinerende rejse gennem menneskekroppen! Konkurrer for at se, hvem der bliver den f\u00f8rste til at opn\u00e5 titlen &#8220;Professor of Anatomy&#8221;. Planl\u00e6g dine bev\u00e6gelser p\u00e5 spillepladen, svar p\u00e5 sjove sp\u00f8rgsm\u00e5l om kroppen og dens funktioner, og pr\u00f8v vores forskellige bev\u00e6gelser for at se, hvordan kroppen fungerer. Succes p\u00e5 br\u00e6ttet vil hj\u00e6lpe dig med at &#8220;opgradere&#8221;, men vil din modstander ende med at rykke endnu l\u00e6ngere p\u00e5 din tur?<br \/>\nSpillet indeholder tre forskellige typer udfordringer: find, viden og afpr\u00f8v!<\/p>\n<p><img decoding=\"async\" src=\"https:\\\\\\\\games.tactic.net\\\\pic\\\\logo\\\\Awarded_concept.png\"><\/p>\n","protected":false},"excerpt":{"rendered":"<p>Hvordan fungerer menneskets krop ? Lad os finde ud af det sammen ved at spille dette spil!<\/p>\n","protected":false},"featured_media":0,"template":"","meta":{"content-type":"","_monsterinsights_skip_tracking":false,"_monsterinsights_sitenote_active":false,"_monsterinsights_sitenote_note":"","_monsterinsights_sitenote_category":0},"product_brand":[],"product_cat":[1574,1590],"product_tag":[1232,1256],"brand":[{"id":859,"name":"Let's Learn","slug":"letslearn-da"}],"target-group":[],"discontinued":[],"class_list":{"0":"post-1362020","1":"product","2":"type-product","3":"status-publish","5":"product_cat-boerne-braetspil","6":"product_cat-laeringsspil","7":"product_tag-kombinere-da","8":"product_tag-paedagogisk-da","9":"brand-letslearn-da","11":"first","12":"instock","13":"taxable","14":"shipping-taxable","15":"product-type-simple"},"aioseo_notices":[],"_links":{"self":[{"href":"https:\/\/games.tactic.net\/da\/wp-json\/wp\/v2\/product\/1362020","targetHints":{"allow":["GET"]}}],"collection":[{"href":"https:\/\/games.tactic.net\/da\/wp-json\/wp\/v2\/product"}],"about":[{"href":"https:\/\/games.tactic.net\/da\/wp-json\/wp\/v2\/types\/product"}],"wp:attachment":[{"href":"https:\/\/games.tactic.net\/da\/wp-json\/wp\/v2\/media?parent=1362020"}],"wp:term":[{"taxonomy":"product_brand","embeddable":true,"href":"https:\/\/games.tactic.net\/da\/wp-json\/wp\/v2\/product_brand?post=1362020"},{"taxonomy":"product_cat","embeddable":true,"href":"https:\/\/games.tactic.net\/da\/wp-json\/wp\/v2\/product_cat?post=1362020"},{"taxonomy":"product_tag","embeddable":true,"href":"https:\/\/games.tactic.net\/da\/wp-json\/wp\/v2\/product_tag?post=1362020"},{"taxonomy":"brand","embeddable":true,"href":"https:\/\/games.tactic.net\/da\/wp-json\/wp\/v2\/brand?post=1362020"},{"taxonomy":"target-group","embeddable":true,"href":"https:\/\/games.tactic.net\/da\/wp-json\/wp\/v2\/target-group?post=1362020"},{"taxonomy":"discontinued","embeddable":true,"href":"https:\/\/games.tactic.net\/da\/wp-json\/wp\/v2\/discontinued?post=1362020"}],"curies":[{"name":"wp","href":"https:\/\/api.w.org\/{rel}","templated":true}]}}