{"id":1361989,"date":"2024-10-02T10:17:30","date_gmt":"2024-10-02T07:17:30","guid":{"rendered":"https:\/\/games.tactic.net\/tuote\/bruder-mercedes-benz-sprinter-municipal-garbage-truck-toy\/"},"modified":"2024-10-02T10:17:30","modified_gmt":"2024-10-02T07:17:30","slug":"bruder-mercedes-benz-sprinter-municipal-garbage-truck-toy","status":"publish","type":"product","link":"https:\/\/games.tactic.net\/da\/tuote\/bruder-mercedes-benz-sprinter-municipal-garbage-truck-toy\/","title":{"rendered":"Bruder Mercedes-Benz Sprinter Municipal garbage truck toy"},"content":{"rendered":"<p>Banebrydende, effektiv, p\u00e5lidelig \u2013 s\u00e5dan beskriver Mercedes Benz den nye Sprinter. Den seneste generation af Sprinter er fortsat den alsidige og popul\u00e6re transport for professionelle. BRUDERs omfattende sortiment omfatter de nyeste sprintere i en lang r\u00e6kke designs.<br \/>\nEn kompakt renovationsbil baseret p\u00e5 Sprinter er tilg\u00e6ngelig til renovation i sn\u00e6vre byomr\u00e5der og i g\u00e5gader. Dette vigtige k\u00f8ret\u00f8j for alle kommunale serviceudbydere vises nu igen i skala 1:16 for BRUDER erhvervsk\u00f8ret\u00f8jer. Sm\u00e5 skraldespande og affaldsbeholdere kan t\u00f8mmes med samme sans for detaljer som originalen. Der er to sideklapper til affaldss\u00e6kke og glemt affald. N\u00e5r skraldespandene eller affaldsbeholderne t\u00f8mmes, \u00e5bnes den \u00f8verste k\u00f8ret\u00f8js-endeklap automatisk, n\u00e5r skraldespandene l\u00f8ftes opad for t\u00f8mning. Efter t\u00f8mning og s\u00e6nkning af skraldespandene lukker klappen igen. K\u00f8ret\u00f8jet t\u00f8mmes ved at l\u00e5se op og \u00e5bne bagklappen og vippe k\u00f8ret\u00f8jets karrosseri. BRUDER skraldespands\u00e6ttet (varenr. 02607) f\u00e5s som en udvidelse til denne nye renovationsbil. MB Sprinter Municipal (varenr. 02677) og bworld Municipal Worker (varenr. 62130) fra BRUDERs omfattende udvalg af erhvervsk\u00f8ret\u00f8jer er s\u00e6rligt velegnede.<\/p>\n","protected":false},"excerpt":{"rendered":"<p>MB Sprinter Kommunal skraldebil<\/p>\n","protected":false},"featured_media":0,"template":"","meta":{"content-type":"","_monsterinsights_skip_tracking":false,"_monsterinsights_sitenote_active":false,"_monsterinsights_sitenote_note":"","_monsterinsights_sitenote_category":0},"product_brand":[],"product_cat":[1498],"product_tag":[],"brand":[],"target-group":[],"discontinued":[],"class_list":{"0":"post-1361989","1":"product","2":"type-product","3":"status-publish","5":"product_cat-bruder-legetoej","7":"first","8":"instock","9":"taxable","10":"shipping-taxable","11":"product-type-simple"},"aioseo_notices":[],"_links":{"self":[{"href":"https:\/\/games.tactic.net\/da\/wp-json\/wp\/v2\/product\/1361989","targetHints":{"allow":["GET"]}}],"collection":[{"href":"https:\/\/games.tactic.net\/da\/wp-json\/wp\/v2\/product"}],"about":[{"href":"https:\/\/games.tactic.net\/da\/wp-json\/wp\/v2\/types\/product"}],"wp:attachment":[{"href":"https:\/\/games.tactic.net\/da\/wp-json\/wp\/v2\/media?parent=1361989"}],"wp:term":[{"taxonomy":"product_brand","embeddable":true,"href":"https:\/\/games.tactic.net\/da\/wp-json\/wp\/v2\/product_brand?post=1361989"},{"taxonomy":"product_cat","embeddable":true,"href":"https:\/\/games.tactic.net\/da\/wp-json\/wp\/v2\/product_cat?post=1361989"},{"taxonomy":"product_tag","embeddable":true,"href":"https:\/\/games.tactic.net\/da\/wp-json\/wp\/v2\/product_tag?post=1361989"},{"taxonomy":"brand","embeddable":true,"href":"https:\/\/games.tactic.net\/da\/wp-json\/wp\/v2\/brand?post=1361989"},{"taxonomy":"target-group","embeddable":true,"href":"https:\/\/games.tactic.net\/da\/wp-json\/wp\/v2\/target-group?post=1361989"},{"taxonomy":"discontinued","embeddable":true,"href":"https:\/\/games.tactic.net\/da\/wp-json\/wp\/v2\/discontinued?post=1361989"}],"curies":[{"name":"wp","href":"https:\/\/api.w.org\/{rel}","templated":true}]}}