{"id":1361954,"date":"2024-09-30T12:17:37","date_gmt":"2024-09-30T09:17:37","guid":{"rendered":"https:\/\/games.tactic.net\/tuote\/eddie-fantorangen-25-cm\/"},"modified":"2025-04-29T10:57:11","modified_gmt":"2025-04-29T07:57:11","slug":"eddie-fantorangen-25-cm","status":"archive","type":"product","link":"https:\/\/games.tactic.net\/da\/tuote\/eddie-fantorangen-25-cm\/","title":{"rendered":"EDDIE FANTORANGEN 25 CM"},"content":{"rendered":"<p>Eddie er en af Fantorangens venner fra b\u00f8rne-tv serien p\u00e5 Ramasjang med navnet Fantorangen og er godt kendt af alle b\u00f8rn. Eddi-bamsen er ca. 25 cm h\u00f8j og vil blive en popul\u00e6r f\u00f8lgesvend for alle fans af serien om Fantorangen.<\/p>\n","protected":false},"excerpt":{"rendered":"<p>Eddie er en af Fantorangens venner fra b\u00f8rne-tv serien p\u00e5 Ramasjang med navnet Fantorangen og er godt kendt af alle b\u00f8rn. Eddi-bamsen er ca. 15 cm h\u00f8j og vil blive en popul\u00e6r f\u00f8lgesvend for alle fans af serien om Fantorangen.<\/p>\n","protected":false},"featured_media":0,"template":"","meta":{"content-type":"","_monsterinsights_skip_tracking":false,"_monsterinsights_sitenote_active":false,"_monsterinsights_sitenote_note":"","_monsterinsights_sitenote_category":0},"product_brand":[],"product_cat":[2290],"product_tag":[],"brand":[],"target-group":[],"discontinued":[],"class_list":{"0":"post-1361954","1":"product","2":"type-product","3":"status-archive","5":"product_cat-fantorangen","7":"first","8":"outofstock","9":"taxable","10":"shipping-taxable","11":"product-type-simple"},"aioseo_notices":[],"_links":{"self":[{"href":"https:\/\/games.tactic.net\/da\/wp-json\/wp\/v2\/product\/1361954","targetHints":{"allow":["GET"]}}],"collection":[{"href":"https:\/\/games.tactic.net\/da\/wp-json\/wp\/v2\/product"}],"about":[{"href":"https:\/\/games.tactic.net\/da\/wp-json\/wp\/v2\/types\/product"}],"wp:attachment":[{"href":"https:\/\/games.tactic.net\/da\/wp-json\/wp\/v2\/media?parent=1361954"}],"wp:term":[{"taxonomy":"product_brand","embeddable":true,"href":"https:\/\/games.tactic.net\/da\/wp-json\/wp\/v2\/product_brand?post=1361954"},{"taxonomy":"product_cat","embeddable":true,"href":"https:\/\/games.tactic.net\/da\/wp-json\/wp\/v2\/product_cat?post=1361954"},{"taxonomy":"product_tag","embeddable":true,"href":"https:\/\/games.tactic.net\/da\/wp-json\/wp\/v2\/product_tag?post=1361954"},{"taxonomy":"brand","embeddable":true,"href":"https:\/\/games.tactic.net\/da\/wp-json\/wp\/v2\/brand?post=1361954"},{"taxonomy":"target-group","embeddable":true,"href":"https:\/\/games.tactic.net\/da\/wp-json\/wp\/v2\/target-group?post=1361954"},{"taxonomy":"discontinued","embeddable":true,"href":"https:\/\/games.tactic.net\/da\/wp-json\/wp\/v2\/discontinued?post=1361954"}],"curies":[{"name":"wp","href":"https:\/\/api.w.org\/{rel}","templated":true}]}}