{"id":1361862,"date":"2024-09-25T10:13:16","date_gmt":"2024-09-25T07:13:16","guid":{"rendered":"https:\/\/games.tactic.net\/tuote\/picasso-tiles-50pc-magnetic-race-track-building-blocks\/"},"modified":"2024-10-16T13:56:14","modified_gmt":"2024-10-16T10:56:14","slug":"picasso-tiles-50pc-magnetic-race-track-building-blocks","status":"publish","type":"product","link":"https:\/\/games.tactic.net\/da\/tuote\/picasso-tiles-50pc-magnetic-race-track-building-blocks\/","title":{"rendered":"PicassoTiles 50pc Magnetic Race Track Building Blocks"},"content":{"rendered":"<p>Lad os tilf\u00f8je noget magnetisk kreativitet til legen! Med disse farverige og forskellige formede magnetiske byggeklodser kan du lade din fantasi flyve og bygge n\u00e6sten alt! Du kan bygge efter id\u00e9folderen, som f\u00f8lger med produktet eller bare lade det v\u00e6re op til din fantasi. PicassoTiles -magnetiske figurer er kompatible med hinanden, s\u00e5 jo flere byggeklodser du har, jo st\u00f8rre bygherre kan du blive! Alder 3+. <\/p>\n<p>Et h\u00f8jkvalitets racerbane-s\u00e6t med magnetiske fliser best\u00e5ende af i alt 50 dele! For at begynde legen, skal du f\u00f8rst bygge din egen personlige racerbane ved hj\u00e6lp af PicassoTiles magnetiske fliser, som har flere niveauer og sp\u00e6ndende kurver. N\u00e5r racerbane er bygget, kan du placere de medf\u00f8lgende leget\u00f8jsbiler med LED-lys (2 stk) p\u00e5 banen for at k\u00f8re mod hinanden og se, hvilken bil der holder sig bedst p\u00e5 banen og er hurtigst i l\u00f8bet! Hver bil kr\u00e6ver 1xAA batterier for at fungere, som ikke er inkluderet i pakken. Aldersanbefaling 3+.<\/p>\n<p>DREAM BIG &#038; BUILD BIG &#8211; Ingen begr\u00e6nsninger, skalerbart til at bygge s\u00e5 stort som \u00f8nsket ved at tilf\u00f8je flere dele for at skabe mesterv\u00e6rket.<\/p>\n<p>L\u00c6RING GENNEM LEG &#8211; Det er aldrig for tidligt at begynde at udvikle b\u00f8rns kreativitet. B\u00f8rn kan opn\u00e5 en st\u00e6rk fornemmelse for farver, geometriske former, t\u00e6lle tal, magnetiske polariteter, strukturel ingeni\u00f8rarbejde og 3D-arkitektonisk design i en tidlig alder.<\/p>\n<p>SAMMENSKABELSE GENNEM LEG &#8211; Underholdende for enkeltst\u00e5ende eller flere deltagere og med en f\u00f8lelse af f\u00e6lles pr\u00e6station. Velegnet til alle aldre (3+ og opad) <\/p>\n<p>UBESV\u00c6RET UNDERHOLDNING &#8211; Udvikler b\u00f8rns kreativitet og STEAM (Science, Technology, Engineering, and Math \/ videnskab, teknologi, ingeni\u00f8rkunst, kunst og matematik f\u00e6rdigheder.<br \/>\nSjovt og underholdende, perfekte uddannelsesgaver til b\u00f8rnehave b\u00f8rn og skoleb\u00f8rn, der aldrig g\u00e5r af mode.<\/p>\n<p>BPA-FRI &#038; IKKE-TOKSISK &#8211; B\u00f8rnesikkert og frit for bly.<\/p>\n<p>TERAPEUTISK &#8211; Befrier b\u00f8rnene fra elektroniske enheder og digitale sk\u00e6rme som f.eks. TV, spil, smartphones eller tablets, der kan v\u00e6re skadelige for b\u00f8rns syn.<\/p>\n","protected":false},"excerpt":{"rendered":"<p>PicassoTiles 50 stk magnetiske byggeklodser. Magnetic Race Track <\/p>\n<p>Sjov konstruktions leget\u00f8j for b\u00f8rn i alle aldre. <\/p>\n<p>DREAM BIG &#038; BUILD BIG &#8211; Ingen begr\u00e6nsninger, skalerbart til at bygge s\u00e5 stort som \u00f8nsket. Opfordrer til kreativitet.<br \/>\nSjovt at bygge alene eller flere sammen.<\/p>\n<p>BPA-FRI &#038; IKKE-TOKSISK &#8211; B\u00f8rnesikkert og frit for bly.<\/p>\n","protected":false},"featured_media":0,"template":"","meta":{"content-type":"","_monsterinsights_skip_tracking":false,"_monsterinsights_sitenote_active":false,"_monsterinsights_sitenote_note":"","_monsterinsights_sitenote_category":0},"product_brand":[],"product_cat":[2293],"product_tag":[],"brand":[],"target-group":[],"discontinued":[],"class_list":{"0":"post-1361862","1":"product","2":"type-product","3":"status-publish","5":"product_cat-picassotiles-legetoej","7":"first","8":"instock","9":"taxable","10":"shipping-taxable","11":"product-type-simple"},"aioseo_notices":[],"_links":{"self":[{"href":"https:\/\/games.tactic.net\/da\/wp-json\/wp\/v2\/product\/1361862","targetHints":{"allow":["GET"]}}],"collection":[{"href":"https:\/\/games.tactic.net\/da\/wp-json\/wp\/v2\/product"}],"about":[{"href":"https:\/\/games.tactic.net\/da\/wp-json\/wp\/v2\/types\/product"}],"wp:attachment":[{"href":"https:\/\/games.tactic.net\/da\/wp-json\/wp\/v2\/media?parent=1361862"}],"wp:term":[{"taxonomy":"product_brand","embeddable":true,"href":"https:\/\/games.tactic.net\/da\/wp-json\/wp\/v2\/product_brand?post=1361862"},{"taxonomy":"product_cat","embeddable":true,"href":"https:\/\/games.tactic.net\/da\/wp-json\/wp\/v2\/product_cat?post=1361862"},{"taxonomy":"product_tag","embeddable":true,"href":"https:\/\/games.tactic.net\/da\/wp-json\/wp\/v2\/product_tag?post=1361862"},{"taxonomy":"brand","embeddable":true,"href":"https:\/\/games.tactic.net\/da\/wp-json\/wp\/v2\/brand?post=1361862"},{"taxonomy":"target-group","embeddable":true,"href":"https:\/\/games.tactic.net\/da\/wp-json\/wp\/v2\/target-group?post=1361862"},{"taxonomy":"discontinued","embeddable":true,"href":"https:\/\/games.tactic.net\/da\/wp-json\/wp\/v2\/discontinued?post=1361862"}],"curies":[{"name":"wp","href":"https:\/\/api.w.org\/{rel}","templated":true}]}}