{"id":1361858,"date":"2024-09-25T10:12:58","date_gmt":"2024-09-25T07:12:58","guid":{"rendered":"https:\/\/games.tactic.net\/tuote\/picasso-tiles-50pc-marble-run-set\/"},"modified":"2024-10-16T13:56:11","modified_gmt":"2024-10-16T10:56:11","slug":"picasso-tiles-50pc-marble-run-set","status":"publish","type":"product","link":"https:\/\/games.tactic.net\/da\/tuote\/picasso-tiles-50pc-marble-run-set\/","title":{"rendered":"PicassoTiles 50pc Marble run set"},"content":{"rendered":"<p>Lad os tilf\u00f8je noget magnetisk kreativitet til legen! Med disse farverige og forskellige formede magnetiske byggeklodser kan du lade din fantasi flyve og bygge n\u00e6sten alt! Du kan bygge efter id\u00e9folderen, som f\u00f8lger med produktet eller bare lade det v\u00e6re op til din fantasi. PicassoTiles -magnetiske figurer er kompatible med hinanden, s\u00e5 jo flere byggeklodser du har, jo st\u00f8rre bygherre kan du blive! Alder 3+. <\/p>\n<p>SJOV &#038; UDDANNELSESM\u00c6SSIG: Vores popul\u00e6re magnetiske byggebloks\u00e6t fremmer b\u00f8rns hjerneudvikling gennem leg. De hurtigt-sammenkoblede, magnetiserede og levende farvede fliser tillader b\u00f8rn at intuitivt konstruere deres egne designs, samtidig med at de fremmer probleml\u00f8sning, \u00f8jen-h\u00e5nd koordination, rumlig bevidsthed og finmotoriske f\u00e6rdigheder &#8211; alt sammen mens de leger!<\/p>\n<p>PROBLEM L\u00d8SNING &#8211; Forbedrer og opmuntrer STEM-l\u00e6ring (Science, Technology, Engineering and Math\/ videnskab, teknologi, ingeni\u00f8rkunst, kunst og matematik f\u00e6rdigheder.), som er en n\u00f8glefaktor for succes i l\u00e6ringsfasen. Med sammenkoblede 3D-former l\u00e6rer b\u00f8rn om geometriske figurer, magnetiske principper og polariteter, at t\u00e6lle samt arkitektoniske design. De magnetiske byggeklodser giver b\u00f8rn mulighed for at konstruere deres egne designs, hvilket fremmer rumlig bevidsthed og finmotoriske f\u00e6rdigheder &#8211; alt imens de leger!<\/p>\n<p>DREAM BIG &#038; BUILD BIG &#8211; Ingen begr\u00e6nsninger, skalerbart til at bygge s\u00e5 stort som \u00f8nsket ved at tilf\u00f8je flere dele for at skabe mesterv\u00e6rket.<\/p>\n<p>L\u00c6RING GENNEM LEG &#8211; Det er aldrig for tidligt at begynde at udvikle b\u00f8rns kreativitet. B\u00f8rn kan opn\u00e5 en st\u00e6rk fornemmelse for farver, geometriske former, t\u00e6lle tal, magnetiske polariteter, strukturel ingeni\u00f8rarbejde og 3D-arkitektonisk design i en tidlig alder.<\/p>\n<p>SAMMENSKABELSE GENNEM LEG &#8211; Underholdende for enkeltst\u00e5ende eller flere deltagere og med en f\u00f8lelse af f\u00e6lles pr\u00e6station. Velegnet til alle aldre (3+ og opad) <\/p>\n<p>BPA-FRI &#038; IKKE-TOKSISK &#8211; B\u00f8rnesikkert og frit for bly.<\/p>\n<p>TERAPEUTISK &#8211; Befrier b\u00f8rnene fra elektroniske enheder og digitale sk\u00e6rme som f.eks. TV, spil, smartphones eller tablets, der kan v\u00e6re skadelige for b\u00f8rns syn.<\/p>\n","protected":false},"excerpt":{"rendered":"<p>Picassa Tiles &#8211; 50 stk magnetiske byggeklodser. Kuglebane s\u00e6t<\/p>\n<p>Sjov konstruktions leget\u00f8j for b\u00f8rn i alle aldre. <\/p>\n<p>DREAM BIG &#038; BUILD BIG &#8211; Ingen begr\u00e6nsninger, skalerbart til at bygge s\u00e5 stort som \u00f8nsket. Opfordrer til kreativitet.<br \/>\nSjovt at bygge alene eller flere sammen.<\/p>\n<p>BPA-FRI &#038; IKKE-TOKSISK &#8211; B\u00f8rnesikkert og frit for bly.<\/p>\n","protected":false},"featured_media":0,"template":"","meta":{"content-type":"","_monsterinsights_skip_tracking":false,"_monsterinsights_sitenote_active":false,"_monsterinsights_sitenote_note":"","_monsterinsights_sitenote_category":0},"product_brand":[],"product_cat":[2293],"product_tag":[],"brand":[],"target-group":[],"discontinued":[],"class_list":{"0":"post-1361858","1":"product","2":"type-product","3":"status-publish","5":"product_cat-picassotiles-legetoej","7":"first","8":"instock","9":"taxable","10":"shipping-taxable","11":"product-type-simple"},"aioseo_notices":[],"_links":{"self":[{"href":"https:\/\/games.tactic.net\/da\/wp-json\/wp\/v2\/product\/1361858","targetHints":{"allow":["GET"]}}],"collection":[{"href":"https:\/\/games.tactic.net\/da\/wp-json\/wp\/v2\/product"}],"about":[{"href":"https:\/\/games.tactic.net\/da\/wp-json\/wp\/v2\/types\/product"}],"wp:attachment":[{"href":"https:\/\/games.tactic.net\/da\/wp-json\/wp\/v2\/media?parent=1361858"}],"wp:term":[{"taxonomy":"product_brand","embeddable":true,"href":"https:\/\/games.tactic.net\/da\/wp-json\/wp\/v2\/product_brand?post=1361858"},{"taxonomy":"product_cat","embeddable":true,"href":"https:\/\/games.tactic.net\/da\/wp-json\/wp\/v2\/product_cat?post=1361858"},{"taxonomy":"product_tag","embeddable":true,"href":"https:\/\/games.tactic.net\/da\/wp-json\/wp\/v2\/product_tag?post=1361858"},{"taxonomy":"brand","embeddable":true,"href":"https:\/\/games.tactic.net\/da\/wp-json\/wp\/v2\/brand?post=1361858"},{"taxonomy":"target-group","embeddable":true,"href":"https:\/\/games.tactic.net\/da\/wp-json\/wp\/v2\/target-group?post=1361858"},{"taxonomy":"discontinued","embeddable":true,"href":"https:\/\/games.tactic.net\/da\/wp-json\/wp\/v2\/discontinued?post=1361858"}],"curies":[{"name":"wp","href":"https:\/\/api.w.org\/{rel}","templated":true}]}}