{"id":1361850,"date":"2024-09-25T10:12:20","date_gmt":"2024-09-25T07:12:20","guid":{"rendered":"https:\/\/games.tactic.net\/tuote\/picasso-tiles-72-pc-ice-winter-theme-magnetic-tiles-set\/"},"modified":"2025-09-30T09:27:19","modified_gmt":"2025-09-30T06:27:19","slug":"picasso-tiles-72-pc-ice-winter-theme-magnetic-tiles-set","status":"publish","type":"product","link":"https:\/\/games.tactic.net\/da\/tuote\/picasso-tiles-72-pc-ice-winter-theme-magnetic-tiles-set\/","title":{"rendered":"PicassoTiles 72 pc Ice Winter Theme Magnetic Tiles set"},"content":{"rendered":"<p>Lad os tilf\u00f8je noget magnetisk kreativitet til legen! Med disse farverige og forskellige formede magnetiske byggeklodser kan du lade din fantasi flyve og bygge n\u00e6sten alt! Du kan bygge efter id\u00e9folderen, som f\u00f8lger med produktet eller bare lade det v\u00e6re op til din fantasi. PicassoTiles -magnetiske figurer er kompatible med hinanden, s\u00e5 jo flere byggeklodser du har, jo st\u00f8rre bygherre kan du blive! Alder 3+. <\/p>\n<p>FROSTY WONDERLAND: Magnetiske byggesten i vintertema. Disse gennemsigtige klodser tilbyder en fascinerende visuel oplevelse for b\u00f8rn. Hver klods har st\u00e6rke magneter, der sikrer stabile forbindelser under konstruktion. Fremstillet med kraftige magneter, er disse klodser designet til god leg. Et sk\u00f8nt begynders\u00e6t eller en udvidelse til din samling af magnetiske klodser, der medf\u00f8lger  2 charmerende figurer, 2 v\u00e6rkt\u00f8jer, 1 trappe, \u00e5bnbare vinduer og d\u00f8re.<\/p>\n<p>DREAM BIG &#038; BUILD BIG &#8211; Ingen begr\u00e6nsninger, skalerbart til at bygge s\u00e5 stort som \u00f8nsket ved at tilf\u00f8je flere dele for at skabe mesterv\u00e6rket.<\/p>\n<p>L\u00c6RING GENNEM LEG &#8211; Det er aldrig for tidligt at begynde at udvikle b\u00f8rns kreativitet. B\u00f8rn kan opn\u00e5 en st\u00e6rk fornemmelse for farver, geometriske former, t\u00e6lle tal, magnetiske polariteter, strukturel ingeni\u00f8rarbejde og 3D-arkitektonisk design i en tidlig alder.<\/p>\n<p>SAMMENSKABELSE GENNEM LEG &#8211; Underholdende for enkeltst\u00e5ende eller flere deltagere og med en f\u00f8lelse af f\u00e6lles pr\u00e6station. Velegnet til alle aldre (3+ og opad) <\/p>\n<p>UBESV\u00c6RET UNDERHOLDNING &#8211; Udvikler b\u00f8rns kreativitet og STEAM (Science, Technology, Engineering, and Math \/ videnskab, teknologi, ingeni\u00f8rkunst, kunst og matematik f\u00e6rdigheder.<br \/>\nSjovt og underholdende, perfekte uddannelsesgaver til b\u00f8rnehave b\u00f8rn og skoleb\u00f8rn, der aldrig g\u00e5r af mode.<\/p>\n<p>PicassoTiles&#8217; magnetiske klodser er fremstillet af ikke-giftig ABS-plastik, BPA-FRI &#038; IKKE-TOKSISK &#8211; B\u00f8rnesikkert og frit for bly.<\/p>\n<p>TERAPEUTISK &#8211; Befrier b\u00f8rnene fra elektroniske enheder og digitale sk\u00e6rme som f.eks. TV, spil, smartphones eller tablets, der kan v\u00e6re skadelige for b\u00f8rns syn.<\/p>\n","protected":false},"excerpt":{"rendered":"<p>PicassoTiles 72 dele Magnetisk Byggeklodss\u00e6t.<br \/>\nIs vinter tema.<\/p>\n<p>Sjov konstruktions leget\u00f8j for b\u00f8rn i alle aldre. <\/p>\n<p>DREAM BIG &#038; BUILD BIG &#8211; Ingen begr\u00e6nsninger, skalerbart til at bygge s\u00e5 stort som \u00f8nsket. Opfordrer til kreativitet.<br \/>\nSjovt at bygge alene eller flere sammen.<\/p>\n<p>BPA-FRI &#038; IKKE-TOKSISK &#8211; B\u00f8rnesikkert og frit for bly.<\/p>\n","protected":false},"featured_media":0,"template":"","meta":{"content-type":"","_monsterinsights_skip_tracking":false,"_monsterinsights_sitenote_active":false,"_monsterinsights_sitenote_note":"","_monsterinsights_sitenote_category":0},"product_brand":[],"product_cat":[2293],"product_tag":[],"brand":[],"target-group":[],"discontinued":[],"class_list":{"0":"post-1361850","1":"product","2":"type-product","3":"status-publish","5":"product_cat-picassotiles-legetoej","7":"first","8":"instock","9":"taxable","10":"shipping-taxable","11":"product-type-simple"},"aioseo_notices":[],"_links":{"self":[{"href":"https:\/\/games.tactic.net\/da\/wp-json\/wp\/v2\/product\/1361850","targetHints":{"allow":["GET"]}}],"collection":[{"href":"https:\/\/games.tactic.net\/da\/wp-json\/wp\/v2\/product"}],"about":[{"href":"https:\/\/games.tactic.net\/da\/wp-json\/wp\/v2\/types\/product"}],"wp:attachment":[{"href":"https:\/\/games.tactic.net\/da\/wp-json\/wp\/v2\/media?parent=1361850"}],"wp:term":[{"taxonomy":"product_brand","embeddable":true,"href":"https:\/\/games.tactic.net\/da\/wp-json\/wp\/v2\/product_brand?post=1361850"},{"taxonomy":"product_cat","embeddable":true,"href":"https:\/\/games.tactic.net\/da\/wp-json\/wp\/v2\/product_cat?post=1361850"},{"taxonomy":"product_tag","embeddable":true,"href":"https:\/\/games.tactic.net\/da\/wp-json\/wp\/v2\/product_tag?post=1361850"},{"taxonomy":"brand","embeddable":true,"href":"https:\/\/games.tactic.net\/da\/wp-json\/wp\/v2\/brand?post=1361850"},{"taxonomy":"target-group","embeddable":true,"href":"https:\/\/games.tactic.net\/da\/wp-json\/wp\/v2\/target-group?post=1361850"},{"taxonomy":"discontinued","embeddable":true,"href":"https:\/\/games.tactic.net\/da\/wp-json\/wp\/v2\/discontinued?post=1361850"}],"curies":[{"name":"wp","href":"https:\/\/api.w.org\/{rel}","templated":true}]}}