{"id":1361622,"date":"2024-09-20T11:10:03","date_gmt":"2024-09-20T08:10:03","guid":{"rendered":"https:\/\/games.tactic.net\/tuote\/bruder-man-tga-fire-engine-with-water-pump-ls-and-helmet-toy\/"},"modified":"2025-11-10T12:41:12","modified_gmt":"2025-11-10T10:41:12","slug":"bruder-man-tga-fire-engine-with-water-pump-ls-and-helmet-toy","status":"archive","type":"product","link":"https:\/\/games.tactic.net\/da\/tuote\/bruder-man-tga-fire-engine-with-water-pump-ls-and-helmet-toy\/","title":{"rendered":"Bruder MAN TGA Fire Engine with water pump, LS and helmet toy"},"content":{"rendered":"<p>Specials\u00e6t best\u00e5ende af et MAN TGA brandv\u00e6sen med drejeskivestige, lys- og lydmodul og legehjelm. OBS: Legehjelm &#8211; Dette leget\u00f8j yder ingen beskyttelse. Det vippelige f\u00f8rerhus p\u00e5 MAN-brandbilen med drejeskive-stige og vandpumpe giver mulighed for udsyn til motorblokken. F\u00f8rerkabinens spejle kan foldes ud og den integrerede vandtank kan fyldes. Vandslangen kan vikles op og har en fuldt funktionel vandspr\u00f8jte i enden. Drejeskivestigen inklusive redningsbur kan forl\u00e6nges og justeres i h\u00f8jden ved hj\u00e6lp af et h\u00e5ndhjul. Fire st\u00f8tteblokke giver et sikkert stativ. Lys- og lydmodulet Varenr.: 02801 med fire forskellige funktioner s\u00e5som politi sirene, motorst\u00f8j, politi og brandv\u00e6sen sirene med f\u00f8lger. Produktet har profild\u00e6k.<\/p>\n","protected":false},"excerpt":{"rendered":"<p>Bruder<\/p>\n","protected":false},"featured_media":0,"template":"","meta":{"content-type":"","_monsterinsights_skip_tracking":false,"_monsterinsights_sitenote_active":false,"_monsterinsights_sitenote_note":"","_monsterinsights_sitenote_category":0},"product_brand":[],"product_cat":[1498],"product_tag":[],"brand":[],"target-group":[],"discontinued":[],"class_list":{"0":"post-1361622","1":"product","2":"type-product","3":"status-archive","5":"product_cat-bruder-legetoej","7":"first","8":"instock","9":"taxable","10":"shipping-taxable","11":"product-type-simple"},"aioseo_notices":[],"_links":{"self":[{"href":"https:\/\/games.tactic.net\/da\/wp-json\/wp\/v2\/product\/1361622","targetHints":{"allow":["GET"]}}],"collection":[{"href":"https:\/\/games.tactic.net\/da\/wp-json\/wp\/v2\/product"}],"about":[{"href":"https:\/\/games.tactic.net\/da\/wp-json\/wp\/v2\/types\/product"}],"wp:attachment":[{"href":"https:\/\/games.tactic.net\/da\/wp-json\/wp\/v2\/media?parent=1361622"}],"wp:term":[{"taxonomy":"product_brand","embeddable":true,"href":"https:\/\/games.tactic.net\/da\/wp-json\/wp\/v2\/product_brand?post=1361622"},{"taxonomy":"product_cat","embeddable":true,"href":"https:\/\/games.tactic.net\/da\/wp-json\/wp\/v2\/product_cat?post=1361622"},{"taxonomy":"product_tag","embeddable":true,"href":"https:\/\/games.tactic.net\/da\/wp-json\/wp\/v2\/product_tag?post=1361622"},{"taxonomy":"brand","embeddable":true,"href":"https:\/\/games.tactic.net\/da\/wp-json\/wp\/v2\/brand?post=1361622"},{"taxonomy":"target-group","embeddable":true,"href":"https:\/\/games.tactic.net\/da\/wp-json\/wp\/v2\/target-group?post=1361622"},{"taxonomy":"discontinued","embeddable":true,"href":"https:\/\/games.tactic.net\/da\/wp-json\/wp\/v2\/discontinued?post=1361622"}],"curies":[{"name":"wp","href":"https:\/\/api.w.org\/{rel}","templated":true}]}}