{"id":1361600,"date":"2024-09-18T11:09:19","date_gmt":"2024-09-18T08:09:19","guid":{"rendered":"https:\/\/games.tactic.net\/tuote\/animal-circus\/"},"modified":"2024-09-19T10:21:05","modified_gmt":"2024-09-19T07:21:05","slug":"animal-circus","status":"publish","type":"product","link":"https:\/\/games.tactic.net\/da\/tuote\/animal-circus\/","title":{"rendered":"Animal Circus"},"content":{"rendered":"<p>\ud83c\udfaa Cirkusdyr ! Det nye spil til sm\u00e5 akrobater\ud83c\udfaa Er du klar til grin og sp\u00e6nding? I spillet Cirkusdyrene konkurrerer du mod dine venner om at blive showets stjerne ved at samle flest cirkusbrikker til dit telt. V\u00e6lg din favoritkarakter &#8211; m\u00e5ske den balancerende elefant eller den cyklende bj\u00f8rn? Men pas p\u00e5! Musen kan snuppe dine brikker, og dovendyret kan blokere din vej. Sp\u00e6ndingen stiger med hvert terningekast, og hurtige reaktioner er n\u00f8glen til sejr. Er du klar til at blive cirkussets st\u00f8rste stjerne? Lad spillet begynde! \ud83c\udfaa\u2728   <\/p>\n<p><img decoding=\"async\" src=\"https:\\\\\\\\games.tactic.net\\\\pic\\\\logo\\\\SE_2024_Arets-Barnspel_nominerad.png\"><\/p>\n","protected":false},"excerpt":{"rendered":"<p>\ud83c\udfaa Cirkusdyr ! Det nye spil til sm\u00e5 akrobater\ud83c\udfaa Er du klar til grin og sp\u00e6nding? I spillet Cirkusdyrene konkurrerer du mod dine venner om at blive showets stjerne ved at samle flest cirkusbrikker til dit telt. V\u00e6lg din favoritkarakter &#8211; m\u00e5ske den balancerende elefant eller den cyklende bj\u00f8rn? Men pas p\u00e5! Musen kan snuppe [&hellip;]<\/p>\n","protected":false},"featured_media":0,"template":"","meta":{"content-type":"","_monsterinsights_skip_tracking":false,"_monsterinsights_sitenote_active":false,"_monsterinsights_sitenote_note":"","_monsterinsights_sitenote_category":0},"product_brand":[],"product_cat":[1574],"product_tag":[1223,1229,1002,969],"brand":[],"target-group":[],"discontinued":[],"class_list":{"0":"post-1361600","1":"product","2":"type-product","3":"status-publish","5":"product_cat-boerne-braetspil","6":"product_tag-aktive-da","7":"product_tag-hastighed-da","8":"product_tag-held","9":"product_tag-tidsfordriv-2","11":"first","12":"instock","13":"taxable","14":"shipping-taxable","15":"product-type-simple"},"aioseo_notices":[],"_links":{"self":[{"href":"https:\/\/games.tactic.net\/da\/wp-json\/wp\/v2\/product\/1361600","targetHints":{"allow":["GET"]}}],"collection":[{"href":"https:\/\/games.tactic.net\/da\/wp-json\/wp\/v2\/product"}],"about":[{"href":"https:\/\/games.tactic.net\/da\/wp-json\/wp\/v2\/types\/product"}],"wp:attachment":[{"href":"https:\/\/games.tactic.net\/da\/wp-json\/wp\/v2\/media?parent=1361600"}],"wp:term":[{"taxonomy":"product_brand","embeddable":true,"href":"https:\/\/games.tactic.net\/da\/wp-json\/wp\/v2\/product_brand?post=1361600"},{"taxonomy":"product_cat","embeddable":true,"href":"https:\/\/games.tactic.net\/da\/wp-json\/wp\/v2\/product_cat?post=1361600"},{"taxonomy":"product_tag","embeddable":true,"href":"https:\/\/games.tactic.net\/da\/wp-json\/wp\/v2\/product_tag?post=1361600"},{"taxonomy":"brand","embeddable":true,"href":"https:\/\/games.tactic.net\/da\/wp-json\/wp\/v2\/brand?post=1361600"},{"taxonomy":"target-group","embeddable":true,"href":"https:\/\/games.tactic.net\/da\/wp-json\/wp\/v2\/target-group?post=1361600"},{"taxonomy":"discontinued","embeddable":true,"href":"https:\/\/games.tactic.net\/da\/wp-json\/wp\/v2\/discontinued?post=1361600"}],"curies":[{"name":"wp","href":"https:\/\/api.w.org\/{rel}","templated":true}]}}